{"id":115,"date":"2022-04-29T09:45:58","date_gmt":"2022-04-29T07:45:58","guid":{"rendered":"https:\/\/www.ify.fr\/tradition-evolution\/foire-aux-questions\/"},"modified":"2022-07-21T12:00:03","modified_gmt":"2022-07-21T10:00:03","slug":"foire-aux-questions","status":"publish","type":"page","link":"https:\/\/www.ify.fr\/tradition-evolution\/foire-aux-questions\/","title":{"rendered":"Foire aux questions"},"content":{"rendered":"\n<h2 id=\"pourquoi-existe-il-un-site-web-national-et-des-sites-web-regionaux\">Pourquoi existe-il un site web national et des sites web r\u00e9gionaux?<\/h2>\n\n\n\n<p><strong>Le&nbsp;site r\u00e9gional<\/strong>&nbsp;est le reflet de la vie locale, le lien entre les pratiquants et les enseignants, il renseigne sur les activit\u00e9s mises en place, les moyens pour int\u00e9grer les b\u00e9n\u00e9fices du yoga dans notre vie quotidienne. Il contient :<\/p>\n\n\n\n<ul><li>une pr\u00e9sentation du fonctionnement de l\u2019association locale, son historique, sa structure administrative,<\/li><li>les activit\u00e9s mises en place au plus pr\u00e8s de pratiquants et des enseignants,<\/li><li>des articles, r\u00e9flexions, pratiques en rapport avec le yoga dans ses applications de tous les jours.<\/li><\/ul>\n\n\n\n<p><strong>Le&nbsp;site national<\/strong>, qui est la f\u00e9d\u00e9ration des associations r\u00e9gionales, est porteur de l\u2019\u00e9thique de notre courant de yoga et des \u00e9v\u00e9nements qui concerne l\u2019ensemble des structures. A ce sujet, il pr\u00e9sente :<\/p>\n\n\n\n<ul><li>la structure g\u00e9n\u00e9rale de l\u2019Institut, la place des associations, des formateurs, le fonctionnement de l\u2019association,<\/li><li>la courant de yoga enseign\u00e9, son origine, son but et les moyens mis en place, le journal de l\u2019institut et les ouvrages de r\u00e9f\u00e9rence,<\/li><li>les activit\u00e9s propos\u00e9es dans le cadre de l\u2019association<br>la d\u00e9marche pour devenir enseignant de yoga, les formateurs agr\u00e9\u00e9s.<\/li><\/ul>\n","protected":false},"excerpt":{"rendered":"<p>Pourquoi existe-il un site web national et des sites web r\u00e9gionaux? Le&nbsp;site r\u00e9gional&nbsp;est le reflet de la vie locale, le [&hellip;]<\/p>\n","protected":false},"author":1,"featured_media":0,"parent":0,"menu_order":0,"comment_status":"open","ping_status":"open","template":"","meta":[],"acf":[],"_links":{"self":[{"href":"https:\/\/www.ify.fr\/tradition-evolution\/wp-json\/wp\/v2\/pages\/115"}],"collection":[{"href":"https:\/\/www.ify.fr\/tradition-evolution\/wp-json\/wp\/v2\/pages"}],"about":[{"href":"https:\/\/www.ify.fr\/tradition-evolution\/wp-json\/wp\/v2\/types\/page"}],"author":[{"embeddable":true,"href":"https:\/\/www.ify.fr\/tradition-evolution\/wp-json\/wp\/v2\/users\/1"}],"replies":[{"embeddable":true,"href":"https:\/\/www.ify.fr\/tradition-evolution\/wp-json\/wp\/v2\/comments?post=115"}],"version-history":[{"count":2,"href":"https:\/\/www.ify.fr\/tradition-evolution\/wp-json\/wp\/v2\/pages\/115\/revisions"}],"predecessor-version":[{"id":335,"href":"https:\/\/www.ify.fr\/tradition-evolution\/wp-json\/wp\/v2\/pages\/115\/revisions\/335"}],"wp:attachment":[{"href":"https:\/\/www.ify.fr\/tradition-evolution\/wp-json\/wp\/v2\/media?parent=115"}],"curies":[{"name":"wp","href":"https:\/\/api.w.org\/{rel}","templated":true}]}}