{"id":42,"date":"2022-06-15T14:09:37","date_gmt":"2022-06-15T12:09:37","guid":{"rendered":"https:\/\/www.ify.fr\/sud\/bureau-et-ca\/"},"modified":"2025-06-24T14:10:51","modified_gmt":"2025-06-24T12:10:51","slug":"bureau-et-ca","status":"publish","type":"page","link":"https:\/\/www.ify.fr\/sud\/bureau-et-ca\/","title":{"rendered":"Bureau et CA"},"content":{"rendered":"\n<p>Le bureau d&rsquo;IFYSUD: Martinez Virginie, Pr\u00e9sidente &#8211; Bani Patricia, vice-pr\u00e9sidente &#8211; Longlade Maryse, tr\u00e9sori\u00e8re &#8211; Soffer Danielle, secr\u00e9taire <\/p>\n\n\n\n<p><\/p>\n","protected":false},"excerpt":{"rendered":"<p>Le bureau d&rsquo;IFYSUD: Martinez Virginie, Pr\u00e9sidente &#8211; Bani Patricia, vice-pr\u00e9sidente &#8211; Longlade Maryse, tr\u00e9sori\u00e8re &#8211; Soffer Danielle, secr\u00e9taire<\/p>\n","protected":false},"author":1,"featured_media":0,"parent":0,"menu_order":0,"comment_status":"open","ping_status":"open","template":"","meta":[],"acf":[],"_links":{"self":[{"href":"https:\/\/www.ify.fr\/sud\/wp-json\/wp\/v2\/pages\/42"}],"collection":[{"href":"https:\/\/www.ify.fr\/sud\/wp-json\/wp\/v2\/pages"}],"about":[{"href":"https:\/\/www.ify.fr\/sud\/wp-json\/wp\/v2\/types\/page"}],"author":[{"embeddable":true,"href":"https:\/\/www.ify.fr\/sud\/wp-json\/wp\/v2\/users\/1"}],"replies":[{"embeddable":true,"href":"https:\/\/www.ify.fr\/sud\/wp-json\/wp\/v2\/comments?post=42"}],"version-history":[{"count":2,"href":"https:\/\/www.ify.fr\/sud\/wp-json\/wp\/v2\/pages\/42\/revisions"}],"predecessor-version":[{"id":928,"href":"https:\/\/www.ify.fr\/sud\/wp-json\/wp\/v2\/pages\/42\/revisions\/928"}],"wp:attachment":[{"href":"https:\/\/www.ify.fr\/sud\/wp-json\/wp\/v2\/media?parent=42"}],"curies":[{"name":"wp","href":"https:\/\/api.w.org\/{rel}","templated":true}]}}