{"id":39,"date":"2022-06-15T13:58:54","date_gmt":"2022-06-15T11:58:54","guid":{"rendered":"https:\/\/www.ify.fr\/sud\/le-yoga-enseigne\/"},"modified":"2022-06-28T10:53:39","modified_gmt":"2022-06-28T08:53:39","slug":"le-yoga-enseigne","status":"publish","type":"page","link":"https:\/\/www.ify.fr\/sud\/le-yoga-enseigne\/","title":{"rendered":"Le yoga enseign\u00e9"},"content":{"rendered":"\n<p><strong>&nbsp;Au commencement \u00e9tait le verbe[1]\u00bb<\/strong><\/p>\n\n\n\n<p><strong>Les&nbsp;<em>Yoga Sutra<\/em>&nbsp;ont travers\u00e9 les \u00e2ges, les terres, les modes pour nous parvenir codifi\u00e9s sous forme de recueil de 195 aphorismes r\u00e9partis sur quatre chapitres. Attribu\u00e9s \u00e0 Patanjali qui a synth\u00e9tis\u00e9 toutes les approches du yoga qui \u00e9mergeaient \u00e0 l\u2019\u00e9poque, les&nbsp;<em>Yoga Sutra<\/em>&nbsp;auraient \u00e9t\u00e9 r\u00e9dig\u00e9s entre 200 av. J-C et 500 apr. J-C. Pour autant, nous savons peu de choses sur l\u2019auteur lui-m\u00eame et la transcription des sutra bien que de nombreuses l\u00e9gendes aient tent\u00e9 d\u2019\u00e9claircir le myst\u00e8re. Parmi tous ces mythes, remontons la nuit des temps, tentons de suivre le fil jusqu\u2019\u00e0 la source des Yoga-Sutra.<\/strong><\/p>\n\n\n\n<figure class=\"wp-block-image size-full\"><img loading=\"lazy\" width=\"150\" height=\"150\" src=\"https:\/\/www.ify.fr\/sud\/wp-content\/uploads\/sites\/12\/2022\/06\/280px-Yogasutra_with_Patanjalis_bhasya_Sanskrit_Devanagari_script_random_sample_pages_f1v_f2r_f3v-150x150-1.jpg\" alt=\"\" class=\"wp-image-138\"\/><\/figure>\n\n\n\n<p><em>Pages d\u2019un manuscrit Yoga-Sutra du XVIII\u00e8me si\u00e8cle (sanskrit, devanagari). Les s\u016btra sont mis en \u00e9vidence et sont inclus \u00e0 l\u2019int\u00e9rieur des commentaires (bh\u0101\u1e63ya). Archiv\u00e9 et conserv\u00e9 \u00e0 l\u2019Universit\u00e9 de Pennsylvanie<\/em><\/p>\n\n\n\n<ul><li><strong>Au commencement[2]<\/strong><\/li><\/ul>\n\n\n\n<p>La Trinit\u00e9 hindoue ou&nbsp;<em>Trimurti<\/em>&nbsp;se compose de Brahma, Vishnu et Shiva qui repr\u00e9sentent respectivement la Cr\u00e9ation, la Conservation et la Destruction.<\/p>\n\n\n\n<p>A l\u2019origine, le dieu Vishnu repose sur un serpent \u00e0 mille t\u00eates&nbsp;<em>Ananta<\/em>&nbsp;(aussi nomm\u00e9&nbsp;<em>Sesha<\/em>) qui porte le monde,&nbsp;<em>Prithivi<\/em>&nbsp;sur un oc\u00e9an de lait. Dans son sommeil, Vishnu \u00e9labore le monde \u00e0 venir, pr\u00e9pare un nouveau cycle de vie. A son r\u00e9veil, un lotus \u00e9merge de son nombril portant Brahma, dieu \u00e0 qui incombe la t\u00e2che de cr\u00e9er l\u2019univers con\u00e7u par Vishnu.<\/p>\n\n\n\n<p>Au sud de l\u2019Inde, dans la r\u00e9gion du Tamil Nadu se trouve le temple de Chidambaram dans lequel danse le troisi\u00e8me dieu, Shiva. Par sa danse cosmique&nbsp;<em>Tandava<\/em>, le dieu aux cheveux hirsutes rythme la cr\u00e9ation et la destruction de l\u2019univers dans un processus sans fin.<\/p>\n\n\n\n<figure class=\"wp-block-image size-full\"><img loading=\"lazy\" width=\"150\" height=\"150\" src=\"https:\/\/www.ify.fr\/sud\/wp-content\/uploads\/sites\/12\/2022\/06\/Brahma_Vishnu_Mahesh-150x150-1.jpg\" alt=\"\" class=\"wp-image-139\"\/><\/figure>\n\n\n\n<p><em>Shiva, Vishnu et Brahma, de l\u2019histoire des sages Markandeya et Bhavana, vers 1850-1900&nbsp;aquarelle opaque sur tissu. Inde, Andhra Pradesh&nbsp;<\/em><\/p>\n\n\n\n<ul><li><strong>D\u2019Ananta \u00e0 Patanjali<\/strong><\/li><\/ul>\n\n\n\n<p>Vishnu est soudainement devenu pesant pour<em>&nbsp;Ananta<\/em><strong><u>,<\/u><\/strong>&nbsp;qui le questionne&nbsp;:&nbsp;\u00ab&nbsp;Pourquoi \u00eates-vous devenu si lourd&nbsp;?&nbsp;\u00bb. Vishnu explique qu\u2019il est lourd de joie car il a vu danser Shiva. Ananta \u00e9voque alors son envie d\u2019assister lui aussi \u00e0 la danse du dieu. Vishnu accepte mais pose trois conditions. Il lui faudra&nbsp;:<\/p>\n\n\n\n<p>\u2013 enseigner la grammaire aux hommes qui souffrent sur terre par manque de communication et pour cela s\u2019appuyer sur le trait\u00e9 le plus ancien&nbsp;:&nbsp;<em><u>l\u2019ast\u00e2dhy\u00e2yi<\/u><\/em>&nbsp;de P\u00e2nini[3]&nbsp;. C\u2019est dans ce trait\u00e9 que P\u00e2nini affirme&nbsp;: \u00ab&nbsp;<em>Cela qui unit est appel\u00e9 Yoga<\/em>&nbsp;\u00bb. Il d\u00e9finit le mot de trois fa\u00e7ons&nbsp;: union&nbsp;<em>samyoga&nbsp;<\/em>; coh\u00e9rence,&nbsp;<em>samyama&nbsp;<\/em>; unification de l\u2019individu avec la conscience universelle,&nbsp;<em>sam\u00e2dhi<\/em>.<\/p>\n\n\n\n<p>-enseigner aux hommes qui souffrent car ils ne savent pas prendre soin de leur nature sensible<em>&nbsp;Prakriti<\/em>, l\u2019Ayurveda, le plus ancien trait\u00e9 de m\u00e9decine au monde.<\/p>\n\n\n\n<p>\u2013 enseigner le Yoga-sutra aux hommes qui souffrent car ils ne savent pas \u00eatre libres.<\/p>\n\n\n\n<p>Ananta descend sur Terre o\u00f9 les hommes en souffrance sont \u00e0 genoux, les mains jointes en&nbsp;<em>Anjali.&nbsp;<\/em>Ananta tombe \u00ab&nbsp;<em>pat<\/em>&nbsp;\u00bb dans ces mains suppliantes. De l\u00e0 viendra son nom&nbsp;:&nbsp;<em>Patanjali.<\/em><\/p>\n\n\n\n<figure class=\"wp-block-image size-full\"><img loading=\"lazy\" width=\"150\" height=\"150\" src=\"https:\/\/www.ify.fr\/sud\/wp-content\/uploads\/sites\/12\/2022\/06\/Patanjali-150x150-1.jpg\" alt=\"\" class=\"wp-image-140\"\/><\/figure>\n\n\n\n<ul><li><strong>De la pers\u00e9v\u00e9rance<\/strong><\/li><\/ul>\n\n\n\n<p>Les deux premi\u00e8res missions ne posent pas de probl\u00e8me \u00e0 Patanjali. Il en va tout autrement des Yoga-sutra qui demandent un enseignement individualis\u00e9. Or il n\u2019a qu\u2019une t\u00eate\u2026et mille \u00e9l\u00e8ves&nbsp;! Il va donc d\u00e9multiplier sa t\u00eate en fonction du nombre d\u2019\u00e9l\u00e8ves et devient \u00ab&nbsp;Patanjali aux mille t\u00eates&nbsp;\u00bb.<\/p>\n\n\n\n<p>L\u2019\u00e9tude des Yoga-Sutra est aussi puissante que le venin d\u2019un serpent car dans sa dispense, elle peut \u00e9lever l\u2019apprenant, le faire grandir, le lib\u00e9rer\u2026ou le d\u00e9truire&nbsp;! Afin de ne pas \u00e9craser ses \u00e9l\u00e8ves par la puissance de cet enseignement, Patanjali installe une toile -imaginez une immense toile de lin \u2013 entre lui et les disciples. Il leur interdit de soulever cette toile ou de sortir durant la transmission des Yoga-Sutra afin que son pr\u00e9cepte puisse aboutir. Or,&nbsp;<em>Bhagiratha<\/em>, un \u00e9l\u00e8ve sort et parmi les neuf cent quatre-vingt-dix-neuf restants, un autre soul\u00e8ve l\u2019\u00e9cran de toile. Ils sont tous r\u00e9duits en cendres&nbsp;!<\/p>\n\n\n\n<p>Patanjali est d\u00e9sesp\u00e9r\u00e9 car c\u2019est \u00e0 ce prix qu\u2019il devait voir danser Shiva.&nbsp;<em>Bhagiratha<\/em>&nbsp;revient. D\u00e9sormais seul \u00e0 pouvoir recevoir l\u2019enseignement, il doit aussi \u00eatre p\u00e9nalis\u00e9 car il a enfreint la r\u00e8gle. Il devra rester sous un arbre en \u00e9quilibre sur une jambe, \u00ab&nbsp;<em>vrksana<\/em>&nbsp;\u00bb et attendre de pouvoir transmettre \u00e0 son tour l\u2019int\u00e9gralit\u00e9 des Yoga-sutra. Durant sept ans, il ne peut atteindre son objectif. Puis, un \u00e9l\u00e8ve se pr\u00e9sente et&nbsp;<em>Bhagiratha<\/em>&nbsp;parvient enfin \u00e0 enseigner les Yoga-sutra dans leur totalit\u00e9. Le disciple se m\u00e9tamorphose&nbsp;: il s\u2019agissait de Patanjali en personne qui en usant de ce stratag\u00e8me a pu b\u00e9n\u00e9ficier de l\u2019enseignement des Yoga-sutra.&nbsp;<em>Bhagirath<\/em>a est d\u00e9livr\u00e9 de sa punition, Patanjali se rend au temple de Chidambaram voir danser Shiva. Combl\u00e9 de joie, il remonte porter Vishnu en redevenant&nbsp;<em>Ananta<\/em>&nbsp;le serpent.<\/p>\n\n\n\n<ul><li>&nbsp;\u00ab&nbsp;<strong>Chanter n\u2019est pas dire[4]&nbsp;\u00bb<\/strong><\/li><\/ul>\n\n\n\n<p>A l\u2019origine, les Yoga-Sutra appris par coeur \u00e9taient r\u00e9cit\u00e9s, chant\u00e9s car son et effets physiologiques sont li\u00e9s. Chanter donne vie aux mots&nbsp;: \u00ab&nbsp;l\u2019\u00e9motion g\u00e9n\u00e9r\u00e9e est de l\u2019ordre de celle qui rapproche l\u2019invisible du visible et vice versa&nbsp;[5]\u00bb.<\/p>\n\n\n\n<p>Dans son ouvrage&nbsp;<em><u>Yoga-Sutra de Patanjali<\/u><\/em>, livret de chant, Martin Neal offre \u00e0 notre lecture la pri\u00e8re de Patanjali et le CD joint (n\u00b02) invite \u00e0 chanter \u00e0 sa suite pour invoquer l\u2019auteur des Yoga-Sutra.<\/p>\n\n\n\n<p>\u00ab&nbsp;<em>Yogena cittasya padena v\u00e2c\u00e2m<\/em><\/p>\n\n\n\n<p><em>Malam sar\u00eerasya ca vaidyakena&nbsp;<strong>I<\/strong><\/em><\/p>\n\n\n\n<p><em>Yop\u00e2karottam pravaram mun\u00een\u00e2m<\/em><\/p>\n\n\n\n<p><em>Patanjalim pr\u00e2njali r\u00e2nato\u2019smi&nbsp;<strong>II<\/strong><\/em><\/p>\n\n\n\n<p><em>\u00c2b\u00e2hu purus\u00e2k\u00e2ram sankhacakr\u00e2sidh\u00e2rinam&nbsp;<strong>I<\/strong><\/em><\/p>\n\n\n\n<p><em>Sahasra sirasam svetam pranam\u00e2mi patanjalim&nbsp;<strong>II<\/strong><\/em><\/p>\n\n\n\n<p><em>Srimate anant\u00e2ya n\u00e2gar\u00e2j\u00e2ya namo namah<\/em>&nbsp;<strong>II<\/strong>&nbsp;\u00bb<\/p>\n\n\n\n<p><strong>Cette l\u00e9gende met en lumi\u00e8re l\u2019apport et le but des Yoga-Sutra&nbsp;: par la puissance de la parole et de sa valeur sonore, par l\u2019\u00e9tude pers\u00e9v\u00e9rante de celle-ci, il s\u2019agit de mettre fin \u00e0 la souffrance \u00ab&nbsp;<em>dukkha<\/em>&nbsp;\u00bb afin d\u2019acc\u00e9der \u00e0 la lib\u00e9ration \u00ab&nbsp;<em>moksha<\/em>&nbsp;\u00bb. Devenir un \u00ab&nbsp;<em>Jivan Mukta<\/em>&nbsp;\u00bb, un \u00e9veill\u00e9 vivant.<\/strong><\/p>\n\n\n\n<p><strong><em>H<\/em><em>\u00e9l\u00e8ne P<\/em><\/strong>.<\/p>\n\n\n\n<p>[1]&nbsp;Verset 1 Prologue Evangile selon Jean (Nouveau Testament)<\/p>\n\n\n\n<p>[2]Transcription d\u2019une l\u00e9gende transmise par S. Ermeneux formatrice IFY<\/p>\n\n\n\n<p>[3]&nbsp;IV\u00e8me si\u00e8cle avant notre \u00e8re<\/p>\n\n\n\n<p>[4]&nbsp;<em>Yoga-Sutra de Patanjali<\/em>, M. Neal<\/p>\n\n\n\n<p>[5]&nbsp;ibid<\/p>\n","protected":false},"excerpt":{"rendered":"<p>&nbsp;Au commencement \u00e9tait le verbe[1]\u00bb Les&nbsp;Yoga Sutra&nbsp;ont travers\u00e9 les \u00e2ges, les terres, les modes pour nous parvenir codifi\u00e9s sous forme [&hellip;]<\/p>\n","protected":false},"author":1,"featured_media":0,"parent":0,"menu_order":0,"comment_status":"open","ping_status":"open","template":"","meta":[],"acf":[],"_links":{"self":[{"href":"https:\/\/www.ify.fr\/sud\/wp-json\/wp\/v2\/pages\/39"}],"collection":[{"href":"https:\/\/www.ify.fr\/sud\/wp-json\/wp\/v2\/pages"}],"about":[{"href":"https:\/\/www.ify.fr\/sud\/wp-json\/wp\/v2\/types\/page"}],"author":[{"embeddable":true,"href":"https:\/\/www.ify.fr\/sud\/wp-json\/wp\/v2\/users\/1"}],"replies":[{"embeddable":true,"href":"https:\/\/www.ify.fr\/sud\/wp-json\/wp\/v2\/comments?post=39"}],"version-history":[{"count":2,"href":"https:\/\/www.ify.fr\/sud\/wp-json\/wp\/v2\/pages\/39\/revisions"}],"predecessor-version":[{"id":141,"href":"https:\/\/www.ify.fr\/sud\/wp-json\/wp\/v2\/pages\/39\/revisions\/141"}],"wp:attachment":[{"href":"https:\/\/www.ify.fr\/sud\/wp-json\/wp\/v2\/media?parent=39"}],"curies":[{"name":"wp","href":"https:\/\/api.w.org\/{rel}","templated":true}]}}