{"id":30,"date":"2022-05-02T07:52:14","date_gmt":"2022-05-02T05:52:14","guid":{"rendered":"https:\/\/www.ify.fr\/sud\/linstitut-francais-du-yoga-sud\/"},"modified":"2025-06-24T14:12:15","modified_gmt":"2025-06-24T12:12:15","slug":"linstitut-francais-du-yoga-sud","status":"publish","type":"page","link":"https:\/\/www.ify.fr\/sud\/","title":{"rendered":"Accueil"},"content":{"rendered":"\n<div class=\"wp-block-cover alignfull is-light has-parallax\" style=\"background-image:url(https:\/\/www.ify.fr\/sud\/wp-content\/uploads\/sites\/12\/2022\/07\/jose-vazquez-UUf5nxhEhAs-unsplash.jpg)\"><span aria-hidden=\"true\" class=\"has-background-dim-0 wp-block-cover__gradient-background has-background-dim\"><\/span><div class=\"wp-block-cover__inner-container\">\n<p class=\"has-text-align-center has-large-font-size\"><\/p>\n<\/div><\/div>\n\n\n\n<section class=\"wp-container-69e184ee4e41b wp-block-group\"><div class=\"wp-block-group__inner-container\">\n<div class=\"wp-block-columns are-vertically-aligned-center\">\n<div class=\"wp-block-column is-vertically-aligned-center\" style=\"flex-basis:38%\">\n<h1 id=\"bienvenue-a-l-institut-francais-du-yoga-sud\">Bienvenue \u00e0 l\u2019Institut Fran\u00e7ais du Yoga Sud<\/h1>\n\n\n\n<p>IFY SUD regroupe plus de <strong>500 adh\u00e9rents<\/strong>, r\u00e9partis entre <strong>professeurs<\/strong>, <strong>\u00e9l\u00e8ves<\/strong> et <strong>membres actifs<\/strong>.<\/p>\n\n\n\n<p>L\u2019association est membre de la f\u00e9d\u00e9ration <a href=\"https:\/\/www.ify.fr\/\">Institut Fran\u00e7ais de Yoga<\/a>, membre de l\u2019Union europ\u00e9enne de Yoga.<\/p>\n<\/div>\n\n\n\n<div class=\"wp-block-column is-vertically-aligned-center\">\n<div class=\"wp-block-group encart-citation\"><div class=\"wp-block-group__inner-container\">\n<p class=\"has-text-align-center\">D\u00e9velopper et promouvoir l\u2019\u00e9tude, la compr\u00e9hension et la pratique du Yoga<\/p>\n<\/div><\/div>\n\n\n\n<div class=\"wp-container-69e184ee4e042 wp-block-buttons btn_cta\">\n<div class=\"wp-block-button\"><a class=\"wp-block-button__link has-couleur-2-background-color has-background\" href=\"https:\/\/www.ify.fr\/sud\/trouver-un-cours\/\">Trouver un cours<\/a><\/div>\n\n\n\n<div class=\"wp-block-button\"><a class=\"wp-block-button__link has-couleur-1-background-color has-background\" href=\"https:\/\/www.ify.fr\/sud\/trouver-un-professeur\/\">Trouver un professeur<\/a><\/div>\n\n\n\n<div class=\"wp-block-button\"><a class=\"wp-block-button__link has-couleur-3-background-color has-background\" href=\"https:\/\/www.ify.fr\/sud\/trouver-un-stage\/\">Trouver un stage<\/a><\/div>\n<\/div>\n<\/div>\n<\/div>\n<\/div><\/section>\n\n\n\n<section class=\"wp-container-69e184ee552df wp-block-group has-bg-2-background-color has-background\"><div class=\"wp-block-group__inner-container\">\n<h2 class=\"has-text-align-center has-couleur-1-color has-text-color\" id=\"les-dernieres-actualites-de-l-ify-sud\">Les derni\u00e8res actualit\u00e9s de L\u2019IFY Sud<\/h2>\n\n\n\n<div class=\"wp-container-69e184ee54b3a wp-block-query\"><ul class=\"wp-container-69e184ee54774 is-flex-container columns-3 diaporama-mob wp-block-post-template\"><li class=\"wp-block-post post-960 actualite type-actualite status-publish has-post-thumbnail hentry actualite-categorie-le-yoga-au-quotidien\">\n<figure class=\"wp-container-69e184ee50f62 alignwide wp-block-post-featured-image\"><a href=\"https:\/\/www.ify.fr\/sud\/actualite\/le-dharma-ou-le-but-de-la-vie\/\"><img width=\"1280\" height=\"634\" src=\"https:\/\/www.ify.fr\/sud\/wp-content\/uploads\/sites\/12\/2025\/12\/xdqtg5ie.png\" class=\"attachment-post-thumbnail size-post-thumbnail wp-post-image\" alt=\"\" loading=\"lazy\" srcset=\"https:\/\/www.ify.fr\/sud\/wp-content\/uploads\/sites\/12\/2025\/12\/xdqtg5ie.png 1280w, https:\/\/www.ify.fr\/sud\/wp-content\/uploads\/sites\/12\/2025\/12\/xdqtg5ie-300x149.png 300w, https:\/\/www.ify.fr\/sud\/wp-content\/uploads\/sites\/12\/2025\/12\/xdqtg5ie-1024x507.png 1024w, https:\/\/www.ify.fr\/sud\/wp-content\/uploads\/sites\/12\/2025\/12\/xdqtg5ie-768x380.png 768w\" sizes=\"(max-width: 1280px) 100vw, 1280px\" \/><\/a><\/figure>\n\n<div class=\"taxonomy-actualite-categorie wp-block-post-terms\"><a href=\"https:\/\/www.ify.fr\/sud\/actualite-categorie\/le-yoga-au-quotidien\/\" rel=\"tag\">Le yoga au quotidien<\/a><\/div>\n\n<h2 class=\"wp-block-post-title\"><a href=\"https:\/\/www.ify.fr\/sud\/actualite\/le-dharma-ou-le-but-de-la-vie\/\" target=\"_self\" rel=\"\">LE DHARMA OU LE BUT DE LA VIE<\/a><\/h2>\n\n<div class=\"wp-block-post-excerpt\"><p class=\"wp-block-post-excerpt__excerpt\">Parmi les notions les plus fondamentales de la pens\u00e9e indienne, le Dharma occupe une place centrale. Souvent transcrit D-H-A-R-M-A pour [&hellip;]<\/p><p class=\"wp-block-post-excerpt__more-text\"><a class=\"wp-block-post-excerpt__more-link\" href=\"https:\/\/www.ify.fr\/sud\/actualite\/le-dharma-ou-le-but-de-la-vie\/\">Lire l&rsquo;article<\/a><\/p><\/div>\n<\/li><li class=\"wp-block-post post-936 actualite type-actualite status-publish has-post-thumbnail hentry actualite-categorie-le-yoga-au-quotidien\">\n<figure class=\"wp-container-69e184ee52595 alignwide wp-block-post-featured-image\"><a href=\"https:\/\/www.ify.fr\/sud\/actualite\/la-legende-du-souffle-eternel\/\"><img width=\"800\" height=\"663\" src=\"https:\/\/www.ify.fr\/sud\/wp-content\/uploads\/sites\/12\/2025\/08\/dia-de-la-yoga-yoga-infographic-con-los-pajaros-que-vuelan-diseno-las-plantillas-para-el-centro-del-balneario-o-el-estudio-de-65954040.webp\" class=\"attachment-post-thumbnail size-post-thumbnail wp-post-image\" alt=\"\" loading=\"lazy\" srcset=\"https:\/\/www.ify.fr\/sud\/wp-content\/uploads\/sites\/12\/2025\/08\/dia-de-la-yoga-yoga-infographic-con-los-pajaros-que-vuelan-diseno-las-plantillas-para-el-centro-del-balneario-o-el-estudio-de-65954040.webp 800w, https:\/\/www.ify.fr\/sud\/wp-content\/uploads\/sites\/12\/2025\/08\/dia-de-la-yoga-yoga-infographic-con-los-pajaros-que-vuelan-diseno-las-plantillas-para-el-centro-del-balneario-o-el-estudio-de-65954040-300x249.webp 300w, https:\/\/www.ify.fr\/sud\/wp-content\/uploads\/sites\/12\/2025\/08\/dia-de-la-yoga-yoga-infographic-con-los-pajaros-que-vuelan-diseno-las-plantillas-para-el-centro-del-balneario-o-el-estudio-de-65954040-768x636.webp 768w\" sizes=\"(max-width: 800px) 100vw, 800px\" \/><\/a><\/figure>\n\n<div class=\"taxonomy-actualite-categorie wp-block-post-terms\"><a href=\"https:\/\/www.ify.fr\/sud\/actualite-categorie\/le-yoga-au-quotidien\/\" rel=\"tag\">Le yoga au quotidien<\/a><\/div>\n\n<h2 class=\"wp-block-post-title\"><a href=\"https:\/\/www.ify.fr\/sud\/actualite\/la-legende-du-souffle-eternel\/\" target=\"_self\" rel=\"\">La l\u00e9gende du souffle \u00e9ternel<\/a><\/h2>\n\n<div class=\"wp-block-post-excerpt\"><p class=\"wp-block-post-excerpt__excerpt\">Apr\u00e8s une pause r\u00e9g\u00e9n\u00e9rante, une nouvelle saison de yoga s&rsquo;ouvre \u00e0 nous. Que vous soyez d\u00e9butant ou pratiquant confirm\u00e9, cette [&hellip;]<\/p><p class=\"wp-block-post-excerpt__more-text\"><a class=\"wp-block-post-excerpt__more-link\" href=\"https:\/\/www.ify.fr\/sud\/actualite\/la-legende-du-souffle-eternel\/\">Lire l&rsquo;article<\/a><\/p><\/div>\n<\/li><li class=\"wp-block-post post-917 actualite type-actualite status-publish has-post-thumbnail hentry\">\n<figure class=\"wp-container-69e184ee542c2 alignwide wp-block-post-featured-image\"><a href=\"https:\/\/www.ify.fr\/sud\/actualite\/a-la-rencontre-de-t-k-v-desikachar\/\"><img width=\"2560\" height=\"1920\" src=\"https:\/\/www.ify.fr\/sud\/wp-content\/uploads\/sites\/12\/2025\/06\/IMG_20250609_062856_resized_20250624_1134594361-scaled.jpg\" class=\"attachment-post-thumbnail size-post-thumbnail wp-post-image\" alt=\"\" loading=\"lazy\" srcset=\"https:\/\/www.ify.fr\/sud\/wp-content\/uploads\/sites\/12\/2025\/06\/IMG_20250609_062856_resized_20250624_1134594361-scaled.jpg 2560w, https:\/\/www.ify.fr\/sud\/wp-content\/uploads\/sites\/12\/2025\/06\/IMG_20250609_062856_resized_20250624_1134594361-300x225.jpg 300w, https:\/\/www.ify.fr\/sud\/wp-content\/uploads\/sites\/12\/2025\/06\/IMG_20250609_062856_resized_20250624_1134594361-1024x768.jpg 1024w, https:\/\/www.ify.fr\/sud\/wp-content\/uploads\/sites\/12\/2025\/06\/IMG_20250609_062856_resized_20250624_1134594361-768x576.jpg 768w, https:\/\/www.ify.fr\/sud\/wp-content\/uploads\/sites\/12\/2025\/06\/IMG_20250609_062856_resized_20250624_1134594361-1536x1152.jpg 1536w, https:\/\/www.ify.fr\/sud\/wp-content\/uploads\/sites\/12\/2025\/06\/IMG_20250609_062856_resized_20250624_1134594361-2048x1536.jpg 2048w\" sizes=\"(max-width: 2560px) 100vw, 2560px\" \/><\/a><\/figure>\n\n\n\n<h2 class=\"wp-block-post-title\"><a href=\"https:\/\/www.ify.fr\/sud\/actualite\/a-la-rencontre-de-t-k-v-desikachar\/\" target=\"_self\" rel=\"\">A LA RENCONTRE DE T.K.V.  DESIKACHAR&#8230;<\/a><\/h2>\n\n<div class=\"wp-block-post-excerpt\"><p class=\"wp-block-post-excerpt__excerpt\">Les 12\u00e8mes rencontres nationales de l\u2019IFY Tous les deux ans, l\u2019Institut Fran\u00e7ais de Yoga organise les Rencontres nationales de l\u2019IFY. [&hellip;]<\/p><p class=\"wp-block-post-excerpt__more-text\"><a class=\"wp-block-post-excerpt__more-link\" href=\"https:\/\/www.ify.fr\/sud\/actualite\/a-la-rencontre-de-t-k-v-desikachar\/\">Lire l&rsquo;article<\/a><\/p><\/div>\n<\/li><\/ul><\/div>\n\n\n\n<div class=\"wp-container-69e184ee54f21 wp-block-buttons\">\n<div class=\"wp-block-button\"><a class=\"wp-block-button__link has-couleur-1-background-color has-background\" href=\"\/sud\/actualite\/\">Voir toutes les actus<\/a><\/div>\n<\/div>\n<\/div><\/section>\n\n\n\n<section class=\"wp-container-69e184ee5575d wp-block-group\"><div class=\"wp-block-group__inner-container\">\n<div class=\"wp-block-media-text is-stacked-on-mobile is-image-fill\"><figure class=\"wp-block-media-text__media\" style=\"background-image:url(https:\/\/www.ify.fr\/sud\/wp-content\/uploads\/sites\/12\/2022\/07\/conscious-design-893qZckG6I4-unsplash-1024x681-1.jpg);background-position:50% 50%\"><img loading=\"lazy\" width=\"1024\" height=\"681\" src=\"https:\/\/www.ify.fr\/sud\/wp-content\/uploads\/sites\/12\/2022\/07\/conscious-design-893qZckG6I4-unsplash-1024x681-1.jpg\" alt=\"\" class=\"wp-image-266 size-full\" srcset=\"https:\/\/www.ify.fr\/sud\/wp-content\/uploads\/sites\/12\/2022\/07\/conscious-design-893qZckG6I4-unsplash-1024x681-1.jpg 1024w, https:\/\/www.ify.fr\/sud\/wp-content\/uploads\/sites\/12\/2022\/07\/conscious-design-893qZckG6I4-unsplash-1024x681-1-300x200.jpg 300w, https:\/\/www.ify.fr\/sud\/wp-content\/uploads\/sites\/12\/2022\/07\/conscious-design-893qZckG6I4-unsplash-1024x681-1-768x511.jpg 768w\" sizes=\"(max-width: 1024px) 100vw, 1024px\" \/><\/figure><div class=\"wp-block-media-text__content\">\n<h2 id=\"qu-est-ce-que-l-ify-sud\">Qu&rsquo;est ce que l\u2019IFY Sud ?<\/h2>\n\n\n\n<p><strong>IFY SUD<\/strong> est une association r\u00e9gie par la loi de 1901.<\/p>\n\n\n\n<p>Cr\u00e9\u00e9e en juin 2018, son si\u00e8ge est \u00e0 Marseille.<\/p>\n\n\n\n<p>Un journal accompagne <strong>IFY SUD<\/strong>&nbsp;<em>: Les Mots du Yoga.<\/em><\/p>\n\n\n\n<p>Le premier num\u00e9ro sera consacr\u00e9 \u00e0 l\u2019ACTION pour tous, principalement dans ses applications quotidiennes.<\/p>\n\n\n\n<p>De nombreuses rubriques se retrouveront au fil des parutions&nbsp;: <em>t\u00e9moignages, lieux d\u2019\u00e9motion, s\u00e9ances de yoga, critiques de livres et de films aim\u00e9s, recettes, activit\u00e9s multiples propos\u00e9es par les commissions, courrier des lecteurs, annonces diverses.<\/em><\/p>\n\n\n\n<p>Contactez-nous : <a href=\"mailto:yoga.ifysud@gmail.com\">yoga.ifysud@gmail.com<\/a><\/p>\n\n\n\n<p><strong>Pr\u00e9sidente <\/strong>: Sophie Bottero<\/p>\n\n\n\n<p><strong>Vice-Pr\u00e9sidente :<\/strong> Bani Patricia<\/p>\n\n\n\n<p><strong>Tr\u00e9sori\u00e8re :<\/strong> Maryse Longlade<\/p>\n\n\n\n<p><strong>Secr\u00e9taire :<\/strong> Danielle Soffer<\/p>\n\n\n\n<p><\/p>\n<\/div><\/div>\n<\/div><\/section>\n\n\n\n<p><\/p>\n","protected":false},"excerpt":{"rendered":"<p>Bienvenue \u00e0 l\u2019Institut Fran\u00e7ais du Yoga Sud IFY SUD regroupe plus de 500 adh\u00e9rents, r\u00e9partis entre professeurs, \u00e9l\u00e8ves et membres [&hellip;]<\/p>\n","protected":false},"author":1,"featured_media":31,"parent":0,"menu_order":0,"comment_status":"open","ping_status":"open","template":"","meta":[],"acf":[],"_links":{"self":[{"href":"https:\/\/www.ify.fr\/sud\/wp-json\/wp\/v2\/pages\/30"}],"collection":[{"href":"https:\/\/www.ify.fr\/sud\/wp-json\/wp\/v2\/pages"}],"about":[{"href":"https:\/\/www.ify.fr\/sud\/wp-json\/wp\/v2\/types\/page"}],"author":[{"embeddable":true,"href":"https:\/\/www.ify.fr\/sud\/wp-json\/wp\/v2\/users\/1"}],"replies":[{"embeddable":true,"href":"https:\/\/www.ify.fr\/sud\/wp-json\/wp\/v2\/comments?post=30"}],"version-history":[{"count":7,"href":"https:\/\/www.ify.fr\/sud\/wp-json\/wp\/v2\/pages\/30\/revisions"}],"predecessor-version":[{"id":930,"href":"https:\/\/www.ify.fr\/sud\/wp-json\/wp\/v2\/pages\/30\/revisions\/930"}],"wp:featuredmedia":[{"embeddable":true,"href":"https:\/\/www.ify.fr\/sud\/wp-json\/wp\/v2\/media\/31"}],"wp:attachment":[{"href":"https:\/\/www.ify.fr\/sud\/wp-json\/wp\/v2\/media?parent=30"}],"curies":[{"name":"wp","href":"https:\/\/api.w.org\/{rel}","templated":true}]}}