{"id":4,"date":"2022-06-20T12:06:08","date_gmt":"2022-06-20T10:06:08","guid":{"rendered":"https:\/\/www.ify.fr\/sud-ouest\/accueil\/"},"modified":"2025-06-15T12:09:57","modified_gmt":"2025-06-15T10:09:57","slug":"accueil","status":"publish","type":"page","link":"https:\/\/www.ify.fr\/sud-ouest\/","title":{"rendered":"Accueil"},"content":{"rendered":"\n<div class=\"wp-block-image\"><figure class=\"aligncenter size-full\"><img loading=\"lazy\" width=\"940\" height=\"588\" src=\"https:\/\/www.ify.fr\/sud-ouest\/wp-content\/uploads\/sites\/13\/2025\/06\/Tout-le-monde-peut-respirer.-Donc-tout-le-monde-peut-pratiquer-le-yoga-T.K.V.-Desikachar-1-edited-2.png\" alt=\"\" class=\"wp-image-651\" srcset=\"https:\/\/www.ify.fr\/sud-ouest\/wp-content\/uploads\/sites\/13\/2025\/06\/Tout-le-monde-peut-respirer.-Donc-tout-le-monde-peut-pratiquer-le-yoga-T.K.V.-Desikachar-1-edited-2.png 940w, https:\/\/www.ify.fr\/sud-ouest\/wp-content\/uploads\/sites\/13\/2025\/06\/Tout-le-monde-peut-respirer.-Donc-tout-le-monde-peut-pratiquer-le-yoga-T.K.V.-Desikachar-1-edited-2-300x188.png 300w, https:\/\/www.ify.fr\/sud-ouest\/wp-content\/uploads\/sites\/13\/2025\/06\/Tout-le-monde-peut-respirer.-Donc-tout-le-monde-peut-pratiquer-le-yoga-T.K.V.-Desikachar-1-edited-2-768x480.png 768w\" sizes=\"(max-width: 940px) 100vw, 940px\" \/><\/figure><\/div>\n\n\n\n<h1 class=\"has-text-align-center\" id=\"bienvenue-a-l-ify-sud-ouest-1\">Bienvenue \u00e0 <a href=\"https:\/\/www.ify.fr\/sud-ouest\/lassociation-ify-sud-ouest\/\">l&rsquo;IFY Sud Ouest<\/a><\/h1>\n\n\n\n<p>Vous \u00eates sur le site de l&rsquo;Institut Fran\u00e7ais de Yoga du Sud-ouest. Association de loi 1901 notre but est d&rsquo;\u00e9tablir un lien entre nos formateurs, enseignants, n\u00e9ophytes, pratiquants confirm\u00e9s ou tout simplement, curieuses et curieux.<\/p>\n\n\n\n<p>Nous nous inscrivons dans la lign\u00e9e de l&rsquo;enseignement de TKV <a href=\"https:\/\/www.ify.fr\/blog\/le-yoga-de-ify\/hommage-a-t-k-v-desikachar-par-martyn-neal\/\">Desikachar<\/a>. Vous trouverez sur ce site, des informations relatives aux cours dispens\u00e9s par nos enseignants affili\u00e9s IFY-SO ainsi que les dates d&rsquo;\u00e9v\u00e8nements ponctuant la vie de l&rsquo;association (stages, ateliers, \u2026) \u00e0 l&rsquo;attention des enseignants et des \u00e9l\u00e8ves mais aussi vous pr\u00e9senter un certain nombre d&rsquo;articles et c&rsquo;est un de nos souhaits les plus chers propices \u00e0 nourrir votre r\u00e9flexion ou tout simplement satisfaire une curiosit\u00e9. Bienvenue \u00e0 nos lecteurs.<\/p>\n\n\n\n<p>Le bureau IFY SO<\/p>\n\n\n\n<div class=\"wp-container-69fddcffa74a6 wp-block-buttons\">\n<div class=\"wp-block-button has-custom-width wp-block-button__width-100\"><a class=\"wp-block-button__link\" href=\"https:\/\/www.ify.fr\/sud-ouest\/lassociation-ify-sud-ouest\/\">Qui sommes nous ? <\/a><\/div>\n<\/div>\n\n\n\n<div class=\"wp-block-columns\">\n<div class=\"wp-block-column\" style=\"flex-basis:100%\">\n<div class=\"wp-block-columns\">\n<div class=\"wp-block-column\" style=\"flex-basis:100%\">\n<div class=\"wp-block-columns\">\n<div class=\"wp-block-column\" style=\"flex-basis:100%\">\n<section class=\"wp-container-69fddcffa7d04 wp-block-group\"><div class=\"wp-block-group__inner-container\">\n<div class=\"wp-block-columns\">\n<div class=\"wp-block-column\" style=\"flex-basis:100%\">\n<div class=\"wp-block-columns alignfull are-vertically-aligned-center\">\n<div class=\"wp-block-column is-vertically-aligned-center\">\n<div class=\"wp-block-group encart-citation\"><div class=\"wp-block-group__inner-container\">\n<p class=\"has-text-align-center\" style=\"line-height:1\"><strong>\u00ab\u00a0Ce n&rsquo;est pas \u00e0 la personne de s&rsquo;adapter au yoga,<\/strong> <\/p>\n\n\n\n<p class=\"has-text-align-center\" style=\"line-height:1\"><strong>Mais au yoga de s&rsquo;adapter \u00e0 la personne\u201d<\/strong><\/p>\n\n\n\n<p class=\"has-text-align-center\"><strong>T.K.V. Desikachar<\/strong><\/p>\n<\/div><\/div>\n\n\n\n<div class=\"wp-container-69fddcffa7925 wp-block-buttons btn_cta\">\n<div class=\"wp-block-button has-custom-width wp-block-button__width-100\"><a class=\"wp-block-button__link has-couleur-2-background-color has-background\" href=\"https:\/\/www.ify.fr\/sud-ouest\/trouver-un-cours\/\">Trouver un cours<\/a><\/div>\n\n\n\n<div class=\"wp-block-button has-custom-width wp-block-button__width-100\"><a class=\"wp-block-button__link has-couleur-1-background-color has-background\" href=\"https:\/\/www.ify.fr\/sud-ouest\/trouver-un-professeur\/\">Trouver un professeur<\/a><\/div>\n\n\n\n<div class=\"wp-block-button has-custom-width wp-block-button__width-100\"><a class=\"wp-block-button__link has-couleur-3-background-color has-background\" href=\"https:\/\/www.ify.fr\/sud-ouest\/trouver-un-stage\/\">Trouver un stage<\/a><\/div>\n<\/div>\n<\/div>\n<\/div>\n<\/div>\n<\/div>\n<\/div><\/section>\n<\/div>\n<\/div>\n<\/div>\n<\/div>\n<\/div>\n<\/div>\n\n\n\n<section class=\"wp-container-69fddcffae9a5 wp-block-group has-bg-2-background-color has-background\"><div class=\"wp-block-group__inner-container\">\n<h2 class=\"has-text-align-center\" id=\"les-dernieres-actualites-de-l-ify-sud-ouest\">Les derni\u00e8res actualit\u00e9s de L\u2019IFY Sud Ouest<\/h2>\n\n\n\n<div class=\"wp-container-69fddcffae1ef wp-block-query\"><ul class=\"wp-container-69fddcffade21 is-flex-container columns-3 diaporama-mob wp-block-post-template\"><li class=\"wp-block-post post-862 actualite type-actualite status-publish has-post-thumbnail hentry actualite-categorie-stages\">\n<figure class=\"wp-container-69fddcffa95fe alignwide wp-block-post-featured-image\"><a href=\"https:\/\/www.ify.fr\/sud-ouest\/actualite\/sejour-de-yoga-dans-le-lot\/\"><img width=\"940\" height=\"788\" src=\"https:\/\/www.ify.fr\/sud-ouest\/wp-content\/uploads\/sites\/13\/2026\/03\/La-maison-de-Ganil.jpg\" class=\"attachment-post-thumbnail size-post-thumbnail wp-post-image\" alt=\"\" loading=\"lazy\" srcset=\"https:\/\/www.ify.fr\/sud-ouest\/wp-content\/uploads\/sites\/13\/2026\/03\/La-maison-de-Ganil.jpg 940w, https:\/\/www.ify.fr\/sud-ouest\/wp-content\/uploads\/sites\/13\/2026\/03\/La-maison-de-Ganil-300x251.jpg 300w, https:\/\/www.ify.fr\/sud-ouest\/wp-content\/uploads\/sites\/13\/2026\/03\/La-maison-de-Ganil-768x644.jpg 768w\" sizes=\"(max-width: 940px) 100vw, 940px\" \/><\/a><\/figure>\n\n<h2 class=\"wp-block-post-title\"><a href=\"https:\/\/www.ify.fr\/sud-ouest\/actualite\/sejour-de-yoga-dans-le-lot\/\" target=\"_self\" rel=\"\">S\u00c9JOUR DE YOGA DANS LE LOT<\/a><\/h2>\n\n<div class=\"wp-block-post-excerpt\"><p class=\"wp-block-post-excerpt__excerpt\">HONORER SON ESPACE INT\u00c9RIEUR DU 03 AU 05 JUILLET 2026 2 jours et 2 nuits, au pied de St Cirq [&hellip;]<\/p><p class=\"wp-block-post-excerpt__more-text\"><a class=\"wp-block-post-excerpt__more-link\" href=\"https:\/\/www.ify.fr\/sud-ouest\/actualite\/sejour-de-yoga-dans-le-lot\/\">Lire l&rsquo;article<\/a><\/p><\/div>\n<\/li><li class=\"wp-block-post post-850 actualite type-actualite status-publish has-post-thumbnail hentry actualite-categorie-stages\">\n<figure class=\"wp-container-69fddcffaa2f3 alignwide wp-block-post-featured-image\"><a href=\"https:\/\/www.ify.fr\/sud-ouest\/actualite\/osez-et-chantez\/\"><img width=\"1024\" height=\"1536\" src=\"https:\/\/www.ify.fr\/sud-ouest\/wp-content\/uploads\/sites\/13\/2026\/02\/IMG-20260209-WA0002.jpg\" class=\"attachment-post-thumbnail size-post-thumbnail wp-post-image\" alt=\"\" loading=\"lazy\" srcset=\"https:\/\/www.ify.fr\/sud-ouest\/wp-content\/uploads\/sites\/13\/2026\/02\/IMG-20260209-WA0002.jpg 1024w, https:\/\/www.ify.fr\/sud-ouest\/wp-content\/uploads\/sites\/13\/2026\/02\/IMG-20260209-WA0002-200x300.jpg 200w, https:\/\/www.ify.fr\/sud-ouest\/wp-content\/uploads\/sites\/13\/2026\/02\/IMG-20260209-WA0002-683x1024.jpg 683w, https:\/\/www.ify.fr\/sud-ouest\/wp-content\/uploads\/sites\/13\/2026\/02\/IMG-20260209-WA0002-768x1152.jpg 768w\" sizes=\"(max-width: 1024px) 100vw, 1024px\" \/><\/a><\/figure>\n\n<h2 class=\"wp-block-post-title\"><a href=\"https:\/\/www.ify.fr\/sud-ouest\/actualite\/osez-et-chantez\/\" target=\"_self\" rel=\"\">OSEZ ET CHANTEZ !<\/a><\/h2>\n\n<div class=\"wp-block-post-excerpt\"><p class=\"wp-block-post-excerpt__excerpt\">8 MARS 2026 DANS LES LANDES Vous avez envie de chanter mais peut-\u00eatre vous n\u2019osez pas.Vous aimeriez aussi trouver plus [&hellip;]<\/p><p class=\"wp-block-post-excerpt__more-text\"><a class=\"wp-block-post-excerpt__more-link\" href=\"https:\/\/www.ify.fr\/sud-ouest\/actualite\/osez-et-chantez\/\">Lire l&rsquo;article<\/a><\/p><\/div>\n<\/li><li class=\"wp-block-post post-842 actualite type-actualite status-publish has-post-thumbnail hentry actualite-categorie-stages\">\n<figure class=\"wp-container-69fddcffaafc6 alignwide wp-block-post-featured-image\"><a href=\"https:\/\/www.ify.fr\/sud-ouest\/actualite\/stage-autour-de-lenseignement-de-peter-hersnack-a-anglet\/\"><img width=\"1587\" height=\"2245\" src=\"https:\/\/www.ify.fr\/sud-ouest\/wp-content\/uploads\/sites\/13\/2026\/02\/icono_oiseau.png\" class=\"attachment-post-thumbnail size-post-thumbnail wp-post-image\" alt=\"\" loading=\"lazy\" srcset=\"https:\/\/www.ify.fr\/sud-ouest\/wp-content\/uploads\/sites\/13\/2026\/02\/icono_oiseau.png 1587w, https:\/\/www.ify.fr\/sud-ouest\/wp-content\/uploads\/sites\/13\/2026\/02\/icono_oiseau-212x300.png 212w, https:\/\/www.ify.fr\/sud-ouest\/wp-content\/uploads\/sites\/13\/2026\/02\/icono_oiseau-724x1024.png 724w, https:\/\/www.ify.fr\/sud-ouest\/wp-content\/uploads\/sites\/13\/2026\/02\/icono_oiseau-768x1086.png 768w, https:\/\/www.ify.fr\/sud-ouest\/wp-content\/uploads\/sites\/13\/2026\/02\/icono_oiseau-1086x1536.png 1086w, https:\/\/www.ify.fr\/sud-ouest\/wp-content\/uploads\/sites\/13\/2026\/02\/icono_oiseau-1448x2048.png 1448w\" sizes=\"(max-width: 1587px) 100vw, 1587px\" \/><\/a><\/figure>\n\n<h2 class=\"wp-block-post-title\"><a href=\"https:\/\/www.ify.fr\/sud-ouest\/actualite\/stage-autour-de-lenseignement-de-peter-hersnack-a-anglet\/\" target=\"_self\" rel=\"\">STAGE AUTOUR DE L&rsquo;ENSEIGNEMENT DE PETER HERSNACK \u00c0 ANGLET<\/a><\/h2>\n\n<div class=\"wp-block-post-excerpt\"><p class=\"wp-block-post-excerpt__excerpt\">L&rsquo;enseignement de Peter Hersnack, formateur IFY et d\u00e9c\u00e9d\u00e9 en 2016, a nourri et inspir\u00e9 nombre de professeurs au sein de [&hellip;]<\/p><p class=\"wp-block-post-excerpt__more-text\"><a class=\"wp-block-post-excerpt__more-link\" href=\"https:\/\/www.ify.fr\/sud-ouest\/actualite\/stage-autour-de-lenseignement-de-peter-hersnack-a-anglet\/\">Lire l&rsquo;article<\/a><\/p><\/div>\n<\/li><li class=\"wp-block-post post-836 actualite type-actualite status-publish has-post-thumbnail hentry actualite-categorie-stages\">\n<figure class=\"wp-container-69fddcffabeb8 alignwide wp-block-post-featured-image\"><a href=\"https:\/\/www.ify.fr\/sud-ouest\/actualite\/stage-anglet-20-21juin\/\"><img width=\"1000\" height=\"750\" src=\"https:\/\/www.ify.fr\/sud-ouest\/wp-content\/uploads\/sites\/13\/2023\/03\/photo-plage-scaled-e1679908142138.jpg\" class=\"attachment-post-thumbnail size-post-thumbnail wp-post-image\" alt=\"\" loading=\"lazy\" \/><\/a><\/figure>\n\n<h2 class=\"wp-block-post-title\"><a href=\"https:\/\/www.ify.fr\/sud-ouest\/actualite\/stage-anglet-20-21juin\/\" target=\"_self\" rel=\"\">STAGE ANGLET 20-21 Juin 2026<\/a><\/h2>\n\n<div class=\"wp-block-post-excerpt\"><p class=\"wp-block-post-excerpt__excerpt\">L&rsquo;\u00c9COUTE DE SOI DANS LA PRATIQUE ET DANS LA RELATION Andr\u00e9 Mesquida, formateur d&rsquo;enseignants de yoga \u00ab La v\u00e9ritable posture [&hellip;]<\/p><p class=\"wp-block-post-excerpt__more-text\"><a class=\"wp-block-post-excerpt__more-link\" href=\"https:\/\/www.ify.fr\/sud-ouest\/actualite\/stage-anglet-20-21juin\/\">Lire l&rsquo;article<\/a><\/p><\/div>\n<\/li><li class=\"wp-block-post post-833 actualite type-actualite status-publish has-post-thumbnail hentry actualite-categorie-stages\">\n<figure class=\"wp-container-69fddcffacc11 alignwide wp-block-post-featured-image\"><a href=\"https:\/\/www.ify.fr\/sud-ouest\/actualite\/stage-autour-de-lenseignement-de-peter-hersnack\/\"><img width=\"2245\" height=\"1587\" src=\"https:\/\/www.ify.fr\/sud-ouest\/wp-content\/uploads\/sites\/13\/2026\/01\/icono_arbre-e1769867317479.png\" class=\"attachment-post-thumbnail size-post-thumbnail wp-post-image\" alt=\"\" loading=\"lazy\" srcset=\"https:\/\/www.ify.fr\/sud-ouest\/wp-content\/uploads\/sites\/13\/2026\/01\/icono_arbre-e1769867317479.png 2245w, https:\/\/www.ify.fr\/sud-ouest\/wp-content\/uploads\/sites\/13\/2026\/01\/icono_arbre-e1769867317479-300x212.png 300w, https:\/\/www.ify.fr\/sud-ouest\/wp-content\/uploads\/sites\/13\/2026\/01\/icono_arbre-e1769867317479-1024x724.png 1024w, https:\/\/www.ify.fr\/sud-ouest\/wp-content\/uploads\/sites\/13\/2026\/01\/icono_arbre-e1769867317479-768x543.png 768w, https:\/\/www.ify.fr\/sud-ouest\/wp-content\/uploads\/sites\/13\/2026\/01\/icono_arbre-e1769867317479-1536x1086.png 1536w, https:\/\/www.ify.fr\/sud-ouest\/wp-content\/uploads\/sites\/13\/2026\/01\/icono_arbre-e1769867317479-2048x1448.png 2048w\" sizes=\"(max-width: 2245px) 100vw, 2245px\" \/><\/a><\/figure>\n\n<h2 class=\"wp-block-post-title\"><a href=\"https:\/\/www.ify.fr\/sud-ouest\/actualite\/stage-autour-de-lenseignement-de-peter-hersnack\/\" target=\"_self\" rel=\"\">STAGE AUTOUR DE L&rsquo;ENSEIGNEMENT DE PETER Hersnack B\u00e8gles<\/a><\/h2>\n\n<div class=\"wp-block-post-excerpt\"><p class=\"wp-block-post-excerpt__excerpt\">L&rsquo;enseignement de Peter Hersnack, formateur IFY et d\u00e9c\u00e9d\u00e9 en 2016, a nourri y et inspir\u00e9 nombre de professeurs au sein [&hellip;]<\/p><p class=\"wp-block-post-excerpt__more-text\"><a class=\"wp-block-post-excerpt__more-link\" href=\"https:\/\/www.ify.fr\/sud-ouest\/actualite\/stage-autour-de-lenseignement-de-peter-hersnack\/\">Lire l&rsquo;article<\/a><\/p><\/div>\n<\/li><li class=\"wp-block-post post-782 actualite type-actualite status-publish has-post-thumbnail hentry actualite-categorie-stages\">\n<figure class=\"wp-container-69fddcffad97b alignwide wp-block-post-featured-image\"><a href=\"https:\/\/www.ify.fr\/sud-ouest\/actualite\/stage-yoga-tarot-bordeaux\/\"><img width=\"1414\" height=\"1999\" src=\"https:\/\/www.ify.fr\/sud-ouest\/wp-content\/uploads\/sites\/13\/2025\/07\/Stage-de-yoga-et-tarot_20250706_110328_0000.png\" class=\"attachment-post-thumbnail size-post-thumbnail wp-post-image\" alt=\"\" loading=\"lazy\" srcset=\"https:\/\/www.ify.fr\/sud-ouest\/wp-content\/uploads\/sites\/13\/2025\/07\/Stage-de-yoga-et-tarot_20250706_110328_0000.png 1414w, https:\/\/www.ify.fr\/sud-ouest\/wp-content\/uploads\/sites\/13\/2025\/07\/Stage-de-yoga-et-tarot_20250706_110328_0000-212x300.png 212w, https:\/\/www.ify.fr\/sud-ouest\/wp-content\/uploads\/sites\/13\/2025\/07\/Stage-de-yoga-et-tarot_20250706_110328_0000-724x1024.png 724w, https:\/\/www.ify.fr\/sud-ouest\/wp-content\/uploads\/sites\/13\/2025\/07\/Stage-de-yoga-et-tarot_20250706_110328_0000-768x1086.png 768w, https:\/\/www.ify.fr\/sud-ouest\/wp-content\/uploads\/sites\/13\/2025\/07\/Stage-de-yoga-et-tarot_20250706_110328_0000-1086x1536.png 1086w\" sizes=\"(max-width: 1414px) 100vw, 1414px\" \/><\/a><\/figure>\n\n<h2 class=\"wp-block-post-title\"><a href=\"https:\/\/www.ify.fr\/sud-ouest\/actualite\/stage-yoga-tarot-bordeaux\/\" target=\"_self\" rel=\"\">STAGE YOGA &amp; TAROT, BORDEAUX<\/a><\/h2>\n\n<div class=\"wp-block-post-excerpt\"><p class=\"wp-block-post-excerpt__excerpt\">3 dates aux choix: 8 NOVEMBRE 2025, 31 JANVIER 2026, 25 AVRIL 2026. De 14h00 \u00e0 16h00 40\u20ac Au studio [&hellip;]<\/p><p class=\"wp-block-post-excerpt__more-text\"><a class=\"wp-block-post-excerpt__more-link\" href=\"https:\/\/www.ify.fr\/sud-ouest\/actualite\/stage-yoga-tarot-bordeaux\/\">Lire l&rsquo;article<\/a><\/p><\/div>\n<\/li><\/ul><\/div>\n\n\n\n<div class=\"wp-container-69fddcffae5e1 wp-block-buttons alignwide\">\n<div class=\"wp-block-button\"><a class=\"wp-block-button__link has-couleur-2-background-color has-background\" href=\"\/sud-ouest\/actualite\/\">Voir toutes les actus<\/a><\/div>\n<\/div>\n<\/div><\/section>\n","protected":false},"excerpt":{"rendered":"<p>Bienvenue \u00e0 l&rsquo;IFY Sud Ouest Vous \u00eates sur le site de l&rsquo;Institut Fran\u00e7ais de Yoga du Sud-ouest. Association de loi [&hellip;]<\/p>\n","protected":false},"author":9,"featured_media":651,"parent":0,"menu_order":0,"comment_status":"open","ping_status":"open","template":"","meta":[],"acf":[],"_links":{"self":[{"href":"https:\/\/www.ify.fr\/sud-ouest\/wp-json\/wp\/v2\/pages\/4"}],"collection":[{"href":"https:\/\/www.ify.fr\/sud-ouest\/wp-json\/wp\/v2\/pages"}],"about":[{"href":"https:\/\/www.ify.fr\/sud-ouest\/wp-json\/wp\/v2\/types\/page"}],"author":[{"embeddable":true,"href":"https:\/\/www.ify.fr\/sud-ouest\/wp-json\/wp\/v2\/users\/9"}],"replies":[{"embeddable":true,"href":"https:\/\/www.ify.fr\/sud-ouest\/wp-json\/wp\/v2\/comments?post=4"}],"version-history":[{"count":6,"href":"https:\/\/www.ify.fr\/sud-ouest\/wp-json\/wp\/v2\/pages\/4\/revisions"}],"predecessor-version":[{"id":665,"href":"https:\/\/www.ify.fr\/sud-ouest\/wp-json\/wp\/v2\/pages\/4\/revisions\/665"}],"wp:featuredmedia":[{"embeddable":true,"href":"https:\/\/www.ify.fr\/sud-ouest\/wp-json\/wp\/v2\/media\/651"}],"wp:attachment":[{"href":"https:\/\/www.ify.fr\/sud-ouest\/wp-json\/wp\/v2\/media?parent=4"}],"curies":[{"name":"wp","href":"https:\/\/api.w.org\/{rel}","templated":true}]}}