{"id":4,"date":"2022-06-20T11:54:29","date_gmt":"2022-06-20T09:54:29","guid":{"rendered":"https:\/\/www.ify.fr\/rhone-provence\/accueil\/"},"modified":"2024-06-10T10:00:14","modified_gmt":"2024-06-10T08:00:14","slug":"accueil","status":"publish","type":"page","link":"https:\/\/www.ify.fr\/rhone-provence\/","title":{"rendered":"Accueil"},"content":{"rendered":"\n<div class=\"wp-block-cover alignfull is-light\"><span aria-hidden=\"true\" class=\"wp-block-cover__gradient-background has-background-dim\"><\/span><img loading=\"lazy\" width=\"1024\" height=\"1024\" class=\"wp-block-cover__image-background wp-image-87\" alt=\"\" src=\"https:\/\/www.ify.fr\/rhone-provence\/wp-content\/uploads\/sites\/11\/2023\/09\/IMG-20230505-WA0006.jpg\" data-object-fit=\"cover\" srcset=\"https:\/\/www.ify.fr\/rhone-provence\/wp-content\/uploads\/sites\/11\/2023\/09\/IMG-20230505-WA0006.jpg 1024w, https:\/\/www.ify.fr\/rhone-provence\/wp-content\/uploads\/sites\/11\/2023\/09\/IMG-20230505-WA0006-300x300.jpg 300w, https:\/\/www.ify.fr\/rhone-provence\/wp-content\/uploads\/sites\/11\/2023\/09\/IMG-20230505-WA0006-150x150.jpg 150w, https:\/\/www.ify.fr\/rhone-provence\/wp-content\/uploads\/sites\/11\/2023\/09\/IMG-20230505-WA0006-768x768.jpg 768w\" sizes=\"(max-width: 1024px) 100vw, 1024px\" \/><div class=\"wp-block-cover__inner-container\">\n<p class=\"has-text-align-center has-large-font-size\"><\/p>\n<\/div><\/div>\n\n\n\n<section class=\"wp-container-69d08f68c84a6 wp-block-group\"><div class=\"wp-block-group__inner-container\">\n<div class=\"wp-block-columns are-vertically-aligned-center\">\n<div class=\"wp-block-column is-vertically-aligned-center\" style=\"flex-basis:38%\">\n<h1 id=\"bienvenue-a-l-ify-rhone-provence\">Bienvenue \u00e0 l\u2019IFY Rh\u00f4ne Provence<\/h1>\n\n\n\n<p>IFY Rh\u00f4ne &#8211; Provence, association de loi 1901 affili\u00e9e \u00e0 l\u2019IFY, a \u00e9t\u00e9 cr\u00e9\u00e9e en&nbsp; FEVRIER 2017. Elle compte&nbsp; pour l\u2019ann\u00e9e 2022\/2023&nbsp;: 330 adh\u00e9rents dont 19 professeurs, 1 nouveau professeur, 11 \u00e9l\u00e8ves enseignants en formation, 1 \u00e9l\u00e8ve en formation,&nbsp; 1 formatrice Annick LIEGL, 2 membres actifs.<\/p>\n\n\n\n<p>Son si\u00e8ge&nbsp; est situ\u00e9 essentiellement dans le d\u00e9partement du Gard (30) mais compte aussi des adh\u00e9rents dans &nbsp;les d\u00e9partements voisins tels que, la Drome (26), l&rsquo;H\u00e9rault (34), les Bouches du Rh\u00f4ne (13), les Hautes Alpes (04), le Var (83).<\/p>\n\n\n\n<p>Elle est port\u00e9e par une \u00e9quipe de b\u00e9n\u00e9voles, enthousiastes, motiv\u00e9s et cr\u00e9atifs.<\/p>\n\n\n\n<p>Son bureau est compos\u00e9 de&nbsp;:<\/p>\n\n\n\n<p>Pr\u00e9sidente: Valerie STREINGER  \u00a0\u00a0\u00a0\u00a0\u00a0\u00a0\u00a0<\/p>\n\n\n\n<p>Pr\u00e9sidente adjointe. Mme Merryl LIEGL<\/p>\n\n\n\n<p>Secr\u00e9taire&nbsp;: Mme Dominique BERTANI &nbsp;&nbsp;&nbsp;&nbsp;&nbsp;&nbsp;&nbsp;&nbsp;<\/p>\n\n\n\n<p>Secr\u00e9taire adjointe: Sybile TINE-LEMEUR<\/p>\n\n\n\n<p>Tr\u00e9sori\u00e8re&nbsp;: Mme Annick&nbsp; ALLEGRE &nbsp;&nbsp;&nbsp;&nbsp;&nbsp;<\/p>\n\n\n\n<p>Tr\u00e9sori\u00e8re adjointe&nbsp;: Mme Gis\u00e8le LECONTE<\/p>\n\n\n\n<p>Pour toutes demandes de renseignements contact&nbsp;: <\/p>\n\n\n\n<p><a href=\"mailto:ify-rp.secretariat@orange.fr\">ify-rp.secretariat@orange.fr<\/a><\/p>\n<\/div>\n\n\n\n<div class=\"wp-block-column is-vertically-aligned-center\">\n<div class=\"wp-block-group encart-citation\"><div class=\"wp-block-group__inner-container\">\n<p class=\"has-text-align-center\">\u00ab\u00a0Ce n&rsquo;est pas \u00e0 la personne de s\u2019adapter au Yoga, c&rsquo;est au Yoga de s&rsquo;adapter \u00e0 la personne\u00a0\u00bb         TKV DESIKACHAR<\/p>\n<\/div><\/div>\n\n\n\n<div class=\"wp-container-69d08f68c80a7 wp-block-buttons btn_cta\">\n<div class=\"wp-block-button\"><a class=\"wp-block-button__link has-couleur-2-background-color has-background\" href=\"https:\/\/www.ify.fr\/rhone-provence\/trouver-un-cours\/\">Trouver un cours<\/a><\/div>\n\n\n\n<div class=\"wp-block-button\"><a class=\"wp-block-button__link has-couleur-1-background-color has-background\" href=\"https:\/\/www.ify.fr\/rhone-provence\/trouver-un-professeur\/\">Trouver un professeur<\/a><\/div>\n\n\n\n<div class=\"wp-block-button\"><a class=\"wp-block-button__link has-couleur-3-background-color has-background\" href=\"https:\/\/www.ify.fr\/rhone-provence\/trouver-un-stage\/\">Trouver un stage<\/a><\/div>\n<\/div>\n<\/div>\n<\/div>\n<\/div><\/section>\n\n\n\n<section class=\"wp-container-69d08f68cc9bd wp-block-group has-bg-2-background-color has-background\"><div class=\"wp-block-group__inner-container\">\n<h2 class=\"has-text-align-center\" id=\"les-dernieres-actualites-de-l-ify-rhone-provence\">Les derni\u00e8res actualit\u00e9s de L\u2019IFY Rh\u00f4ne Provence<\/h2>\n\n\n\n<div class=\"wp-container-69d08f68cc21e wp-block-query\"><ul class=\"wp-container-69d08f68cbe4e is-flex-container columns-3 diaporama-mob wp-block-post-template\"><li class=\"wp-block-post post-230 actualite type-actualite status-publish has-post-thumbnail hentry\">\n<figure class=\"wp-container-69d08f68ca222 alignwide wp-block-post-featured-image\"><a href=\"https:\/\/www.ify.fr\/rhone-provence\/actualite\/un-temps-pour-les-professeurs-de-lify-rp\/\"><img width=\"1920\" height=\"2560\" src=\"https:\/\/www.ify.fr\/rhone-provence\/wp-content\/uploads\/sites\/11\/2024\/04\/20240219_133058-scaled.jpg\" class=\"attachment-post-thumbnail size-post-thumbnail wp-post-image\" alt=\"\" loading=\"lazy\" srcset=\"https:\/\/www.ify.fr\/rhone-provence\/wp-content\/uploads\/sites\/11\/2024\/04\/20240219_133058-scaled.jpg 1920w, https:\/\/www.ify.fr\/rhone-provence\/wp-content\/uploads\/sites\/11\/2024\/04\/20240219_133058-225x300.jpg 225w, https:\/\/www.ify.fr\/rhone-provence\/wp-content\/uploads\/sites\/11\/2024\/04\/20240219_133058-768x1024.jpg 768w, https:\/\/www.ify.fr\/rhone-provence\/wp-content\/uploads\/sites\/11\/2024\/04\/20240219_133058-1152x1536.jpg 1152w, https:\/\/www.ify.fr\/rhone-provence\/wp-content\/uploads\/sites\/11\/2024\/04\/20240219_133058-1536x2048.jpg 1536w\" sizes=\"(max-width: 1920px) 100vw, 1920px\" \/><\/a><\/figure>\n\n<h2 class=\"wp-block-post-title\"><a href=\"https:\/\/www.ify.fr\/rhone-provence\/actualite\/un-temps-pour-les-professeurs-de-lify-rp\/\" target=\"_self\" rel=\"\">Un temps pour les professeurs de l&rsquo;IFY-RP<\/a><\/h2>\n\n<div class=\"wp-block-post-excerpt\"><p class=\"wp-block-post-excerpt__excerpt\">Samedi 7 f\u00e9vrier , 2\u00e9me rencontre des professeurs de l&rsquo;IFY-RP de 10h \u00e0 16h30 Salle \u00ab\u00a0le Mille club\u00a0\u00bb, 70 place [&hellip;]<\/p><p class=\"wp-block-post-excerpt__more-text\"><a class=\"wp-block-post-excerpt__more-link\" href=\"https:\/\/www.ify.fr\/rhone-provence\/actualite\/un-temps-pour-les-professeurs-de-lify-rp\/\">Lire l&rsquo;article<\/a><\/p><\/div>\n<\/li><li class=\"wp-block-post post-221 actualite type-actualite status-publish has-post-thumbnail hentry\">\n<figure class=\"wp-container-69d08f68cad37 alignwide wp-block-post-featured-image\"><a href=\"https:\/\/www.ify.fr\/rhone-provence\/actualite\/journee-formation-avec-pierre-alais\/\"><img width=\"1080\" height=\"1072\" src=\"https:\/\/www.ify.fr\/rhone-provence\/wp-content\/uploads\/sites\/11\/2025\/11\/Screenshot_20250830-214135_Facebook.jpg\" class=\"attachment-post-thumbnail size-post-thumbnail wp-post-image\" alt=\"\" loading=\"lazy\" srcset=\"https:\/\/www.ify.fr\/rhone-provence\/wp-content\/uploads\/sites\/11\/2025\/11\/Screenshot_20250830-214135_Facebook.jpg 1080w, https:\/\/www.ify.fr\/rhone-provence\/wp-content\/uploads\/sites\/11\/2025\/11\/Screenshot_20250830-214135_Facebook-300x298.jpg 300w, https:\/\/www.ify.fr\/rhone-provence\/wp-content\/uploads\/sites\/11\/2025\/11\/Screenshot_20250830-214135_Facebook-1024x1016.jpg 1024w, https:\/\/www.ify.fr\/rhone-provence\/wp-content\/uploads\/sites\/11\/2025\/11\/Screenshot_20250830-214135_Facebook-150x150.jpg 150w, https:\/\/www.ify.fr\/rhone-provence\/wp-content\/uploads\/sites\/11\/2025\/11\/Screenshot_20250830-214135_Facebook-768x762.jpg 768w, https:\/\/www.ify.fr\/rhone-provence\/wp-content\/uploads\/sites\/11\/2025\/11\/Screenshot_20250830-214135_Facebook-200x200.jpg 200w\" sizes=\"(max-width: 1080px) 100vw, 1080px\" \/><\/a><\/figure>\n\n<h2 class=\"wp-block-post-title\"><a href=\"https:\/\/www.ify.fr\/rhone-provence\/actualite\/journee-formation-avec-pierre-alais\/\" target=\"_self\" rel=\"\">Apr\u00e9s-midi d&rsquo;\u00e9tude avec Pierre ALAIS professeur de yoga IFY<\/a><\/h2>\n\n<div class=\"wp-block-post-excerpt\"><p class=\"wp-block-post-excerpt__excerpt\">R\u00e9flexion et pratique sur les Yoga Sutra de Patanjali, texte fondamental qui a guid\u00e9 des g\u00e9n\u00e9rations de yogi. samedi 18 [&hellip;]<\/p><p class=\"wp-block-post-excerpt__more-text\"><a class=\"wp-block-post-excerpt__more-link\" href=\"https:\/\/www.ify.fr\/rhone-provence\/actualite\/journee-formation-avec-pierre-alais\/\">Lire l&rsquo;article<\/a><\/p><\/div>\n<\/li><li class=\"wp-block-post post-117 actualite type-actualite status-publish has-post-thumbnail hentry\">\n<figure class=\"wp-container-69d08f68cb9ef alignwide wp-block-post-featured-image\"><a href=\"https:\/\/www.ify.fr\/rhone-provence\/actualite\/annick-liegl-professeur-de-yoga-formatrice-ify\/\"><img width=\"1440\" height=\"1440\" src=\"https:\/\/www.ify.fr\/rhone-provence\/wp-content\/uploads\/sites\/11\/2024\/03\/IMG_20240505_194035_548.webp\" class=\"attachment-post-thumbnail size-post-thumbnail wp-post-image\" alt=\"\" loading=\"lazy\" srcset=\"https:\/\/www.ify.fr\/rhone-provence\/wp-content\/uploads\/sites\/11\/2024\/03\/IMG_20240505_194035_548.webp 1440w, https:\/\/www.ify.fr\/rhone-provence\/wp-content\/uploads\/sites\/11\/2024\/03\/IMG_20240505_194035_548-300x300.webp 300w, https:\/\/www.ify.fr\/rhone-provence\/wp-content\/uploads\/sites\/11\/2024\/03\/IMG_20240505_194035_548-1024x1024.webp 1024w, https:\/\/www.ify.fr\/rhone-provence\/wp-content\/uploads\/sites\/11\/2024\/03\/IMG_20240505_194035_548-150x150.webp 150w, https:\/\/www.ify.fr\/rhone-provence\/wp-content\/uploads\/sites\/11\/2024\/03\/IMG_20240505_194035_548-768x768.webp 768w, https:\/\/www.ify.fr\/rhone-provence\/wp-content\/uploads\/sites\/11\/2024\/03\/IMG_20240505_194035_548-200x200.webp 200w, https:\/\/www.ify.fr\/rhone-provence\/wp-content\/uploads\/sites\/11\/2024\/03\/IMG_20240505_194035_548-400x400.webp 400w, https:\/\/www.ify.fr\/rhone-provence\/wp-content\/uploads\/sites\/11\/2024\/03\/IMG_20240505_194035_548-500x500.webp 500w, https:\/\/www.ify.fr\/rhone-provence\/wp-content\/uploads\/sites\/11\/2024\/03\/IMG_20240505_194035_548-600x600.webp 600w, https:\/\/www.ify.fr\/rhone-provence\/wp-content\/uploads\/sites\/11\/2024\/03\/IMG_20240505_194035_548-700x700.webp 700w, https:\/\/www.ify.fr\/rhone-provence\/wp-content\/uploads\/sites\/11\/2024\/03\/IMG_20240505_194035_548-800x800.webp 800w\" sizes=\"(max-width: 1440px) 100vw, 1440px\" \/><\/a><\/figure>\n\n<h2 class=\"wp-block-post-title\"><a href=\"https:\/\/www.ify.fr\/rhone-provence\/actualite\/annick-liegl-professeur-de-yoga-formatrice-ify\/\" target=\"_self\" rel=\"\">\u00a0Annick LIEGL, Professeur de Yoga\/Formatrice IFY,<\/a><\/h2>\n\n<div class=\"wp-block-post-excerpt\"><p class=\"wp-block-post-excerpt__excerpt\">Week-end retraite ann\u00e9e 2026 Qautre week-end sont propos\u00e9s pour une retraite \u00ab\u00a0Vivre la Sagesse du Yoga\u00a0\u00bb \u00e0 l\u2019Ermitage de la [&hellip;]<\/p><p class=\"wp-block-post-excerpt__more-text\"><a class=\"wp-block-post-excerpt__more-link\" href=\"https:\/\/www.ify.fr\/rhone-provence\/actualite\/annick-liegl-professeur-de-yoga-formatrice-ify\/\">Lire l&rsquo;article<\/a><\/p><\/div>\n<\/li><\/ul><\/div>\n\n\n\n<div class=\"wp-container-69d08f68cc5fc wp-block-buttons\">\n<div class=\"wp-block-button\"><a class=\"wp-block-button__link has-couleur-2-background-color has-background\" href=\"\/rhone-provence\/actualite\/\">Voir toutes les actus<\/a><\/div>\n<\/div>\n<\/div><\/section>\n\n\n\n<section class=\"wp-container-69d08f68cce10 wp-block-group\"><div class=\"wp-block-group__inner-container\">\n<div class=\"wp-block-media-text is-stacked-on-mobile is-image-fill\"><figure class=\"wp-block-media-text__media\" style=\"background-image:url(https:\/\/www.ify.fr\/rhone-provence\/wp-content\/uploads\/sites\/11\/2023\/09\/IMG-20230505-WA0007.jpg);background-position:50% 50%\"><img loading=\"lazy\" width=\"1024\" height=\"1024\" src=\"https:\/\/www.ify.fr\/rhone-provence\/wp-content\/uploads\/sites\/11\/2023\/09\/IMG-20230505-WA0007.jpg\" alt=\"\" class=\"wp-image-88 size-full\" srcset=\"https:\/\/www.ify.fr\/rhone-provence\/wp-content\/uploads\/sites\/11\/2023\/09\/IMG-20230505-WA0007.jpg 1024w, https:\/\/www.ify.fr\/rhone-provence\/wp-content\/uploads\/sites\/11\/2023\/09\/IMG-20230505-WA0007-300x300.jpg 300w, https:\/\/www.ify.fr\/rhone-provence\/wp-content\/uploads\/sites\/11\/2023\/09\/IMG-20230505-WA0007-150x150.jpg 150w, https:\/\/www.ify.fr\/rhone-provence\/wp-content\/uploads\/sites\/11\/2023\/09\/IMG-20230505-WA0007-768x768.jpg 768w\" sizes=\"(max-width: 1024px) 100vw, 1024px\" \/><\/figure><div class=\"wp-block-media-text__content\">\n<h2 id=\"les-objectifs-de-l-ify-rp-definis-par-les-statuts\">Les objectifs de l\u2019IFY RP, d\u00e9finis par les statuts&nbsp;:<\/h2>\n\n\n\n<p>Cette association a pour but de diffuser le yoga dans la lign\u00e9e de TKV DESIKACHAR. Un enseignement qui s\u2019appuie sur le respect de la personne, veillant&nbsp; ainsi \u00e0 r\u00e9pondre aux besoins de la personne.<\/p>\n\n\n\n<p>&nbsp;Son fonctionnement est assur\u00e9 par des enseignants de yoga, des membres actifs, une formatrice r\u00e9gionale, dynamiques et port\u00e9s par les valeurs du yoga.<\/p>\n\n\n\n<p>Voici les propositions au cours d\u2019une ann\u00e9e&nbsp;:<\/p>\n\n\n\n<p>-des cours de yoga hebdomadaires sur tout son territoire<\/p>\n\n\n\n<p>&#8211; des journ\u00e9es \u00e0 th\u00e8mes, des stages anim\u00e9s par les enseignants&nbsp; ainsi que des intervenants ext\u00e9rieurs.<\/p>\n\n\n\n<p>&#8211; les journ\u00e9es des adh\u00e9rents offertes dans des lieux diff\u00e9rents \u00e0 chaque fois.<\/p>\n\n\n\n<p>&#8211; un journal gratuit : L\u2019Echo du Yoga&nbsp;.<\/p>\n<\/div><\/div>\n<\/div><\/section>\n","protected":false},"excerpt":{"rendered":"<p>Bienvenue \u00e0 l\u2019IFY Rh\u00f4ne Provence IFY Rh\u00f4ne &#8211; Provence, association de loi 1901 affili\u00e9e \u00e0 l\u2019IFY, a \u00e9t\u00e9 cr\u00e9\u00e9e en&nbsp; [&hellip;]<\/p>\n","protected":false},"author":1,"featured_media":0,"parent":0,"menu_order":0,"comment_status":"open","ping_status":"open","template":"","meta":[],"acf":[],"_links":{"self":[{"href":"https:\/\/www.ify.fr\/rhone-provence\/wp-json\/wp\/v2\/pages\/4"}],"collection":[{"href":"https:\/\/www.ify.fr\/rhone-provence\/wp-json\/wp\/v2\/pages"}],"about":[{"href":"https:\/\/www.ify.fr\/rhone-provence\/wp-json\/wp\/v2\/types\/page"}],"author":[{"embeddable":true,"href":"https:\/\/www.ify.fr\/rhone-provence\/wp-json\/wp\/v2\/users\/1"}],"replies":[{"embeddable":true,"href":"https:\/\/www.ify.fr\/rhone-provence\/wp-json\/wp\/v2\/comments?post=4"}],"version-history":[{"count":6,"href":"https:\/\/www.ify.fr\/rhone-provence\/wp-json\/wp\/v2\/pages\/4\/revisions"}],"predecessor-version":[{"id":159,"href":"https:\/\/www.ify.fr\/rhone-provence\/wp-json\/wp\/v2\/pages\/4\/revisions\/159"}],"wp:attachment":[{"href":"https:\/\/www.ify.fr\/rhone-provence\/wp-json\/wp\/v2\/media?parent=4"}],"curies":[{"name":"wp","href":"https:\/\/api.w.org\/{rel}","templated":true}]}}