{"id":7,"date":"2022-06-20T11:41:33","date_gmt":"2022-06-20T09:41:33","guid":{"rendered":"https:\/\/www.ify.fr\/region-centre\/bureau-et-ca\/"},"modified":"2024-09-29T14:27:03","modified_gmt":"2024-09-29T12:27:03","slug":"bureau-et-ca","status":"publish","type":"page","link":"https:\/\/www.ify.fr\/region-centre\/bureau-et-ca\/","title":{"rendered":"Bureau et CA"},"content":{"rendered":"\n<div class=\"wp-block-columns\">\n<div class=\"wp-block-column\">\n<h3 id=\"le-bureau\">Le Bureau<\/h3>\n\n\n\n<p>Pr\u00e9sidente : Sylvie JAMAIN<br>Vice-Pr\u00e9sidente : Annie ROUX<br>Tr\u00e9sori\u00e8re : Jocelyne CHEVALLIER<br>Secr\u00e9taire : Isabelle PAUVRE<br>Secr\u00e9taire adjointe : Fran\u00e7oise KEITA-PAQUET <\/p>\n<\/div>\n\n\n\n<div class=\"wp-block-column\">\n<h3 id=\"le-conseil-d-administration\">Le Conseil d&rsquo;Administration<\/h3>\n\n\n\n<p>Sylvie BONNAMY (membre actif), Jocelyne CHEVALLIER (professeur), Sylvie JAMAIN (professeur), Fran\u00e7oise KEITA-PAQUET (membre actif), Sylvie LE CLAINCHE (professeur), Isabelle PAUVRE  (professeur), Annie ROUX (professeur) et Marie-Odile SACHET (membre actif).<\/p>\n<\/div>\n<\/div>\n\n\n\n<p>Notre derni\u00e8re Assembl\u00e9e G\u00e9n\u00e9rale a eu lieu le 28 septembre 2024.<\/p>\n","protected":false},"excerpt":{"rendered":"<p>Le Bureau Pr\u00e9sidente : Sylvie JAMAINVice-Pr\u00e9sidente : Annie ROUXTr\u00e9sori\u00e8re : Jocelyne CHEVALLIERSecr\u00e9taire : Isabelle PAUVRESecr\u00e9taire adjointe : Fran\u00e7oise KEITA-PAQUET Le [&hellip;]<\/p>\n","protected":false},"author":1,"featured_media":0,"parent":0,"menu_order":0,"comment_status":"open","ping_status":"open","template":"","meta":[],"acf":[],"_links":{"self":[{"href":"https:\/\/www.ify.fr\/region-centre\/wp-json\/wp\/v2\/pages\/7"}],"collection":[{"href":"https:\/\/www.ify.fr\/region-centre\/wp-json\/wp\/v2\/pages"}],"about":[{"href":"https:\/\/www.ify.fr\/region-centre\/wp-json\/wp\/v2\/types\/page"}],"author":[{"embeddable":true,"href":"https:\/\/www.ify.fr\/region-centre\/wp-json\/wp\/v2\/users\/1"}],"replies":[{"embeddable":true,"href":"https:\/\/www.ify.fr\/region-centre\/wp-json\/wp\/v2\/comments?post=7"}],"version-history":[{"count":6,"href":"https:\/\/www.ify.fr\/region-centre\/wp-json\/wp\/v2\/pages\/7\/revisions"}],"predecessor-version":[{"id":498,"href":"https:\/\/www.ify.fr\/region-centre\/wp-json\/wp\/v2\/pages\/7\/revisions\/498"}],"wp:attachment":[{"href":"https:\/\/www.ify.fr\/region-centre\/wp-json\/wp\/v2\/media?parent=7"}],"curies":[{"name":"wp","href":"https:\/\/api.w.org\/{rel}","templated":true}]}}