{"id":10,"date":"2022-06-20T11:41:33","date_gmt":"2022-06-20T09:41:33","guid":{"rendered":"https:\/\/www.ify.fr\/region-centre\/lassociation-ify-ile-de-france\/"},"modified":"2024-10-17T12:50:12","modified_gmt":"2024-10-17T10:50:12","slug":"lassociation-ify-region-centre","status":"publish","type":"page","link":"https:\/\/www.ify.fr\/region-centre\/lassociation-ify-region-centre\/","title":{"rendered":"L&rsquo;association IFY R\u00e9gion Centre"},"content":{"rendered":"\n<p>L\u2019Institut Fran\u00e7ais de Yoga de la R\u00e9gion Centre (IFYRC),\u00a0en tant qu\u2019association r\u00e9gionale, est membre de l\u2019Institut Fran\u00e7ais de Yoga (IFY). Ses <a href=\"https:\/\/www.ify.fr\/region-centre\/wp-content\/uploads\/sites\/10\/2024\/10\/STATUTS-IFYRC-2024.pdf\">statuts<\/a> respectent ceux de l\u2019IFY.<\/p>\n\n\n\n<p>L\u2019IFY est une f\u00e9d\u00e9ration qui regroupe des enseignants, des \u00e9l\u00e8ves en formation et des pratiquants de yoga, ayant pour objet de promouvoir l\u2019\u00e9tude et la pratique du yoga sur l\u2019ensemble du territoire fran\u00e7ais.<\/p>\n\n\n\n<p>Pour plus d\u2019informations sur l\u2019histoire de l\u2019Institut, voir&nbsp;le site de l\u2019IFY&nbsp;: <a href=\"https:\/\/www.ify.fr\/presentation-de-ify\/\">https:\/\/www.ify.fr\/presentation-de-ify\/<\/a><\/p>\n\n\n\n<p><\/p>\n\n\n\n<h2 id=\"le-bulletin-de-liaison\">Le Bulletin de liaison<\/h2>\n\n\n\n<p>Chaque adh\u00e9rent de l\u2019IFYRC re\u00e7oit gratuitement deux num\u00e9ros annuels, un en automne et l\u2019autre au printemps. Vous pouvez le recevoir en adh\u00e9rant \u00e0 l\u2019IFYRC (19&nbsp;\u20ac\/an) ou si vous \u00eates adh\u00e9rent IFY dans une autre association r\u00e9gionale en vous abonnant (10&nbsp;\u20ac\/an).<\/p>\n\n\n\n<p>Les articles sont \u00e9crits par des adh\u00e9rents de l\u2019IFYRC, professeurs et \u00e9l\u00e8ves, ainsi que par des formateurs invit\u00e9s par l\u2019association. Si vous souhaitez soumettre un article ou une photo, ou pour toute autre question au sujet du journal, merci de prendre contact avec Annie Roux, responsable de l\u2019\u00e9dition du bulletin.<\/p>\n\n\n\n<p><a href=\"mailto:annie.roux1@gmail.com\">annie.roux1@gmail.com<\/a><\/p>\n\n\n\n<h3 id=\"les-derniers-numeros\"><strong>Les derniers num\u00e9ros<\/strong><\/h3>\n\n\n\n<div class=\"wp-block-columns\">\n<div class=\"wp-block-column\">\n<figure class=\"wp-block-image size-large is-style-default\"><img loading=\"lazy\" width=\"724\" height=\"1024\" src=\"https:\/\/www.ify.fr\/region-centre\/wp-content\/uploads\/sites\/10\/2024\/01\/bulletin-53-couverture-1-724x1024.jpg\" alt=\"\" class=\"wp-image-426\" srcset=\"https:\/\/www.ify.fr\/region-centre\/wp-content\/uploads\/sites\/10\/2024\/01\/bulletin-53-couverture-1-724x1024.jpg 724w, https:\/\/www.ify.fr\/region-centre\/wp-content\/uploads\/sites\/10\/2024\/01\/bulletin-53-couverture-1-212x300.jpg 212w, https:\/\/www.ify.fr\/region-centre\/wp-content\/uploads\/sites\/10\/2024\/01\/bulletin-53-couverture-1-768x1086.jpg 768w, https:\/\/www.ify.fr\/region-centre\/wp-content\/uploads\/sites\/10\/2024\/01\/bulletin-53-couverture-1-1086x1536.jpg 1086w, https:\/\/www.ify.fr\/region-centre\/wp-content\/uploads\/sites\/10\/2024\/01\/bulletin-53-couverture-1-1448x2048.jpg 1448w, https:\/\/www.ify.fr\/region-centre\/wp-content\/uploads\/sites\/10\/2024\/01\/bulletin-53-couverture-1-scaled.jpg 1810w\" sizes=\"(max-width: 724px) 100vw, 724px\" \/><\/figure>\n<\/div>\n\n\n\n<div class=\"wp-block-column\">\n<figure class=\"wp-block-image size-large is-style-default\"><img loading=\"lazy\" width=\"724\" height=\"1024\" src=\"https:\/\/www.ify.fr\/region-centre\/wp-content\/uploads\/sites\/10\/2024\/01\/bulletin-52-couverture_Page_1-724x1024.jpg\" alt=\"\" class=\"wp-image-425\" srcset=\"https:\/\/www.ify.fr\/region-centre\/wp-content\/uploads\/sites\/10\/2024\/01\/bulletin-52-couverture_Page_1-724x1024.jpg 724w, https:\/\/www.ify.fr\/region-centre\/wp-content\/uploads\/sites\/10\/2024\/01\/bulletin-52-couverture_Page_1-212x300.jpg 212w, https:\/\/www.ify.fr\/region-centre\/wp-content\/uploads\/sites\/10\/2024\/01\/bulletin-52-couverture_Page_1-768x1086.jpg 768w, https:\/\/www.ify.fr\/region-centre\/wp-content\/uploads\/sites\/10\/2024\/01\/bulletin-52-couverture_Page_1-1086x1536.jpg 1086w, https:\/\/www.ify.fr\/region-centre\/wp-content\/uploads\/sites\/10\/2024\/01\/bulletin-52-couverture_Page_1-1448x2048.jpg 1448w, https:\/\/www.ify.fr\/region-centre\/wp-content\/uploads\/sites\/10\/2024\/01\/bulletin-52-couverture_Page_1-scaled.jpg 1810w\" sizes=\"(max-width: 724px) 100vw, 724px\" \/><\/figure>\n<\/div>\n<\/div>\n\n\n\n<div class=\"wp-block-columns\">\n<div class=\"wp-block-column\">\n<figure class=\"wp-block-image size-large\"><img loading=\"lazy\" width=\"724\" height=\"1024\" src=\"https:\/\/www.ify.fr\/region-centre\/wp-content\/uploads\/sites\/10\/2023\/02\/bulletin-51-couverture-724x1024.jpg\" alt=\"\" class=\"wp-image-215\" srcset=\"https:\/\/www.ify.fr\/region-centre\/wp-content\/uploads\/sites\/10\/2023\/02\/bulletin-51-couverture-724x1024.jpg 724w, https:\/\/www.ify.fr\/region-centre\/wp-content\/uploads\/sites\/10\/2023\/02\/bulletin-51-couverture-212x300.jpg 212w, https:\/\/www.ify.fr\/region-centre\/wp-content\/uploads\/sites\/10\/2023\/02\/bulletin-51-couverture-768x1086.jpg 768w, https:\/\/www.ify.fr\/region-centre\/wp-content\/uploads\/sites\/10\/2023\/02\/bulletin-51-couverture-1086x1536.jpg 1086w, https:\/\/www.ify.fr\/region-centre\/wp-content\/uploads\/sites\/10\/2023\/02\/bulletin-51-couverture-1448x2048.jpg 1448w, https:\/\/www.ify.fr\/region-centre\/wp-content\/uploads\/sites\/10\/2023\/02\/bulletin-51-couverture-scaled.jpg 1810w\" sizes=\"(max-width: 724px) 100vw, 724px\" \/><\/figure>\n<\/div>\n\n\n\n<div class=\"wp-block-column\">\n<figure class=\"wp-block-image size-large\"><img loading=\"lazy\" width=\"724\" height=\"1024\" src=\"https:\/\/www.ify.fr\/region-centre\/wp-content\/uploads\/sites\/10\/2022\/11\/bulletin-50-couverture-724x1024.jpg\" alt=\"\" class=\"wp-image-76\" srcset=\"https:\/\/www.ify.fr\/region-centre\/wp-content\/uploads\/sites\/10\/2022\/11\/bulletin-50-couverture-724x1024.jpg 724w, https:\/\/www.ify.fr\/region-centre\/wp-content\/uploads\/sites\/10\/2022\/11\/bulletin-50-couverture-212x300.jpg 212w, https:\/\/www.ify.fr\/region-centre\/wp-content\/uploads\/sites\/10\/2022\/11\/bulletin-50-couverture-768x1086.jpg 768w, https:\/\/www.ify.fr\/region-centre\/wp-content\/uploads\/sites\/10\/2022\/11\/bulletin-50-couverture-1086x1536.jpg 1086w, https:\/\/www.ify.fr\/region-centre\/wp-content\/uploads\/sites\/10\/2022\/11\/bulletin-50-couverture-1448x2048.jpg 1448w, https:\/\/www.ify.fr\/region-centre\/wp-content\/uploads\/sites\/10\/2022\/11\/bulletin-50-couverture.jpg 1654w\" sizes=\"(max-width: 724px) 100vw, 724px\" \/><\/figure>\n<\/div>\n<\/div>\n\n\n\n<div class=\"wp-block-columns\">\n<div class=\"wp-block-column\">\n<figure class=\"wp-block-image size-large\"><img loading=\"lazy\" width=\"724\" height=\"1024\" src=\"https:\/\/www.ify.fr\/region-centre\/wp-content\/uploads\/sites\/10\/2022\/11\/bulletin-49-couverture-724x1024.jpg\" alt=\"\" class=\"wp-image-74\" srcset=\"https:\/\/www.ify.fr\/region-centre\/wp-content\/uploads\/sites\/10\/2022\/11\/bulletin-49-couverture-724x1024.jpg 724w, https:\/\/www.ify.fr\/region-centre\/wp-content\/uploads\/sites\/10\/2022\/11\/bulletin-49-couverture-212x300.jpg 212w, https:\/\/www.ify.fr\/region-centre\/wp-content\/uploads\/sites\/10\/2022\/11\/bulletin-49-couverture-768x1086.jpg 768w, https:\/\/www.ify.fr\/region-centre\/wp-content\/uploads\/sites\/10\/2022\/11\/bulletin-49-couverture-1086x1536.jpg 1086w, https:\/\/www.ify.fr\/region-centre\/wp-content\/uploads\/sites\/10\/2022\/11\/bulletin-49-couverture-1448x2048.jpg 1448w, https:\/\/www.ify.fr\/region-centre\/wp-content\/uploads\/sites\/10\/2022\/11\/bulletin-49-couverture.jpg 1654w\" sizes=\"(max-width: 724px) 100vw, 724px\" \/><\/figure>\n<\/div>\n\n\n\n<div class=\"wp-block-column\">\n<figure class=\"wp-block-image size-large\"><img loading=\"lazy\" width=\"724\" height=\"1024\" src=\"https:\/\/www.ify.fr\/region-centre\/wp-content\/uploads\/sites\/10\/2022\/11\/bulletin-48-couverture-724x1024.jpg\" alt=\"\" class=\"wp-image-72\" srcset=\"https:\/\/www.ify.fr\/region-centre\/wp-content\/uploads\/sites\/10\/2022\/11\/bulletin-48-couverture-724x1024.jpg 724w, https:\/\/www.ify.fr\/region-centre\/wp-content\/uploads\/sites\/10\/2022\/11\/bulletin-48-couverture-212x300.jpg 212w, https:\/\/www.ify.fr\/region-centre\/wp-content\/uploads\/sites\/10\/2022\/11\/bulletin-48-couverture-768x1086.jpg 768w, https:\/\/www.ify.fr\/region-centre\/wp-content\/uploads\/sites\/10\/2022\/11\/bulletin-48-couverture-1086x1536.jpg 1086w, https:\/\/www.ify.fr\/region-centre\/wp-content\/uploads\/sites\/10\/2022\/11\/bulletin-48-couverture-1448x2048.jpg 1448w, https:\/\/www.ify.fr\/region-centre\/wp-content\/uploads\/sites\/10\/2022\/11\/bulletin-48-couverture.jpg 1654w\" sizes=\"(max-width: 724px) 100vw, 724px\" \/><\/figure>\n<\/div>\n<\/div>\n\n\n\n<p><\/p>\n","protected":false},"excerpt":{"rendered":"<p>L\u2019Institut Fran\u00e7ais de Yoga de la R\u00e9gion Centre (IFYRC),\u00a0en tant qu\u2019association r\u00e9gionale, est membre de l\u2019Institut Fran\u00e7ais de Yoga (IFY). [&hellip;]<\/p>\n","protected":false},"author":1,"featured_media":0,"parent":0,"menu_order":0,"comment_status":"closed","ping_status":"closed","template":"","meta":[],"acf":[],"_links":{"self":[{"href":"https:\/\/www.ify.fr\/region-centre\/wp-json\/wp\/v2\/pages\/10"}],"collection":[{"href":"https:\/\/www.ify.fr\/region-centre\/wp-json\/wp\/v2\/pages"}],"about":[{"href":"https:\/\/www.ify.fr\/region-centre\/wp-json\/wp\/v2\/types\/page"}],"author":[{"embeddable":true,"href":"https:\/\/www.ify.fr\/region-centre\/wp-json\/wp\/v2\/users\/1"}],"replies":[{"embeddable":true,"href":"https:\/\/www.ify.fr\/region-centre\/wp-json\/wp\/v2\/comments?post=10"}],"version-history":[{"count":6,"href":"https:\/\/www.ify.fr\/region-centre\/wp-json\/wp\/v2\/pages\/10\/revisions"}],"predecessor-version":[{"id":520,"href":"https:\/\/www.ify.fr\/region-centre\/wp-json\/wp\/v2\/pages\/10\/revisions\/520"}],"wp:attachment":[{"href":"https:\/\/www.ify.fr\/region-centre\/wp-json\/wp\/v2\/media?parent=10"}],"curies":[{"name":"wp","href":"https:\/\/api.w.org\/{rel}","templated":true}]}}