{"id":980,"date":"2024-02-29T16:33:46","date_gmt":"2024-02-29T15:33:46","guid":{"rendered":"https:\/\/www.ify.fr\/poitou-charentes\/?page_id=980"},"modified":"2024-06-17T13:05:52","modified_gmt":"2024-06-17T11:05:52","slug":"bibliotheque-cahier-de-presence-desprit","status":"publish","type":"page","link":"https:\/\/www.ify.fr\/poitou-charentes\/bibliographie\/bibliotheque-cahier-de-presence-desprit\/","title":{"rendered":"Cahier de pr\u00e9sence d&rsquo;esprit"},"content":{"rendered":"\n<p>L&rsquo;association IFY Poitou-Charentes propose par ailleurs \u00e0 la vente les Cahiers Pr\u00e9sence d&rsquo;Esprit.<br><strong>Contact<\/strong>&nbsp;:&nbsp;<em>Claudine BOULESTIN : 12 La Garenne 16290 SAINT SATURNIN<\/em><br><\/p>\n\n\n\n<p><strong>Les 18 num\u00e9ros parus \u00e0 ce jour<\/strong> :<\/p>\n\n\n\n<p><strong>N\u00b0 1&nbsp;:<\/strong>&nbsp;<em>Yoga et stress,&nbsp;<\/em>de Peter Hersnack<\/p>\n\n\n\n<p><strong>N\u00b0 2&nbsp;:<\/strong>&nbsp;<em>Tradition innovation,&nbsp;<\/em>avec Fran\u00e7ois Julien, Bernard Bouanchaud, Peter Hersnack, Fran\u00e7ois Lorin, Claude Mar\u00e9chal<\/p>\n\n\n\n<p><strong>N\u00b0 3&nbsp;:<\/strong>&nbsp;<em>La chair vivante,<\/em>&nbsp;Exploration de la physiologie du yoga<em>,&nbsp;<\/em>de Peter Hersnack<\/p>\n\n\n\n<p><strong>N\u00b0 4&nbsp;:<\/strong>&nbsp;<em>Les cr\u00e9ations du corps et de l\u2019inconscient,&nbsp;<\/em>de Christiane Berthelet Lorelle<\/p>\n\n\n\n<p><strong>N\u00b0 5:<\/strong>&nbsp;<em>Yoga et sant\u00e9 \u00e9nerg\u00e9tique<\/em>, de Michel Alibert<\/p>\n\n\n\n<p><strong>N\u00b0 6&nbsp;:<\/strong>&nbsp;<em>La dimension relationnelle du yoga<\/em>, de Laurence Maman et Hellfried Krusche<\/p>\n\n\n\n<p><strong>N\u00b0 7&nbsp;:<\/strong>&nbsp;<em>Propos simples sur le yoga,&nbsp;<\/em>de Christiane Berthelet Lorelle, Mekhala Desikachar, Fran\u00e7oise Mazet, Simone Moors, Martyn Neal et B\u00e9atrice Viard<\/p>\n\n\n\n<p><strong>N\u00b0 8&nbsp;:<\/strong>&nbsp;<em>Au- del\u00e0 du corps,<\/em>&nbsp;T.K.V.Desikachar et Peter Hersnack. Voyage \u00e0 Madras racont\u00e9 par B\u00e9atrice Viard<\/p>\n\n\n\n<p><strong>N\u00b0 9&nbsp;:<\/strong>&nbsp;<em>Yoga-S\u00fbtra de Patanjali,&nbsp;<\/em>traduction et commentaire de Frans Moors<\/p>\n\n\n\n<p><strong>N\u00b0 10&nbsp;:<\/strong>&nbsp;<em>Silence et solitude,<\/em>&nbsp;de Marie-Fran\u00e7oise Garcia et No\u00ebl Dauvel<\/p>\n\n\n\n<p><strong>N\u00b0 11&nbsp;:<\/strong><em>&nbsp;Parole de corps<\/em>, de Carla Bartholom\u00e9e et Esther Berko<\/p>\n\n\n\n<p><strong>N\u00b0 12&nbsp;:<\/strong>&nbsp;<em>Le yoga un texte une pratique,&nbsp;<\/em>compos\u00e9 d\u2019articles des formateurs de l\u2019IFY<\/p>\n\n\n\n<p><strong>N\u00b0 13&nbsp;:<\/strong>&nbsp;<em>On ne sait pas ce que peut le corps,&nbsp;<\/em>de B\u00e9atrice Viard, accompagn\u00e9 du CD \u00ab&nbsp;<em>Le go\u00fbt de la<\/em>&nbsp;<em>posture<\/em>&nbsp;\u00bb de Marie-H\u00e9l\u00e8ne Roinat<\/p>\n\n\n\n<p><strong>N\u00b0 14&nbsp;:<\/strong>&nbsp;<em>Livret de chant du Yoga -S\u00fbtra de Patanjali,&nbsp;<\/em>de Martyn Neal accompagn\u00e9 de 2 CD<\/p>\n\n\n\n<p><strong>N\u00b0 15&nbsp;:<\/strong>&nbsp;<em>M\u00e9moire et changement<\/em>,de Lina Franco<\/p>\n\n\n\n<p><strong>N\u00b0 16&nbsp;:<\/strong>&nbsp;<em>M\u00e9ditation, identit\u00e9, langage,&nbsp;<\/em>Recueil d\u2019articles de formateurs de l\u2019IFY, d\u2019un linguiste et d\u2019un philosophe<\/p>\n\n\n\n<p><strong>N\u00b0 17 :<\/strong>&nbsp;<em>T.K.V. Desikachar.&nbsp;<\/em><em>Une<\/em>&nbsp;<em>histoire de transmission,&nbsp;<\/em>Recueil de t\u00e9moignages de ses \u00e9l\u00e8ves directs<\/p>\n\n\n\n<p><strong>N\u00b0 18 :<\/strong>&nbsp;<em>Mantra<\/em>&nbsp;(paru en&nbsp; juin 2021), de Laurence Maman, Martyn Neal, France et Simone Moors, et B\u00e9atrice Viard, compos\u00e9 de plusieurs articles sur l\u2019usage du son dans le yoga, il est accompagn\u00e9 de deux CD et d\u2019un livret complet des textes avec annotations de chants et indication de sens ou traduction.<\/p>\n","protected":false},"excerpt":{"rendered":"<p>L&rsquo;association IFY Poitou-Charentes propose par ailleurs \u00e0 la vente les Cahiers Pr\u00e9sence d&rsquo;Esprit.Contact&nbsp;:&nbsp;Claudine BOULESTIN : 12 La Garenne 16290 SAINT [&hellip;]<\/p>\n","protected":false},"author":7,"featured_media":0,"parent":6,"menu_order":5,"comment_status":"closed","ping_status":"closed","template":"","meta":[],"acf":[],"_links":{"self":[{"href":"https:\/\/www.ify.fr\/poitou-charentes\/wp-json\/wp\/v2\/pages\/980"}],"collection":[{"href":"https:\/\/www.ify.fr\/poitou-charentes\/wp-json\/wp\/v2\/pages"}],"about":[{"href":"https:\/\/www.ify.fr\/poitou-charentes\/wp-json\/wp\/v2\/types\/page"}],"author":[{"embeddable":true,"href":"https:\/\/www.ify.fr\/poitou-charentes\/wp-json\/wp\/v2\/users\/7"}],"replies":[{"embeddable":true,"href":"https:\/\/www.ify.fr\/poitou-charentes\/wp-json\/wp\/v2\/comments?post=980"}],"version-history":[{"count":3,"href":"https:\/\/www.ify.fr\/poitou-charentes\/wp-json\/wp\/v2\/pages\/980\/revisions"}],"predecessor-version":[{"id":1173,"href":"https:\/\/www.ify.fr\/poitou-charentes\/wp-json\/wp\/v2\/pages\/980\/revisions\/1173"}],"up":[{"embeddable":true,"href":"https:\/\/www.ify.fr\/poitou-charentes\/wp-json\/wp\/v2\/pages\/6"}],"wp:attachment":[{"href":"https:\/\/www.ify.fr\/poitou-charentes\/wp-json\/wp\/v2\/media?parent=980"}],"curies":[{"name":"wp","href":"https:\/\/api.w.org\/{rel}","templated":true}]}}