{"id":7,"date":"2022-06-20T11:30:40","date_gmt":"2022-06-20T09:30:40","guid":{"rendered":"https:\/\/www.ify.fr\/poitou-charentes\/bureau-et-ca\/"},"modified":"2026-01-09T14:28:54","modified_gmt":"2026-01-09T13:28:54","slug":"bureau-et-ca","status":"publish","type":"page","link":"https:\/\/www.ify.fr\/poitou-charentes\/bureau-et-ca\/","title":{"rendered":"Bureau et Conseil d&rsquo;Administration"},"content":{"rendered":"\n<h2 class=\"has-text-align-center\" id=\"le-conseil-d-administration\">LE CONSEIL D\u2019ADMINISTRATION<\/h2>\n\n\n\n<p class=\"has-text-align-center\"><strong>Copr\u00e9sidence<\/strong>&nbsp;: Armelle Fougeras &amp;&nbsp;Eddy Gaboraud<\/p>\n\n\n\n<p class=\"has-text-align-center\"><strong>Vice-Pr\u00e9sidente<\/strong>&nbsp;: Christiane Nowak<\/p>\n\n\n\n<p class=\"has-text-align-center\"><strong>Tr\u00e9sori\u00e8re<\/strong>&nbsp;: Claudine Boulestin<\/p>\n\n\n\n<p class=\"has-text-align-center\"><strong>Secr\u00e9taire<\/strong>&nbsp;: Patricia Favard<\/p>\n\n\n\n<p class=\"has-text-align-center\">Chantal Combeau<br>Nadine Besseau<br>V\u00e9ronique Fran\u00e7ois<br>Marie-Th\u00e9r\u00e8se Guilloteau<br>Sabine Menou<br>Fran\u00e7oise P\u00e9quin<br>Christine Oudot<br>Marie-Antoinette Salat<\/p>\n\n\n\n<p class=\"has-text-align-center\"><strong>Membres d\u2019honneur<\/strong> :&nbsp;Pierre Villanove<\/p>\n\n\n\n<h2 id=\"reunion-du-ca\">R\u00e9unions du Conseil d&rsquo;Administration<\/h2>\n\n\n\n<p class=\"has-text-align-center\">19 septembre 2025<br>05 d\u00e9cembre 2025<br>20 mars 2026<br>29 mai 2026<br>18 septembre 2026<\/p>\n\n\n\n<h2><\/h2>\n\n\n\n<p class=\"has-text-align-center has-couleur-2-color has-text-color\"><strong><em><a href=\"https:\/\/drive.google.com\/file\/d\/1QfxO_v7yD71AlpMEeJBnWc03aYrHT2Wr\/view?usp=share_link\" data-type=\"URL\" data-id=\"https:\/\/drive.google.com\/file\/d\/1QfxO_v7yD71AlpMEeJBnWc03aYrHT2Wr\/view?usp=share_link\">Les statuts de l&rsquo;Association<\/a><\/em><\/strong><\/p>\n","protected":false},"excerpt":{"rendered":"<p>LE CONSEIL D\u2019ADMINISTRATION Copr\u00e9sidence&nbsp;: Armelle Fougeras &amp;&nbsp;Eddy Gaboraud Vice-Pr\u00e9sidente&nbsp;: Christiane Nowak Tr\u00e9sori\u00e8re&nbsp;: Claudine Boulestin Secr\u00e9taire&nbsp;: Patricia Favard Chantal CombeauNadine BesseauV\u00e9ronique [&hellip;]<\/p>\n","protected":false},"author":1,"featured_media":0,"parent":0,"menu_order":0,"comment_status":"closed","ping_status":"closed","template":"","meta":[],"acf":[],"_links":{"self":[{"href":"https:\/\/www.ify.fr\/poitou-charentes\/wp-json\/wp\/v2\/pages\/7"}],"collection":[{"href":"https:\/\/www.ify.fr\/poitou-charentes\/wp-json\/wp\/v2\/pages"}],"about":[{"href":"https:\/\/www.ify.fr\/poitou-charentes\/wp-json\/wp\/v2\/types\/page"}],"author":[{"embeddable":true,"href":"https:\/\/www.ify.fr\/poitou-charentes\/wp-json\/wp\/v2\/users\/1"}],"replies":[{"embeddable":true,"href":"https:\/\/www.ify.fr\/poitou-charentes\/wp-json\/wp\/v2\/comments?post=7"}],"version-history":[{"count":6,"href":"https:\/\/www.ify.fr\/poitou-charentes\/wp-json\/wp\/v2\/pages\/7\/revisions"}],"predecessor-version":[{"id":1991,"href":"https:\/\/www.ify.fr\/poitou-charentes\/wp-json\/wp\/v2\/pages\/7\/revisions\/1991"}],"wp:attachment":[{"href":"https:\/\/www.ify.fr\/poitou-charentes\/wp-json\/wp\/v2\/media?parent=7"}],"curies":[{"name":"wp","href":"https:\/\/api.w.org\/{rel}","templated":true}]}}