{"id":6,"date":"2022-06-20T11:30:40","date_gmt":"2022-06-20T09:30:40","guid":{"rendered":"https:\/\/www.ify.fr\/poitou-charentes\/bibliographie\/"},"modified":"2024-12-16T14:52:52","modified_gmt":"2024-12-16T13:52:52","slug":"bibliographie","status":"publish","type":"page","link":"https:\/\/www.ify.fr\/poitou-charentes\/bibliographie\/","title":{"rendered":"Biblioth\u00e8que"},"content":{"rendered":"\n<p class=\"has-text-align-center has-typo-color has-bg-2-background-color has-text-color has-background has-medium-font-size\"><strong> Journal<em> PAS \u00e0 PAS<\/em><\/strong> : se reporter \u00e0 la page d\u00e9di\u00e9e au journal dans les <a rel=\"noreferrer noopener\" href=\"https:\/\/www.ify.fr\/poitou-charentes\/actualite\/prochaine-reunion-de-la-commission-journal\/\" target=\"_blank\"><strong>Actualit\u00e9s<\/strong>.<\/a><\/p>\n\n\n\n<h3 class=\"has-text-align-center has-typo-color has-text-color has-large-font-size\" id=\"le-yoga-ce-n-est-pas-que-sur-le-tapis\"><strong><em>Le yoga, ce n\u2019est pas que sur le tap<\/em><\/strong><em><strong>is<\/strong><\/em><\/h3>\n\n\n\n<div class=\"wp-block-image\"><figure class=\"aligncenter size-full\"><img loading=\"lazy\" width=\"410\" height=\"123\" src=\"https:\/\/www.ify.fr\/poitou-charentes\/wp-content\/uploads\/sites\/9\/2024\/12\/yoga-et-livres.jpg\" alt=\"\" class=\"wp-image-1432\" srcset=\"https:\/\/www.ify.fr\/poitou-charentes\/wp-content\/uploads\/sites\/9\/2024\/12\/yoga-et-livres.jpg 410w, https:\/\/www.ify.fr\/poitou-charentes\/wp-content\/uploads\/sites\/9\/2024\/12\/yoga-et-livres-300x90.jpg 300w\" sizes=\"(max-width: 410px) 100vw, 410px\" \/><\/figure><\/div>\n\n\n\n<h2 class=\"has-couleur-2-color has-text-color\" id=\"la-bibliotheque-ify-poitou-charentes\"><strong>La Biblioth\u00e8que IFY Poitou-Charentes<\/strong><\/h2>\n\n\n\n<p>L\u2019association IFY Poitou-Charentes<strong>&nbsp;<\/strong>met \u00e0 la disposition de ses adh\u00e9rents une biblioth\u00e8que de pr\u00eats de livres et revues sur le yoga. Les pr\u00eats d\u2019ouvrages et les retours se font de pr\u00e9f\u00e9rence pendant les stages de yoga aupr\u00e8s de <strong>Sylvie HYENNE<\/strong>, notre biblioth\u00e9caire.<\/p>\n\n\n\n<div class=\"wp-block-columns\">\n<div class=\"wp-block-column\">\n<ul><li><strong>propose<\/strong>&nbsp;une biblioth\u00e8que de pr\u00eat <\/li><li><strong>offre<\/strong>&nbsp;\u00e0 la vente la collection : <em style=\"color: initial\"><strong>Cahiers de Pr\u00e9sence&nbsp;d\u2019Esprit<\/strong>&nbsp;<\/em>, et met \u00e0 la disposition de ses adh\u00e9rents certains anciens num\u00e9ros.<\/li><li><strong>partage<\/strong>&nbsp;la d\u00e9couverte de ses ouvrages et de ses coups de coeur.<\/li><\/ul>\n\n\n\n<p>Pour permettre \u00e0 tous ses adh\u00e9rents, \u00e9l\u00e8ves d\u00e9butants comme professeurs confirm\u00e9s, de d\u00e9velopper et d\u2019approfondir leur connaissance du yoga,&nbsp;<strong>l\u2019IFY PC<\/strong> propose&nbsp;:<\/p>\n<\/div>\n<\/div>\n\n\n\n<h2 class=\"has-text-align-center has-couleur-2-color has-text-color has-medium-font-size\" id=\"cliquez-sur-les-liens-pour-plus-d-infos\"><strong><em>Cliquez sur les liens pour plus d&rsquo;infos.<\/em><\/strong><\/h2>\n\n\n\n<ul><li><strong>REVUES ET BULLETINS<\/strong><\/li><\/ul>\n\n\n\n<div class=\"wp-block-columns alignfull has-text-color has-background\" style=\"background-color:#ffffff;color:#000000;padding-top:35px;padding-right:35px;padding-bottom:35px;padding-left:35px\">\n<div class=\"wp-block-column\">\n<h3 class=\"has-text-align-center has-medium-font-size\" id=\"visite-virtuelle-1\" style=\"line-height:1.3;text-transform:capitalize\"><a href=\"https:\/\/www.ify.fr\/poitou-charentes\/?page_id=1153\">Le trimestriel Viniyoga<\/a><\/h3>\n\n\n\n<div class=\"wp-block-image\"><figure class=\"aligncenter size-full is-resized\"><img src=\"https:\/\/www.ify.fr\/poitou-charentes\/wp-content\/uploads\/sites\/9\/2024\/12\/vini-yoga-edited.jpg\" alt=\"\" class=\"wp-image-1428\" width=\"146\" \/><\/figure><\/div>\n\n\n\n<p class=\"has-text-align-center\">Une revue francophone qui a fait date dans l\u2019approfondissement et la connaissance du yoga. \u00c9tudes de postures, commentaire du&nbsp;<em>Yoga-S\u00fbtra,&nbsp;<\/em>enseignement de Krishnamacharya et de T.K.V.Desikachar, s\u00e9quences pratiques comment\u00e9es.Parcourez le mus\u00e9e depuis votre ordinateur. Id\u00e9al pour les \u00e9coles et les \u00e9v\u00e9nements.<\/p>\n<\/div>\n\n\n\n<div class=\"wp-block-column\">\n<h3 class=\"has-text-align-center has-medium-font-size\" id=\"expos-actuelles-1\" style=\"line-height:1.3;text-transform:capitalize\"><a rel=\"noreferrer noopener\" href=\"https:\/\/www.ify.fr\/poitou-charentes\/?page_id=1160\" target=\"_blank\">La revue Darshanam<\/a><\/h3>\n\n\n\n<div class=\"wp-block-image\"><figure class=\"aligncenter size-full is-resized\"><img loading=\"lazy\" src=\"https:\/\/www.ify.fr\/poitou-charentes\/wp-content\/uploads\/sites\/9\/2024\/12\/darshan.jpg\" alt=\"\" class=\"wp-image-1418\" width=\"142\" height=\"200\" \/><\/figure><\/div>\n\n\n\n<p class=\"has-text-align-center\">Donne un aper\u00e7u de l&rsquo;enseignement dispens\u00e9 au KYM, \u00e0 Chennai \/Madras aupr\u00e8s de Krishnamacharya et de T.K.V.Desikachar. Traductions d&rsquo;articles parus dans la revue \u00e9quivalente publi\u00e9e par le KYM.<\/p>\n<\/div>\n\n\n\n<div class=\"wp-block-column\">\n<h3 class=\"has-text-align-center has-medium-font-size\" id=\"infos-utiles-1\" style=\"line-height:1.3;text-transform:capitalize\"><a href=\"https:\/\/www.ify.fr\/poitou-charentes\/?page_id=1163\">Le journal de l&rsquo;association IFYPC<\/a><\/h3>\n\n\n\n<div class=\"wp-block-image\"><figure class=\"aligncenter size-medium is-resized\"><img loading=\"lazy\" src=\"https:\/\/www.ify.fr\/poitou-charentes\/wp-content\/uploads\/sites\/9\/2024\/12\/Pas-a-pas-mai-2024-208x300.jpg\" alt=\"\" class=\"wp-image-1419\" width=\"104\" height=\"150\" \/><\/figure><\/div>\n\n\n\n<p class=\"has-text-align-center\">Depuis le bulletin num\u00e9ro 1 (1990) &#8211; avec quelques lacunes- jusqu&rsquo;au journal <em>Pas \u00e0 pas<\/em><\/p>\n<\/div>\n<\/div>\n\n\n\n<div class=\"wp-block-columns alignfull has-text-color has-background\" style=\"background-color:#ffffff;color:#000000;padding-top:35px;padding-right:35px;padding-bottom:35px;padding-left:35px\">\n<div class=\"wp-block-column\">\n<h3 class=\"has-text-align-center has-medium-font-size\" id=\"visite-virtuelle-2\" style=\"line-height:1.3;text-transform:capitalize\"><strong><a href=\"https:\/\/www.ify.fr\/poitou-charentes\/?page_id=1179\">Aper\u00e7us d&rsquo;Aper\u00e7us<\/a><\/strong><\/h3>\n\n\n\n<div class=\"wp-block-image\"><figure class=\"aligncenter size-full is-resized\"><img loading=\"lazy\" src=\"https:\/\/www.ify.fr\/poitou-charentes\/wp-content\/uploads\/sites\/9\/2024\/12\/Apercus.jpg\" alt=\"\" class=\"wp-image-1420\" width=\"94\" height=\"134\" \/><\/figure><\/div>\n\n\n\n<p class=\"has-text-align-center\">Cet ouvrage publi\u00e9 pour les 10 ans de la revue <em>Aper\u00e7us <\/em>rassemble une s\u00e9lection d&rsquo;articles organis\u00e9e en 3 parties.<\/p>\n<\/div>\n\n\n\n<div class=\"wp-block-column\">\n<h3 class=\"has-text-align-center has-medium-font-size\" id=\"expos-actuelles-2\" style=\"line-height:1.3\"><strong><a rel=\"noreferrer noopener\" href=\"https:\/\/www.ify.fr\/poitou-charentes\/bibliographie\/bibliotheque-cahier-de-presence-desprit\/\" target=\"_blank\">Cahiers de Pr\u00e9sence d&rsquo;Esprit<\/a> <\/strong><\/h3>\n\n\n\n<div class=\"wp-block-image\"><figure class=\"aligncenter size-full is-resized\"><img loading=\"lazy\" src=\"https:\/\/www.ify.fr\/poitou-charentes\/wp-content\/uploads\/sites\/9\/2024\/12\/cahiers-de-presence-desprit.jpg\" alt=\"\" class=\"wp-image-1421\" width=\"120\" height=\"120\" srcset=\"https:\/\/www.ify.fr\/poitou-charentes\/wp-content\/uploads\/sites\/9\/2024\/12\/cahiers-de-presence-desprit.jpg 160w, https:\/\/www.ify.fr\/poitou-charentes\/wp-content\/uploads\/sites\/9\/2024\/12\/cahiers-de-presence-desprit-150x150.jpg 150w\" sizes=\"(max-width: 120px) 100vw, 120px\" \/><\/figure><\/div>\n\n\n\n<p>Recherches sur le yoga et son enseignement, en croisement avec les points de vue de notre propre culture, men\u00e9es par l\u2019association <strong>Pr\u00e9sence d\u2019Esprit<\/strong>.<\/p>\n<\/div>\n\n\n\n<div class=\"wp-block-column\">\n<h3 style=\"font-size:24px;line-height:1.3\"><\/h3>\n\n\n\n<p><\/p>\n<\/div>\n<\/div>\n\n\n\n<div class=\"wp-block-columns\">\n<div class=\"wp-block-column\" style=\"flex-basis:25%\">\n<p><strong>OUVRAGES SUR LE YOGA<\/strong><\/p>\n<\/div>\n\n\n\n<div class=\"wp-block-column\" style=\"flex-basis:50%\"><\/div>\n\n\n\n<div class=\"wp-block-column\" style=\"flex-basis:25%\">\n<p><strong>OUVRAGES DIVERS<\/strong><\/p>\n<\/div>\n<\/div>\n\n\n\n<div class=\"wp-block-columns\">\n<div class=\"wp-block-column\" style=\"flex-basis:100%\">\n<div class=\"wp-block-columns\">\n<div class=\"wp-block-column\" style=\"flex-basis:100%\">\n<div class=\"wp-block-columns\">\n<div class=\"wp-block-column\" style=\"flex-basis:25%\">\n<ul><li><strong><a href=\"https:\/\/www.ify.fr\/poitou-charentes\/bibliographie\/livres-bibliotheque-presentation-du-yoga\/\">Pr\u00e9sentation g\u00e9n\u00e9rale du yoga<\/a><\/strong><\/li><li><strong><a href=\"https:\/\/www.ify.fr\/poitou-charentes\/bibliographie\/livres-bibliotheque-la-pratique-du-yoga\/\">Pratique du yoga<\/a><\/strong><\/li><li><strong><a href=\"https:\/\/www.ify.fr\/poitou-charentes\/bibliographie\/livres-bibliotheque-yoga-et-anatomie\/\">Yoga et anatomie<\/a><\/strong><\/li><li><strong><a href=\"https:\/\/www.ify.fr\/poitou-charentes\/bibliographie\/livres-bibliotheque-yoga-et-sante\/\">Yoga et sant\u00e9<\/a><\/strong><\/li><li><strong><a href=\"https:\/\/www.ify.fr\/poitou-charentes\/bibliographie\/livres-bibliotheque-grands-textes-sanskrits\/\">Grands textes sanskrits<\/a><\/strong><\/li><li><strong><a href=\"https:\/\/www.ify.fr\/poitou-charentes\/bibliographie\/livres-bibliotheque-fonds-de-pierre-et-nicole-villanove\/\">Fonds Nicole Villanove<\/a><\/strong><\/li><\/ul>\n<\/div>\n\n\n\n<div class=\"wp-block-column\" style=\"flex-basis:50%\">\n<figure class=\"wp-block-image size-large\"><img loading=\"lazy\" width=\"1024\" height=\"768\" src=\"https:\/\/www.ify.fr\/poitou-charentes\/wp-content\/uploads\/sites\/9\/2023\/04\/P8124860-e1526137147710-1024x768.jpg\" alt=\"\" class=\"wp-image-634\" srcset=\"https:\/\/www.ify.fr\/poitou-charentes\/wp-content\/uploads\/sites\/9\/2023\/04\/P8124860-e1526137147710-1024x768.jpg 1024w, https:\/\/www.ify.fr\/poitou-charentes\/wp-content\/uploads\/sites\/9\/2023\/04\/P8124860-e1526137147710-300x225.jpg 300w, https:\/\/www.ify.fr\/poitou-charentes\/wp-content\/uploads\/sites\/9\/2023\/04\/P8124860-e1526137147710-768x576.jpg 768w, https:\/\/www.ify.fr\/poitou-charentes\/wp-content\/uploads\/sites\/9\/2023\/04\/P8124860-e1526137147710.jpg 1200w\" sizes=\"(max-width: 1024px) 100vw, 1024px\" \/><\/figure>\n<\/div>\n\n\n\n<div class=\"wp-block-column\" style=\"flex-basis:25%\">\n<ul><li><strong><a href=\"https:\/\/www.ify.fr\/poitou-charentes\/?page_id=1220\">Respiration<\/a><\/strong><\/li><li><strong><a href=\"https:\/\/www.ify.fr\/poitou-charentes\/livres-bibliotheque-meditation\/\">M\u00e9ditation<\/a><\/strong><\/li><li><a href=\"https:\/\/www.ify.fr\/poitou-charentes\/?page_id=1224\"><strong>Ouverture<\/strong><\/a><\/li><\/ul>\n<\/div>\n<\/div>\n<\/div>\n<\/div>\n<\/div>\n<\/div>\n","protected":false},"excerpt":{"rendered":"<p>Journal PAS \u00e0 PAS : se reporter \u00e0 la page d\u00e9di\u00e9e au journal dans les Actualit\u00e9s. Le yoga, ce n\u2019est [&hellip;]<\/p>\n","protected":false},"author":1,"featured_media":654,"parent":0,"menu_order":0,"comment_status":"closed","ping_status":"closed","template":"","meta":[],"acf":[],"_links":{"self":[{"href":"https:\/\/www.ify.fr\/poitou-charentes\/wp-json\/wp\/v2\/pages\/6"}],"collection":[{"href":"https:\/\/www.ify.fr\/poitou-charentes\/wp-json\/wp\/v2\/pages"}],"about":[{"href":"https:\/\/www.ify.fr\/poitou-charentes\/wp-json\/wp\/v2\/types\/page"}],"author":[{"embeddable":true,"href":"https:\/\/www.ify.fr\/poitou-charentes\/wp-json\/wp\/v2\/users\/1"}],"replies":[{"embeddable":true,"href":"https:\/\/www.ify.fr\/poitou-charentes\/wp-json\/wp\/v2\/comments?post=6"}],"version-history":[{"count":6,"href":"https:\/\/www.ify.fr\/poitou-charentes\/wp-json\/wp\/v2\/pages\/6\/revisions"}],"predecessor-version":[{"id":1434,"href":"https:\/\/www.ify.fr\/poitou-charentes\/wp-json\/wp\/v2\/pages\/6\/revisions\/1434"}],"wp:featuredmedia":[{"embeddable":true,"href":"https:\/\/www.ify.fr\/poitou-charentes\/wp-json\/wp\/v2\/media\/654"}],"wp:attachment":[{"href":"https:\/\/www.ify.fr\/poitou-charentes\/wp-json\/wp\/v2\/media?parent=6"}],"curies":[{"name":"wp","href":"https:\/\/api.w.org\/{rel}","templated":true}]}}