{"id":5,"date":"2022-06-20T11:30:40","date_gmt":"2022-06-20T09:30:40","guid":{"rendered":"https:\/\/www.ify.fr\/poitou-charentes\/adherer-a-lify-ide\/"},"modified":"2025-10-06T13:49:00","modified_gmt":"2025-10-06T11:49:00","slug":"adherer-a-lify-pc","status":"publish","type":"page","link":"https:\/\/www.ify.fr\/poitou-charentes\/adherer-a-lify-pc\/","title":{"rendered":"Adh\u00e9rer \u00e0 l&rsquo;IFY PC"},"content":{"rendered":"\n<p>L\u2019IFY Poitou-Charentes fonctionne essentiellement gr\u00e2ce \u00e0 la participation financi\u00e8re de ses adh\u00e9rents et au d\u00e9vouement de membres fortement investis dans la vie de l\u2019association.<\/p>\n\n\n\n<p><strong>Plusieurs niveaux de cotisation sont propos\u00e9s<\/strong>&nbsp;: (derni\u00e8re augmentation septembre 2024)<\/p>\n\n\n\n<div class=\"wp-block-columns\">\n<div class=\"wp-block-column\" style=\"flex-basis:500px\">\n<h2 class=\"has-text-align-center\" id=\"statuts\">STATUTS<\/h2>\n<\/div>\n\n\n\n<div class=\"wp-block-column\">\n<h2 class=\"has-text-align-center has-medium-font-size\" id=\"tarifs-2025-2026\">TARIFS 2025\/2026<\/h2>\n<\/div>\n<\/div>\n\n\n\n<div class=\"wp-block-columns\">\n<div class=\"wp-block-column\" style=\"flex-basis:500px\">\n<p>Adh\u00e9rent Simple : <\/p>\n\n\n\n<p>Membre actif&nbsp;: <\/p>\n\n\n\n<p>El\u00e8ve en Formation Non Enseignant : <\/p>\n\n\n\n<p>El\u00e8ve en Formation Enseignant : <\/p>\n\n\n\n<p>Professeur&nbsp;: <\/p>\n\n\n\n<p>Nouveau professeur (la 1<sup>\u00e8re<\/sup>ann\u00e9e d\u2019exercice seulement)&nbsp;: <\/p>\n<\/div>\n\n\n\n<div class=\"wp-block-column\">\n<p class=\"has-text-align-center\">20\u20ac<\/p>\n\n\n\n<p class=\"has-text-align-center\">52\u20ac<\/p>\n\n\n\n<p class=\"has-text-align-center\">50\u20ac<\/p>\n\n\n\n<p class=\"has-text-align-center\">58\u20ac<\/p>\n\n\n\n<p class=\"has-text-align-center\">115\u20ac<\/p>\n\n\n\n<p class=\"has-text-align-center\">90\u20ac<\/p>\n<\/div>\n<\/div>\n\n\n\n<p><strong>Cette cotisation annuelle permet de participer aux stages, de recevoir&nbsp;<em>Le Journal Pas \u00e0 pas<\/em>&nbsp;et d\u2019utiliser la biblioth\u00e8que de pr\u00eat.<\/strong><\/p>\n\n\n\n<p>Pour adh\u00e9rer et devenir membre de l\u2019 IFY Poitou-Charentes ou pour soutenir encore plus efficacement l\u2019association en tant que \u201cmembre actif\u201d (ce dernier choix inclut \u00e9galement&nbsp;<em>Le Journal Pas \u00e0 pas),&nbsp;<\/em>cliquez sur l\u2019un des liens suivants pour t\u00e9l\u00e9charger le bulletin d\u2019adh\u00e9sion vous correspondant :<\/p>\n\n\n\n<ol><li><strong><em><a href=\"https:\/\/www.ify.fr\/poitou-charentes\/wp-content\/uploads\/sites\/9\/2025\/09\/BUL_ADHESION_ADHERENT_IFY-PC_2025_2026.pdf\">Bulletin d\u2019adh\u00e9sion \u00c9l\u00e8ve&nbsp;2025-2026<\/a><\/em><\/strong><\/li><li><em><strong><a href=\"https:\/\/www.ify.fr\/poitou-charentes\/wp-content\/uploads\/sites\/9\/2025\/09\/BUL_ADHESION_MAC_IFY-PC_2025_2026.pdf\">Bulletin d&rsquo;adh\u00e9sion Membre Actif 2025-2026<\/a><\/strong><\/em><\/li><li><strong><em><a href=\"https:\/\/www.ify.fr\/poitou-charentes\/wp-content\/uploads\/sites\/9\/2025\/09\/BUL_ADHESION_ELEVE-EN-FORMATION_-IFY-PC_2025_2026.pdf\">Bulletin d\u2019adh\u00e9sion \u00c9l\u00e8ve en formation 2025-2026<\/a><\/em><\/strong><em>&nbsp;(Ce bulletin devra \u00eatre rempli lisiblement et remis, comme indiqu\u00e9 dans le document, avec un ch\u00e8que libell\u00e9 \u00e0 l\u2019ordre de \u201cIFY Poitou-Charentes\u201d.)<\/em><\/li><li><strong><a href=\"https:\/\/www.ify.fr\/poitou-charentes\/wp-content\/uploads\/sites\/9\/2025\/09\/BUL_ADHESION_PRO_NPRO_-IFY-PC_2025_2026.pdf\">Adh\u00e9sion Professeur&nbsp;2025-2026<\/a>&nbsp;<\/strong>(l\u2019adh\u00e9sion se fait en ligne sur le site de l\u2019<a href=\"https:\/\/www.ify.fr\/\">IFY nationa<\/a>l ou <a href=\"https:\/\/www.ify.fr\/poitou-charentes\/\">IFY PC<\/a> depuis&nbsp;votre&nbsp;ESPACE PRIV\u00c9)<\/li><li><em><strong><a href=\"https:\/\/www.ify.fr\/poitou-charentes\/wp-content\/uploads\/sites\/9\/2024\/09\/2023613_162732_QUESTIONNAIRE-DE-SANTE_VF-2.pdf\">Questionnaire de Sant\u00e9<\/a><\/strong><\/em>&nbsp;<em>(qui permet de savoir si vous devez fournir un certificat m\u00e9dical)<\/em><\/li><\/ol>\n\n\n\n<p><strong>Cette adh\u00e9sion peut \u00eatre souscrite avec une assurance (facultative)<\/strong>&nbsp;d\u00e9crite dans les diff\u00e9rents documents ci-apr\u00e8s :<\/p>\n\n\n\n<ol><li><a href=\"https:\/\/www.ify.fr\/poitou-charentes\/wp-content\/uploads\/sites\/9\/2025\/09\/202472_1276_RESPONSABILITE-CIVILE.pdf\">Attestation d\u2019assurance&nbsp;2025-2026<\/a><\/li><li><strong><em><a href=\"https:\/\/www.ify.fr\/poitou-charentes\/wp-content\/uploads\/sites\/9\/2025\/09\/202472_12757_NOTICE-ASSURANCE.pdf\">Notice <\/a><a rel=\"noreferrer noopener\" href=\"https:\/\/www.ify.fr\/poitou-charentes\/wp-content\/uploads\/sites\/9\/2025\/09\/202472_12757_NOTICE-ASSURANCE.pdf\" target=\"_blank\">assurance <\/a><a href=\"https:\/\/www.ify.fr\/poitou-charentes\/wp-content\/uploads\/sites\/9\/2025\/09\/202472_12757_NOTICE-ASSURANCE.pdf\">2025-2026<\/a><\/em><\/strong><\/li><li><strong><em><a href=\"https:\/\/www.ify.fr\/poitou-charentes\/wp-content\/uploads\/sites\/9\/2024\/09\/OPTIONS-1-ET-2-2.pdf\">B<\/a><a href=\"https:\/\/www.ify.fr\/poitou-charentes\/wp-content\/uploads\/sites\/9\/2025\/09\/MMA_OPTIONS-1-ET-2_-MAJ-23_07_2025.pdf\">ulletin d&rsquo;adh\u00e9sion aux garanties compl\u00e9mentaires<\/a><\/em><\/strong><\/li><li><em><strong>L\u2019association IFY Poitou-Charentes adh\u00e8re \u00e0 une <a href=\"https:\/\/www.ify.fr\/poitou-charentes\/wp-content\/uploads\/sites\/9\/2024\/09\/CHARTE_DEONTOLOGIQUE_28_02_2023-1.pdf\">charte de d\u00e9ontologie<\/a>&nbsp;<\/strong>mise en place par&nbsp;l<strong>\u2018<a href=\"https:\/\/www.ify.fr\/\">IFY<\/a>.<\/strong><\/em><\/li><\/ol>\n\n\n\n<div class=\"wp-container-69e185db424d9 wp-block-buttons\">\n<div class=\"wp-block-button\"><a class=\"wp-block-button__link\" href=\"https:\/\/maps.app.goo.gl\/bL8bTRqiEGCtFD9fA\" target=\"_blank\" rel=\"noreferrer noopener\">Visualisez la carte de nos cours IFY PC<\/a><\/div>\n<\/div>\n\n\n\n<p>ou si vous pr\u00e9f\u00e9rez une liste, voici<a href=\"https:\/\/www.ify.fr\/poitou-charentes\/wp-content\/uploads\/sites\/9\/2025\/10\/Annuaire-des-enseignants-IFY-PC-2025-2026-P2-au-01102025.pdf\"> l&rsquo;annuaire des enseignants 2025\/2026<\/a>.<\/p>\n\n\n\n<p>Vous pouvez trouver votre cours gr\u00e2ce \u00e0 votre code postal dans l&rsquo;onglet \u00ab\u00a0trouver un cours\u00a0\u00bb.<\/p>\n","protected":false},"excerpt":{"rendered":"<p>L\u2019IFY Poitou-Charentes fonctionne essentiellement gr\u00e2ce \u00e0 la participation financi\u00e8re de ses adh\u00e9rents et au d\u00e9vouement de membres fortement investis dans [&hellip;]<\/p>\n","protected":false},"author":1,"featured_media":559,"parent":0,"menu_order":0,"comment_status":"closed","ping_status":"closed","template":"","meta":[],"acf":[],"_links":{"self":[{"href":"https:\/\/www.ify.fr\/poitou-charentes\/wp-json\/wp\/v2\/pages\/5"}],"collection":[{"href":"https:\/\/www.ify.fr\/poitou-charentes\/wp-json\/wp\/v2\/pages"}],"about":[{"href":"https:\/\/www.ify.fr\/poitou-charentes\/wp-json\/wp\/v2\/types\/page"}],"author":[{"embeddable":true,"href":"https:\/\/www.ify.fr\/poitou-charentes\/wp-json\/wp\/v2\/users\/1"}],"replies":[{"embeddable":true,"href":"https:\/\/www.ify.fr\/poitou-charentes\/wp-json\/wp\/v2\/comments?post=5"}],"version-history":[{"count":6,"href":"https:\/\/www.ify.fr\/poitou-charentes\/wp-json\/wp\/v2\/pages\/5\/revisions"}],"predecessor-version":[{"id":1855,"href":"https:\/\/www.ify.fr\/poitou-charentes\/wp-json\/wp\/v2\/pages\/5\/revisions\/1855"}],"wp:featuredmedia":[{"embeddable":true,"href":"https:\/\/www.ify.fr\/poitou-charentes\/wp-json\/wp\/v2\/media\/559"}],"wp:attachment":[{"href":"https:\/\/www.ify.fr\/poitou-charentes\/wp-json\/wp\/v2\/media?parent=5"}],"curies":[{"name":"wp","href":"https:\/\/api.w.org\/{rel}","templated":true}]}}