{"id":1857,"date":"2025-10-06T14:56:18","date_gmt":"2025-10-06T12:56:18","guid":{"rendered":"https:\/\/www.ify.fr\/poitou-charentes\/?page_id=1857"},"modified":"2025-10-06T14:56:18","modified_gmt":"2025-10-06T12:56:18","slug":"le-bhagavad-gita-et-enseigner-le-yoga","status":"publish","type":"page","link":"https:\/\/www.ify.fr\/poitou-charentes\/le-bhagavad-gita-et-enseigner-le-yoga\/","title":{"rendered":"Le Bhagavad Gita et enseigner le yoga"},"content":{"rendered":"\n<h2 id=\"novembre-2025\">Novembre 2025<\/h2>\n\n\n\n<p>La BHAGAVAD G\u012aT\u0100 est un texte mythologique et philosophique de r\u00e9f\u00e9rence en Inde. Il pr\u00e9sente les principes fondamentaux du yoga.<br>Dans ce r\u00e9cit d\u2019un conflit familial menant \u00e0 une guerre fratricide, chaque \u00e9l\u00e9ment est m\u00e9taphorique :<br>Les th\u00e8mes principaux traitent de nos attitudes envers la vie.<br>Les personnages incarnent diff\u00e9rentes facettes de nos qualit\u00e9s int\u00e9rieures.<br>Le format dialogue illustre la relation entre enseignant et apprenant.<br>Nous analyserons chacune de ces m\u00e9taphores pour trouver de nouveaux supports \u00e0 la pratique du yoga et \u00e0 son enseignement.<\/p>\n\n\n\n<h2 id=\"janvier-2026\">Janvier 2026<\/h2>\n\n\n\n<p>ENSEIGNER LE YOGA <br>Cette post formation offrira un cadre pour discuter autour des principes fondamentaux de l&rsquo;enseignement du yoga. Plusieurs axes de r\u00e9flexion et de pratique seront trait\u00e9s :<br>\u2022 Quelle est la signification de \u00ab \u0100j\u1fc6a \u00bb ?<br>\u2022 Quelles sont les m\u00e9thodes et processus appropri\u00e9s ?<br>\u2022 Quelle est la posture ad\u00e9quate de l\u2019enseignant ?<br>\u2022 Quelles sont les distinctions entre l&rsquo;enseignement individuel et collectif ?<br>\u2022 Comment enrichir et approfondir l\u2019enseignement ?<br>Nous aborderons \u00e9galement vos \u00ab cas d\u2019\u00e9cole \u00bb c&rsquo;est-\u00e0-dire les probl\u00e9matiques rencontr\u00e9es dans vos cours aupr\u00e8s de vos \u00e9l\u00e8ves.<\/p>\n","protected":false},"excerpt":{"rendered":"<p>Novembre 2025 La BHAGAVAD G\u012aT\u0100 est un texte mythologique et philosophique de r\u00e9f\u00e9rence en Inde. Il pr\u00e9sente les principes fondamentaux [&hellip;]<\/p>\n","protected":false},"author":7,"featured_media":0,"parent":0,"menu_order":0,"comment_status":"closed","ping_status":"closed","template":"","meta":[],"acf":[],"_links":{"self":[{"href":"https:\/\/www.ify.fr\/poitou-charentes\/wp-json\/wp\/v2\/pages\/1857"}],"collection":[{"href":"https:\/\/www.ify.fr\/poitou-charentes\/wp-json\/wp\/v2\/pages"}],"about":[{"href":"https:\/\/www.ify.fr\/poitou-charentes\/wp-json\/wp\/v2\/types\/page"}],"author":[{"embeddable":true,"href":"https:\/\/www.ify.fr\/poitou-charentes\/wp-json\/wp\/v2\/users\/7"}],"replies":[{"embeddable":true,"href":"https:\/\/www.ify.fr\/poitou-charentes\/wp-json\/wp\/v2\/comments?post=1857"}],"version-history":[{"count":1,"href":"https:\/\/www.ify.fr\/poitou-charentes\/wp-json\/wp\/v2\/pages\/1857\/revisions"}],"predecessor-version":[{"id":1858,"href":"https:\/\/www.ify.fr\/poitou-charentes\/wp-json\/wp\/v2\/pages\/1857\/revisions\/1858"}],"wp:attachment":[{"href":"https:\/\/www.ify.fr\/poitou-charentes\/wp-json\/wp\/v2\/media?parent=1857"}],"curies":[{"name":"wp","href":"https:\/\/api.w.org\/{rel}","templated":true}]}}