{"id":1531,"date":"2025-01-14T09:09:00","date_gmt":"2025-01-14T08:09:00","guid":{"rendered":"https:\/\/www.ify.fr\/poitou-charentes\/?page_id=1531"},"modified":"2025-02-24T17:23:06","modified_gmt":"2025-02-24T16:23:06","slug":"shraddha-oser","status":"publish","type":"page","link":"https:\/\/www.ify.fr\/poitou-charentes\/shraddha-oser\/","title":{"rendered":"SHRADDA OSER"},"content":{"rendered":"\n<div class=\"wp-block-columns\">\n<div class=\"wp-block-column\">\n<div class=\"wp-block-image\"><figure class=\"aligncenter size-medium\"><img loading=\"lazy\" width=\"225\" height=\"300\" src=\"https:\/\/www.ify.fr\/poitou-charentes\/wp-content\/uploads\/sites\/9\/2025\/01\/Agnes-joly-225x300.jpg\" alt=\"\" class=\"wp-image-1532\" srcset=\"https:\/\/www.ify.fr\/poitou-charentes\/wp-content\/uploads\/sites\/9\/2025\/01\/Agnes-joly-225x300.jpg 225w, https:\/\/www.ify.fr\/poitou-charentes\/wp-content\/uploads\/sites\/9\/2025\/01\/Agnes-joly-768x1024.jpg 768w, https:\/\/www.ify.fr\/poitou-charentes\/wp-content\/uploads\/sites\/9\/2025\/01\/Agnes-joly-1152x1536.jpg 1152w, https:\/\/www.ify.fr\/poitou-charentes\/wp-content\/uploads\/sites\/9\/2025\/01\/Agnes-joly.jpg 1512w\" sizes=\"(max-width: 225px) 100vw, 225px\" \/><\/figure><\/div>\n\n\n\n<h2 class=\"has-text-align-center\" id=\"agnes-joly\">Agn\u00e8s Joly<\/h2>\n<\/div>\n<\/div>\n\n\n\n<p>Au sein du coll\u00e8ge des formateurs de l&rsquo;IFY depuis quelques ann\u00e9es, j&rsquo;ai \u00e0 c\u0153ur de faire perdurer la tradition, l&rsquo;enseignement que j&rsquo;ai re\u00e7u en tenant compte du contexte actuel. Dans mon parcours, j&rsquo;ai eu la chance de travailler avec Frans Moors, Claude Mar\u00e9chal puis Michel Alibert et Simone Moors, tous quatre relais de l&rsquo;enseignement de Mr TKV Desikachar.<\/p>\n\n\n\n<h2 id=\"le-stage\">Le stage<\/h2>\n\n\n\n<p>SHRADDH\u00c2 : pour Patanjali, <strong>s&rsquo;installer dans la confiance<\/strong> c&rsquo;est&nbsp; la premi\u00e8re des qualit\u00e9s n\u00e9cessaire pour s&rsquo;engager dans la voie du yoga, pour oser agir&#8230; Nous verrons ensemble ce que d&rsquo;autres textes, comme la Bhagavad G\u00eet\u00e2 en disent. A travers pratiques, \u00e9changes nous explorerons les outils que le yoga met \u00e0 notre disposition pour d\u00e9velopper cette valeur essentielle sur le chemin du yoga.<\/p>\n\n\n\n<h2 id=\"block-6d732495-95f2-41cb-af92-88754427e74d\">Infos pratiques<\/h2>\n\n\n\n<p><br><strong>Lieu <\/strong>: Hiersac<br><br><strong>Date et Heures<\/strong> :<br>Les 15 et 16 mars 2025<br><\/p>\n\n\n\n<p><br>Adh\u00e9rents : 70 \u20ac<br>El\u00e8ves en Formation : 60 \u20ac <br>Non adh\u00e9rents : 70 \u20ac + 20\u20ac d&rsquo;adh\u00e9sion<br>Ch\u00e8que \u00e0 l\u2019ordre de : IFY Poitou-Charentes<br><strong>Contact <\/strong>: Claudine Boulestin 06 67 28 14 75<br>Pour le stage, apporter tapis de pratique, petit banc et pique-nique convivial \u00e0 partager. N\u2019oubliez pas plaid et pull en fonction de la m\u00e9t\u00e9o.<br>En cas de d\u00e9sistement 7 jours avant le stage, il n\u2019y aura aucun remboursement sauf cas majeur document\u00e9.<\/p>\n","protected":false},"excerpt":{"rendered":"<p>Agn\u00e8s Joly Au sein du coll\u00e8ge des formateurs de l&rsquo;IFY depuis quelques ann\u00e9es, j&rsquo;ai \u00e0 c\u0153ur de faire perdurer la [&hellip;]<\/p>\n","protected":false},"author":7,"featured_media":0,"parent":0,"menu_order":0,"comment_status":"closed","ping_status":"closed","template":"","meta":[],"acf":[],"_links":{"self":[{"href":"https:\/\/www.ify.fr\/poitou-charentes\/wp-json\/wp\/v2\/pages\/1531"}],"collection":[{"href":"https:\/\/www.ify.fr\/poitou-charentes\/wp-json\/wp\/v2\/pages"}],"about":[{"href":"https:\/\/www.ify.fr\/poitou-charentes\/wp-json\/wp\/v2\/types\/page"}],"author":[{"embeddable":true,"href":"https:\/\/www.ify.fr\/poitou-charentes\/wp-json\/wp\/v2\/users\/7"}],"replies":[{"embeddable":true,"href":"https:\/\/www.ify.fr\/poitou-charentes\/wp-json\/wp\/v2\/comments?post=1531"}],"version-history":[{"count":6,"href":"https:\/\/www.ify.fr\/poitou-charentes\/wp-json\/wp\/v2\/pages\/1531\/revisions"}],"predecessor-version":[{"id":1623,"href":"https:\/\/www.ify.fr\/poitou-charentes\/wp-json\/wp\/v2\/pages\/1531\/revisions\/1623"}],"wp:attachment":[{"href":"https:\/\/www.ify.fr\/poitou-charentes\/wp-json\/wp\/v2\/media?parent=1531"}],"curies":[{"name":"wp","href":"https:\/\/api.w.org\/{rel}","templated":true}]}}