{"id":1487,"date":"2025-01-12T00:03:31","date_gmt":"2025-01-11T23:03:31","guid":{"rendered":"https:\/\/www.ify.fr\/poitou-charentes\/?page_id=1487"},"modified":"2025-01-12T00:03:31","modified_gmt":"2025-01-11T23:03:31","slug":"le-yoga-une-pratique-un-etat-detre-un-art-de-vivre-au-quotidien","status":"publish","type":"page","link":"https:\/\/www.ify.fr\/poitou-charentes\/le-yoga-une-pratique-un-etat-detre-un-art-de-vivre-au-quotidien\/","title":{"rendered":"Le yoga, une pratique, un \u00e9tat d&rsquo;\u00eatre, un art de vivre au quotidien."},"content":{"rendered":"\n<p><\/p>\n\n\n\n<div class=\"wp-block-columns\">\n<div class=\"wp-block-column\">\n<figure class=\"wp-block-image size-large\"><img loading=\"lazy\" width=\"737\" height=\"1024\" src=\"https:\/\/www.ify.fr\/poitou-charentes\/wp-content\/uploads\/sites\/9\/2023\/03\/Christiane.Nowak_.IMG-20230123-WA0000-e1736635509309-737x1024.jpg\" alt=\"\" class=\"wp-image-342\" srcset=\"https:\/\/www.ify.fr\/poitou-charentes\/wp-content\/uploads\/sites\/9\/2023\/03\/Christiane.Nowak_.IMG-20230123-WA0000-e1736635509309-737x1024.jpg 737w, https:\/\/www.ify.fr\/poitou-charentes\/wp-content\/uploads\/sites\/9\/2023\/03\/Christiane.Nowak_.IMG-20230123-WA0000-e1736635509309-216x300.jpg 216w, https:\/\/www.ify.fr\/poitou-charentes\/wp-content\/uploads\/sites\/9\/2023\/03\/Christiane.Nowak_.IMG-20230123-WA0000-e1736635509309-768x1068.jpg 768w, https:\/\/www.ify.fr\/poitou-charentes\/wp-content\/uploads\/sites\/9\/2023\/03\/Christiane.Nowak_.IMG-20230123-WA0000-e1736635509309-1105x1536.jpg 1105w, https:\/\/www.ify.fr\/poitou-charentes\/wp-content\/uploads\/sites\/9\/2023\/03\/Christiane.Nowak_.IMG-20230123-WA0000-e1736635509309.jpg 1300w\" sizes=\"(max-width: 737px) 100vw, 737px\" \/><\/figure>\n<\/div>\n\n\n\n<div class=\"wp-block-column\">\n<p>Puisant dans l&rsquo;enseignement des grands ma\u00eetres indiens Krishnamacharya et T.K.V. Desikachar, le yoga diffus\u00e9 par les professeurs de l&rsquo;association IFY PC se veut \u00e0 la fois respectueux de la tradition transmise dans Le Yoga S\u00fbtra de Patanjali et pleinement inscrit dans le monde d&rsquo;aujourd&rsquo;hui.<br>Un yoga complet, prenant en compte vie sociale, professionnelle, psychique et spirituelle et privil\u00e9giant la singularit\u00e9 et la libert\u00e9 de chacun.<br>Le yoga universel et sa pratique est ouverte \u00e0 toute personne d\u00e9sireuse de d\u00e9couvrir, exp\u00e9rimenter, approfondir la relation corps\/souffle\/esprit.<br>En cours collectif comme en cours particulier, postures, exercices respiratoires et temps de m\u00e9ditation sont combin\u00e9s afin de pr\u00e9server la sant\u00e9 au sens large et d&rsquo;aller vers plus d&rsquo;harmonie, de pr\u00e9sence et de libert\u00e9.<br>Prendre le temps pour soi.<br>Faire silence \u00e0 l&rsquo;\u00e9coute de son corps, de son souffle, de son \u00eatre profond.<br>Sur son tapis de pratique, associer effort juste et d\u00e9tente, harmoniser geste et souffle jusqu&rsquo;\u00e0 laisser circuler l&rsquo;\u00e9nergie et la vie \u00e0 l&rsquo;int\u00e9rieur de chaque mouvement.<br>Vivre plus pleinement, plus consciemment, plus simplement chaque instant.<br>Se donner l&rsquo;audace d&rsquo;\u00eatre.<\/p>\n<\/div>\n<\/div>\n\n\n\n<p>\u00ab\u00a0L&rsquo;essentiel dans la vie est de se tenir debout, sur de fermes appuis, sans fard, regarder droit devant soit, avancer sans tension, dans la direction souhait\u00e9e, sans se retourner.\u00a0\u00bb<br>T.K.V. Desikachar<\/p>\n\n\n\n<p><\/p>\n\n\n\n<p><\/p>\n\n\n\n<p><\/p>\n\n\n\n<p><\/p>\n\n\n\n<p><\/p>\n\n\n\n<p><\/p>\n\n\n\n<p><\/p>\n\n\n\n<p><\/p>\n\n\n\n<p><\/p>\n","protected":false},"excerpt":{"rendered":"<p>Puisant dans l&rsquo;enseignement des grands ma\u00eetres indiens Krishnamacharya et T.K.V. Desikachar, le yoga diffus\u00e9 par les professeurs de l&rsquo;association IFY [&hellip;]<\/p>\n","protected":false},"author":7,"featured_media":0,"parent":0,"menu_order":0,"comment_status":"closed","ping_status":"closed","template":"","meta":[],"acf":[],"_links":{"self":[{"href":"https:\/\/www.ify.fr\/poitou-charentes\/wp-json\/wp\/v2\/pages\/1487"}],"collection":[{"href":"https:\/\/www.ify.fr\/poitou-charentes\/wp-json\/wp\/v2\/pages"}],"about":[{"href":"https:\/\/www.ify.fr\/poitou-charentes\/wp-json\/wp\/v2\/types\/page"}],"author":[{"embeddable":true,"href":"https:\/\/www.ify.fr\/poitou-charentes\/wp-json\/wp\/v2\/users\/7"}],"replies":[{"embeddable":true,"href":"https:\/\/www.ify.fr\/poitou-charentes\/wp-json\/wp\/v2\/comments?post=1487"}],"version-history":[{"count":2,"href":"https:\/\/www.ify.fr\/poitou-charentes\/wp-json\/wp\/v2\/pages\/1487\/revisions"}],"predecessor-version":[{"id":1490,"href":"https:\/\/www.ify.fr\/poitou-charentes\/wp-json\/wp\/v2\/pages\/1487\/revisions\/1490"}],"wp:attachment":[{"href":"https:\/\/www.ify.fr\/poitou-charentes\/wp-json\/wp\/v2\/media?parent=1487"}],"curies":[{"name":"wp","href":"https:\/\/api.w.org\/{rel}","templated":true}]}}