{"id":1447,"date":"2024-12-20T13:00:47","date_gmt":"2024-12-20T12:00:47","guid":{"rendered":"https:\/\/www.ify.fr\/poitou-charentes\/?page_id=1447"},"modified":"2025-01-14T09:33:50","modified_gmt":"2025-01-14T08:33:50","slug":"invitation-au-yoga-nidra","status":"publish","type":"page","link":"https:\/\/www.ify.fr\/poitou-charentes\/invitation-au-yoga-nidra\/","title":{"rendered":"Invitation au Yoga-Nidr\u00e2 et au voyage sonore"},"content":{"rendered":"\n<div class=\"wp-block-columns\">\n<div class=\"wp-block-column\" style=\"flex-basis:25%\">\n<h2 class=\"has-text-align-center\" id=\"maite-baron-1\">Ma\u00eft\u00e9<br>Baron<\/h2>\n\n\n\n<p class=\"has-text-align-center\">professeur de yoga dipl\u00f4m\u00e9e par l\u2019IFY en 2004 et form\u00e9e au yoga-nidr\u00e2 par Matthieu<\/p>\n<\/div>\n\n\n\n<div class=\"wp-block-column\" style=\"flex-basis:50%\">\n<figure class=\"wp-block-image size-large\"><img src=\"https:\/\/www.ify.fr\/poitou-charentes\/wp-content\/uploads\/sites\/9\/2025\/01\/2024-yoga-nidra-animatrices-1024x768.jpg\" alt=\"\" class=\"wp-image-1516\" \/><\/figure>\n<\/div>\n\n\n\n<div class=\"wp-block-column\" style=\"flex-basis:25%\">\n<h2 class=\"has-text-align-center\" id=\"catherinebayard\">Catherine<br>Bayard<\/h2>\n\n\n\n<p class=\"has-text-align-center\">coach en bien-\u00eatre et sonoth\u00e9rapeute<\/p>\n<\/div>\n<\/div>\n\n\n\n<h2 class=\"has-text-align-center\" id=\"invitation-au-yoga-nidra-et-au-voyage-sonore\">Invitation au Yoga-Nidr\u00e2 et au voyage sonore<\/h2>\n\n\n\n<p class=\"has-text-align-left\">Dans un monde agit\u00e9 o\u00f9 tout change constamment, le Yoga- Nidr\u00e2 et les sons des bols tib\u00e9tains permettent de renouer avec l\u2019\u00e9tat naturel de notre \u00eatre v\u00e9ritable pour y d\u00e9couvrir une paix et une joie immuables, une pr\u00e9sence bienheureuse qui demeure inchang\u00e9e quelles que soient les circonstances ext\u00e9rieures de notre vie.<br>La pratique du Yoga-Nidr\u00e2 permet de reconna\u00eetre un repos constant au c\u0153ur m\u00eame de l\u2019action, un espace de tranquillit\u00e9 in\u00e9branlable et imp\u00e9rissable, toujours pr\u00e9sent, qui embrasse non seulement les diff\u00e9rents \u00e9tats physiques, \u00e9motionnels et mentaux, mais aussi les diff\u00e9rents \u00e9tats de la conscience que sont la veille, le r\u00eave et le sommeil profond.<\/p>\n\n\n\n<h2 id=\"block-6d732495-95f2-41cb-af92-88754427e74d\">Infos pratiques<\/h2>\n\n\n\n<p><br><strong>Lieu <\/strong>: salle de motricit\u00e9 de l\u2019\u00e9cole maternelle de Brie &#8211;  75 route de la Pr\u00e9v\u00f4terie 16590 Brie<br><br><strong>Date et Heures<\/strong> :<br>Le 14 d\u00e9cembre 2024 par demie journ\u00e9e, soit de 9h30 \u00e0 12h00 ou de 14h30 \u00e0 17h00.<\/p>\n\n\n\n<p><br>Adh\u00e9rents : 15\u20ac<br>Non adh\u00e9rents : 15\u20ac + 20\u20ac d&rsquo;adh\u00e9sion<br>Ch\u00e8que \u00e0 l\u2019ordre de : IFY Poitou-Charentes<br><strong>Contact <\/strong>: Claudine Boulestin 06 67 28 14 75<br>Pour le stage, apporter tapis de pratique, petit banc et pique-nique convivial \u00e0 partager. N\u2019oubliez pas plaid et pull en fonction de la m\u00e9t\u00e9o.<br>En cas de d\u00e9sistement 7 jours avant le stage, il n\u2019y aura aucun remboursement sauf cas majeur document\u00e9.<\/p>\n","protected":false},"excerpt":{"rendered":"<p>Ma\u00eft\u00e9Baron professeur de yoga dipl\u00f4m\u00e9e par l\u2019IFY en 2004 et form\u00e9e au yoga-nidr\u00e2 par Matthieu CatherineBayard coach en bien-\u00eatre et [&hellip;]<\/p>\n","protected":false},"author":7,"featured_media":1518,"parent":0,"menu_order":0,"comment_status":"closed","ping_status":"closed","template":"","meta":[],"acf":[],"_links":{"self":[{"href":"https:\/\/www.ify.fr\/poitou-charentes\/wp-json\/wp\/v2\/pages\/1447"}],"collection":[{"href":"https:\/\/www.ify.fr\/poitou-charentes\/wp-json\/wp\/v2\/pages"}],"about":[{"href":"https:\/\/www.ify.fr\/poitou-charentes\/wp-json\/wp\/v2\/types\/page"}],"author":[{"embeddable":true,"href":"https:\/\/www.ify.fr\/poitou-charentes\/wp-json\/wp\/v2\/users\/7"}],"replies":[{"embeddable":true,"href":"https:\/\/www.ify.fr\/poitou-charentes\/wp-json\/wp\/v2\/comments?post=1447"}],"version-history":[{"count":5,"href":"https:\/\/www.ify.fr\/poitou-charentes\/wp-json\/wp\/v2\/pages\/1447\/revisions"}],"predecessor-version":[{"id":1553,"href":"https:\/\/www.ify.fr\/poitou-charentes\/wp-json\/wp\/v2\/pages\/1447\/revisions\/1553"}],"wp:featuredmedia":[{"embeddable":true,"href":"https:\/\/www.ify.fr\/poitou-charentes\/wp-json\/wp\/v2\/media\/1518"}],"wp:attachment":[{"href":"https:\/\/www.ify.fr\/poitou-charentes\/wp-json\/wp\/v2\/media?parent=1447"}],"curies":[{"name":"wp","href":"https:\/\/api.w.org\/{rel}","templated":true}]}}