{"id":1224,"date":"2024-06-17T14:45:44","date_gmt":"2024-06-17T12:45:44","guid":{"rendered":"https:\/\/www.ify.fr\/poitou-charentes\/?page_id=1224"},"modified":"2024-06-17T14:45:44","modified_gmt":"2024-06-17T12:45:44","slug":"ouverture","status":"publish","type":"page","link":"https:\/\/www.ify.fr\/poitou-charentes\/bibliographie\/ouverture\/","title":{"rendered":"Ouverture"},"content":{"rendered":"\n<ul><li>T.K.V. Desikachar, avec Martyn Neal, <em>En<\/em><em> <\/em><em>qu\u00eate<\/em><em> <\/em><em>de<\/em><em> <\/em><em>soi, <\/em>\u00e9d. Agamat, 1999<\/li><li>Arnaud Desjardins, avec Gilles Farcet, <em>Regards sages sur un monde fou, <\/em>France-Loisirs, 1998<\/li><li>Isabelle Filliozat, <em>L&rsquo;intelligence du c\u0153ur, <\/em>Marabout<\/li><li>J. Krishnamurti et David Bohm, <em>Le temps aboli, dialogues, <\/em>Le Rocher, 1987<\/li><li>Mary Lutyens, <em>Krishnamurti. Les ann\u00e9es de l&rsquo;\u00e9veil, <\/em>\u00e9d.Arista, 1982<\/li><li>Carlo Suar\u00e8s, <em>Entretiens avec J. Krishnamurti, <\/em>Le Courrier du livre, 1966<\/li><li>Milarepa, <em>Les Cent Mille Chants, <\/em>traduit du tib\u00e9tain et annot\u00e9 par Marie-Jos\u00e9 Lamothe, Fayard, 1986<\/li><li>Moiz Palaci, <em>instanti, irripetibili instanti. Extrait d&rsquo;une Recherche, <\/em>Associazione italiana di raja yoga Plaquette textes en fran\u00e7ais et illustrations de l&rsquo;auteur<\/li><li>Matthieu Ricard, <em>Plaidoyer pour le bonheur, <\/em>France-Loisirs, 2003<\/li><li>Matthieu Ricard, <em>Plaidoyer pour l&rsquo;altruisme<\/em>, \u00e9d. Nil, 2013<\/li><li>Fran\u00e7ois Roux, <em>Harmoniques, <\/em>\u00e9d. Agamat, 1996<\/li><li>Sous la direction de Paule Salomon et Nathalie Calm\u00e9, <em>Le couple int\u00e9rieur, <\/em>Albin Michel, 1998<\/li><li>Rudolf Steiner, <em>\u00c9tude de la nature humaine, <\/em>Triades, 1970<\/li><li>Thich Nhat Hanh, <em>La Terre est ma demeure. Mon autobiographie, <\/em>Pocket, 2018 Et aussi&#8230;<\/li><li>Claire et Christian Gaudin, <em>Yoga et Pr\u00e2na pour chats,<\/em>\u00e9d. Source-La Sir\u00e8ne<\/li><li>David Michie, <em>Le chat du Dala\u00ef Lama, <\/em>\u00e9d. Leduc Poche<\/li><\/ul>\n","protected":false},"excerpt":{"rendered":"<p>T.K.V. Desikachar, avec Martyn Neal, En qu\u00eate de soi, \u00e9d. Agamat, 1999 Arnaud Desjardins, avec Gilles Farcet, Regards sages sur [&hellip;]<\/p>\n","protected":false},"author":7,"featured_media":0,"parent":6,"menu_order":14,"comment_status":"closed","ping_status":"closed","template":"","meta":[],"acf":[],"_links":{"self":[{"href":"https:\/\/www.ify.fr\/poitou-charentes\/wp-json\/wp\/v2\/pages\/1224"}],"collection":[{"href":"https:\/\/www.ify.fr\/poitou-charentes\/wp-json\/wp\/v2\/pages"}],"about":[{"href":"https:\/\/www.ify.fr\/poitou-charentes\/wp-json\/wp\/v2\/types\/page"}],"author":[{"embeddable":true,"href":"https:\/\/www.ify.fr\/poitou-charentes\/wp-json\/wp\/v2\/users\/7"}],"replies":[{"embeddable":true,"href":"https:\/\/www.ify.fr\/poitou-charentes\/wp-json\/wp\/v2\/comments?post=1224"}],"version-history":[{"count":1,"href":"https:\/\/www.ify.fr\/poitou-charentes\/wp-json\/wp\/v2\/pages\/1224\/revisions"}],"predecessor-version":[{"id":1225,"href":"https:\/\/www.ify.fr\/poitou-charentes\/wp-json\/wp\/v2\/pages\/1224\/revisions\/1225"}],"up":[{"embeddable":true,"href":"https:\/\/www.ify.fr\/poitou-charentes\/wp-json\/wp\/v2\/pages\/6"}],"wp:attachment":[{"href":"https:\/\/www.ify.fr\/poitou-charentes\/wp-json\/wp\/v2\/media?parent=1224"}],"curies":[{"name":"wp","href":"https:\/\/api.w.org\/{rel}","templated":true}]}}