{"id":1179,"date":"2024-06-17T13:12:32","date_gmt":"2024-06-17T11:12:32","guid":{"rendered":"https:\/\/www.ify.fr\/poitou-charentes\/?page_id=1179"},"modified":"2024-06-17T13:12:32","modified_gmt":"2024-06-17T11:12:32","slug":"apercus-dapercus","status":"publish","type":"page","link":"https:\/\/www.ify.fr\/poitou-charentes\/bibliographie\/apercus-dapercus\/","title":{"rendered":"Aper\u00e7us d&rsquo;Aper\u00e7us"},"content":{"rendered":"\n<p>\u00e9dition YTE, Narbonne<\/p>\n\n\n\n<p>Cet ouvrage publi\u00e9 pour les 10 ans de la revue <em>Aper\u00e7us <\/em>rassemble une s\u00e9lection d&rsquo;articles organis\u00e9e en 3 parties :<\/p>\n\n\n\n<ul><li><em>Yoga S\u00fbtra <\/em>comment\u00e9s par Martyn Neal, formateur IFY<\/li><li>postures pr\u00e9sent\u00e9es et analys\u00e9es par Cathy Couloumi\u00e8s<\/li><li>textes sacr\u00e9s et chant v\u00e9dique comment\u00e9s par Robert Fajon<\/li><\/ul>\n","protected":false},"excerpt":{"rendered":"<p>\u00e9dition YTE, Narbonne Cet ouvrage publi\u00e9 pour les 10 ans de la revue Aper\u00e7us rassemble une s\u00e9lection d&rsquo;articles organis\u00e9e en [&hellip;]<\/p>\n","protected":false},"author":7,"featured_media":0,"parent":6,"menu_order":4,"comment_status":"closed","ping_status":"closed","template":"","meta":[],"acf":[],"_links":{"self":[{"href":"https:\/\/www.ify.fr\/poitou-charentes\/wp-json\/wp\/v2\/pages\/1179"}],"collection":[{"href":"https:\/\/www.ify.fr\/poitou-charentes\/wp-json\/wp\/v2\/pages"}],"about":[{"href":"https:\/\/www.ify.fr\/poitou-charentes\/wp-json\/wp\/v2\/types\/page"}],"author":[{"embeddable":true,"href":"https:\/\/www.ify.fr\/poitou-charentes\/wp-json\/wp\/v2\/users\/7"}],"replies":[{"embeddable":true,"href":"https:\/\/www.ify.fr\/poitou-charentes\/wp-json\/wp\/v2\/comments?post=1179"}],"version-history":[{"count":1,"href":"https:\/\/www.ify.fr\/poitou-charentes\/wp-json\/wp\/v2\/pages\/1179\/revisions"}],"predecessor-version":[{"id":1180,"href":"https:\/\/www.ify.fr\/poitou-charentes\/wp-json\/wp\/v2\/pages\/1179\/revisions\/1180"}],"up":[{"embeddable":true,"href":"https:\/\/www.ify.fr\/poitou-charentes\/wp-json\/wp\/v2\/pages\/6"}],"wp:attachment":[{"href":"https:\/\/www.ify.fr\/poitou-charentes\/wp-json\/wp\/v2\/media?parent=1179"}],"curies":[{"name":"wp","href":"https:\/\/api.w.org\/{rel}","templated":true}]}}