{"id":1018,"date":"2024-03-01T13:43:36","date_gmt":"2024-03-01T12:43:36","guid":{"rendered":"https:\/\/www.ify.fr\/poitou-charentes\/?page_id=1018"},"modified":"2024-03-01T13:49:50","modified_gmt":"2024-03-01T12:49:50","slug":"livres-bibliotheque-dautres-lectures","status":"publish","type":"page","link":"https:\/\/www.ify.fr\/poitou-charentes\/bibliographie\/livres-bibliotheque-dautres-lectures\/","title":{"rendered":"Livres biblioth\u00e8que\/D&rsquo;autres lectures"},"content":{"rendered":"\n<p><strong>Arnaud Desjardins, avec Gilles Farcet<\/strong>,&nbsp;<em>Regards sages sur un monde fou,&nbsp;<\/em>\u00e9d. France-Loisirs, 1998<\/p>\n\n\n\n<p><strong>Fran\u00e7ois Roux,<\/strong>&nbsp;<em>Harmoniques,&nbsp;<\/em>\u00e9d. Agamat, 1996<\/p>\n\n\n\n<p><strong>Isabelle Filliozat,<\/strong>&nbsp;<em>L\u2019intelligence du c\u0153ur,&nbsp;<\/em>\u00e9d. Marabout<\/p>\n\n\n\n<p><strong>J. Krishnamurti et David Bohm<\/strong>,&nbsp;<em>Le temps aboli, dialogues<\/em>, \u00e9d. Le Rocher, 1987<\/p>\n\n\n\n<p><strong>Mary Lutyens<\/strong>,&nbsp;<em>Krishnamurti. Les ann\u00e9es de l\u2019\u00e9veil<\/em>, \u00e9d. Arista, 1982<\/p>\n\n\n\n<p><strong>Carlos Suar\u00e8s<\/strong>,&nbsp;<em>Entretiens avec J. Krishnamurti<\/em>, \u00e9d. Le Courrier du livre, 1966<\/p>\n\n\n\n<p><strong>Milarepa<\/strong>,&nbsp;<em>Les Cent Mille Chants<\/em>, traduit du tib\u00e9tain et annot\u00e9 par Marie-Jos\u00e9 Lamothe, \u00e9d. Fayard, 1986<\/p>\n\n\n\n<p><strong>Moiz Palaci<\/strong>,&nbsp;<em>instanti, irripetibili instanti. Extraits d\u2019une Recherche<\/em>, Associazione italiana di raja yoga<\/p>\n\n\n\n<p><strong>Matthieu Ricard<\/strong>,&nbsp;<em>Plaidoyer pour le bonheur,&nbsp;<\/em>\u00e9d. France-Loisirs, 2003<\/p>\n\n\n\n<p><strong>Matthieu Ricard<\/strong>,&nbsp;<em>Plaidoyer pour l\u2019altruisme<\/em>, \u00e9d. Nil, 2013<\/p>\n\n\n\n<p>Sous la direction de <strong>Paule Salomon et Nathalie Calm\u00e9<\/strong>,&nbsp;<em>Le couple int\u00e9rieur<\/em>, \u00e9d. Albin Michel, 1998<\/p>\n\n\n\n<p><strong>Rudolf Steiner<\/strong>,&nbsp;<em>\u00c9tude de la nature humaine<\/em>, \u00e9d. Triades, 1970<\/p>\n\n\n\n<p><strong>Thich Nath Hanh<\/strong>,&nbsp;<em>La terre est ma demeure. Mon autobiographie<\/em>, \u00e9d. Pocket, 2018<\/p>\n","protected":false},"excerpt":{"rendered":"<p>Arnaud Desjardins, avec Gilles Farcet,&nbsp;Regards sages sur un monde fou,&nbsp;\u00e9d. France-Loisirs, 1998 Fran\u00e7ois Roux,&nbsp;Harmoniques,&nbsp;\u00e9d. Agamat, 1996 Isabelle Filliozat,&nbsp;L\u2019intelligence du c\u0153ur,&nbsp;\u00e9d. [&hellip;]<\/p>\n","protected":false},"author":7,"featured_media":0,"parent":6,"menu_order":9,"comment_status":"closed","ping_status":"closed","template":"","meta":[],"acf":[],"_links":{"self":[{"href":"https:\/\/www.ify.fr\/poitou-charentes\/wp-json\/wp\/v2\/pages\/1018"}],"collection":[{"href":"https:\/\/www.ify.fr\/poitou-charentes\/wp-json\/wp\/v2\/pages"}],"about":[{"href":"https:\/\/www.ify.fr\/poitou-charentes\/wp-json\/wp\/v2\/types\/page"}],"author":[{"embeddable":true,"href":"https:\/\/www.ify.fr\/poitou-charentes\/wp-json\/wp\/v2\/users\/7"}],"replies":[{"embeddable":true,"href":"https:\/\/www.ify.fr\/poitou-charentes\/wp-json\/wp\/v2\/comments?post=1018"}],"version-history":[{"count":1,"href":"https:\/\/www.ify.fr\/poitou-charentes\/wp-json\/wp\/v2\/pages\/1018\/revisions"}],"predecessor-version":[{"id":1019,"href":"https:\/\/www.ify.fr\/poitou-charentes\/wp-json\/wp\/v2\/pages\/1018\/revisions\/1019"}],"up":[{"embeddable":true,"href":"https:\/\/www.ify.fr\/poitou-charentes\/wp-json\/wp\/v2\/pages\/6"}],"wp:attachment":[{"href":"https:\/\/www.ify.fr\/poitou-charentes\/wp-json\/wp\/v2\/media?parent=1018"}],"curies":[{"name":"wp","href":"https:\/\/api.w.org\/{rel}","templated":true}]}}