{"id":1005,"date":"2024-03-01T13:29:56","date_gmt":"2024-03-01T12:29:56","guid":{"rendered":"https:\/\/www.ify.fr\/poitou-charentes\/?page_id=1005"},"modified":"2024-06-17T14:41:43","modified_gmt":"2024-06-17T12:41:43","slug":"livres-bibliotheque-fonds-de-pierre-et-nicole-villanove","status":"publish","type":"page","link":"https:\/\/www.ify.fr\/poitou-charentes\/bibliographie\/livres-bibliotheque-fonds-de-pierre-et-nicole-villanove\/","title":{"rendered":"Fonds de Pierre et Nicole VILLANOVE"},"content":{"rendered":"\n<p>Approches th\u00e9oriques et pr\u00e9sentation de diff\u00e9rentes formes de yogas (ouvrages anciens, confi\u00e9s par Pierre et Nicole Villanove).<\/p>\n\n\n\n<ul><li>Mircea Eliade, <em>Le yoga. Immortalit\u00e9 et libert\u00e9, <\/em>Payot, 1960<\/li><li>Mircea Eliade, <em>Le yoga. Immortalit\u00e9 et libert\u00e9, <\/em>Petite biblioth\u00e8que Payot, 1977 (Nouvelle \u00e9dition revue et compl\u00e9t\u00e9e)<\/li><li>C. Kerne\u00efz, <em>Le yoga, <\/em>Tallandier,1973<\/li><li>C. Kerne\u00efz, <em>Karma Yoga ou l&rsquo;action dans la vie selon la sagesse hindoue, <\/em>Tallandier, 1973<\/li><li>C. Kerne\u00efz, <em>La relaxation \u00e0 la lumi\u00e8re du yoga, <\/em>Tallandier, 1973<\/li><li>Anand Nayak, <em>Tantra ou l&rsquo;\u00e9veil de l&rsquo;\u00e9nergie, <\/em>Cerf-Fides, 1988<\/li><li>Rishi Atri, <em>Aper\u00e7us sur le kriya-yoga, <\/em>\u00e9d. Atma Bodha Satsanga , s.d.<\/li><li>Swami Vivek\u00e2nanda, <em>Les yogas pratiques (Karma, Bakhti, R\u00e2ja), <\/em>Albin Michel, 1970<\/li><li>Swami Vivek\u00e2nanda, <em>Jn\u00e2na-Yoga, <\/em>Albin Michel, 1972<\/li><\/ul>\n\n\n\n<p>Bhagwan Shree Rajneesh, <em>La m\u00e9ditation dynamique, <\/em>\u00e9d. Dangles, 1981 (\u00e0 prendre avec pr\u00e9caution&#8230;)<\/p>\n","protected":false},"excerpt":{"rendered":"<p>Approches th\u00e9oriques et pr\u00e9sentation de diff\u00e9rentes formes de yogas (ouvrages anciens, confi\u00e9s par Pierre et Nicole Villanove). Mircea Eliade, Le [&hellip;]<\/p>\n","protected":false},"author":7,"featured_media":0,"parent":6,"menu_order":11,"comment_status":"closed","ping_status":"closed","template":"","meta":[],"acf":[],"_links":{"self":[{"href":"https:\/\/www.ify.fr\/poitou-charentes\/wp-json\/wp\/v2\/pages\/1005"}],"collection":[{"href":"https:\/\/www.ify.fr\/poitou-charentes\/wp-json\/wp\/v2\/pages"}],"about":[{"href":"https:\/\/www.ify.fr\/poitou-charentes\/wp-json\/wp\/v2\/types\/page"}],"author":[{"embeddable":true,"href":"https:\/\/www.ify.fr\/poitou-charentes\/wp-json\/wp\/v2\/users\/7"}],"replies":[{"embeddable":true,"href":"https:\/\/www.ify.fr\/poitou-charentes\/wp-json\/wp\/v2\/comments?post=1005"}],"version-history":[{"count":4,"href":"https:\/\/www.ify.fr\/poitou-charentes\/wp-json\/wp\/v2\/pages\/1005\/revisions"}],"predecessor-version":[{"id":1219,"href":"https:\/\/www.ify.fr\/poitou-charentes\/wp-json\/wp\/v2\/pages\/1005\/revisions\/1219"}],"up":[{"embeddable":true,"href":"https:\/\/www.ify.fr\/poitou-charentes\/wp-json\/wp\/v2\/pages\/6"}],"wp:attachment":[{"href":"https:\/\/www.ify.fr\/poitou-charentes\/wp-json\/wp\/v2\/media?parent=1005"}],"curies":[{"name":"wp","href":"https:\/\/api.w.org\/{rel}","templated":true}]}}