{"id":5,"date":"2022-06-20T11:20:02","date_gmt":"2022-06-20T09:20:02","guid":{"rendered":"https:\/\/www.ify.fr\/paca\/adherer-a-lify-ide\/"},"modified":"2025-10-02T15:26:51","modified_gmt":"2025-10-02T13:26:51","slug":"adherer-a-lify-paca","status":"publish","type":"page","link":"https:\/\/www.ify.fr\/paca\/adherer-a-lify-paca\/","title":{"rendered":"Adh\u00e9rer \u00e0 l&rsquo;IFY PACA"},"content":{"rendered":"\n<div class=\"wp-block-columns\">\n<div class=\"wp-block-column\">\n<p>Pour participer aux activit\u00e9s organis\u00e9es par l\u2019IFY PACA (conf\u00e9rences, journ\u00e9es th\u00e9matiques, pratiques collectives sur la plage, ateliers, Journ\u00e9e internationale du Yoga, etc.), \u00eatre inform\u00e9 (abonnement gratuit \u00e0 notre lettre d\u2019information, sur notre site), participer \u00e0 notre communaut\u00e9 vivante autour du Yoga,&nbsp;<strong>adh\u00e9rez \u00e0 l\u2019IFY PACA !<\/strong><\/p>\n\n\n\n<p>L\u2019adh\u00e9sion est \u00e0\u00a0<strong>18\u00a0\u20ac pour l\u2019ann\u00e9e 2025-2026<\/strong>.<\/p>\n\n\n\n<p>Pour adh\u00e9rer :<\/p>\n\n\n\n<ul><li><strong>Si vous pratiquez avec un professeur IFY PACA<\/strong>\u00a0: vous adh\u00e9rez directement aupr\u00e8s de lui ou d\u2019elle. Remplissez, signez le bulletin (ci-dessous) et remettez-le lui, accompagn\u00e9 du r\u00e8glement (ch\u00e8que de 18\u00a0\u20ac \u00e0 l\u2019ordre de l\u2019IFY PACA).<\/li><li><strong>Si vous pratiquez sans professeur<\/strong>\u00a0: t\u00e9l\u00e9chargez le bulletin d\u2019adh\u00e9sion ci-dessous, remplissez et signez-le, envoyez-le accompagn\u00e9 d\u2019un ch\u00e8que de 18\u00a0\u20ac \u00e0 l\u2019ordre de l\u2019IFY PACA \u00e0 la tr\u00e9sori\u00e8re (adresse sur le bulletin).<\/li><\/ul>\n\n\n\n<div class=\"wp-container-6a058e9bb77dc wp-block-buttons\">\n<div class=\"wp-block-button\"><a class=\"wp-block-button__link\" href=\"https:\/\/www.ify.fr\/paca\/wp-content\/uploads\/sites\/8\/2025\/10\/BUL_ADHESION_ADHERENT_IFY-PACA_2025_2026.pdf\"><strong>Cliquez ici pour t\u00e9l\u00e9charger le bulletin d\u2019adh\u00e9sion<\/strong><\/a><\/div>\n\n\n\n<div class=\"wp-block-button\"><a class=\"wp-block-button__link\" href=\"https:\/\/www.ify.fr\/paca\/wp-content\/uploads\/sites\/8\/2023\/09\/202388_12114_QUESTIONNAIRE-DE-SANTE_VF.pdf\" target=\"_blank\" rel=\"noreferrer noopener\"><strong>Cliquez ici pour t\u00e9l\u00e9charger le questionnaire de sant\u00e9<\/strong><\/a><\/div>\n<\/div>\n<\/div>\n\n\n\n<div class=\"wp-block-column\">\n<ul><li><strong>Si vous voulez soutenir activement l\u2019IFY PACA<\/strong>, vous pouvez adh\u00e9rer en tant que&nbsp;<strong>membre actif<\/strong>&nbsp;: l\u2019adh\u00e9sion se fait alors directement en ligne. Pour obtenir un acc\u00e8s \u00e0 l&rsquo;espace r\u00e9serv\u00e9 aux adh\u00e9sions, \u00e9crivez-nous \u00e0 :&nbsp;<a href=\"mailto:contact@ifypaca.fr\">contact@ifypaca.fr<\/a><\/li><\/ul>\n\n\n\n<p>Votre adh\u00e9sion est un acte de soutien concret \u00e0 notre association, elle &nbsp;nous permet de poursuivre des actions entam\u00e9es, de lancer de nouveaux projets. Les id\u00e9es ne manquent pas !<\/p>\n\n\n\n<p><strong>Bienvenue \u00e0 vous qui voulez nous rejoindre !<\/strong><\/p>\n\n\n\n<div class=\"wp-container-6a058e9bb7d40 wp-block-buttons\">\n<div class=\"wp-block-button\"><a class=\"wp-block-button__link\" href=\"https:\/\/www.ify.fr\/paca\/wp-content\/uploads\/sites\/8\/2022\/09\/Charte-deontologie.pdf\" target=\"_blank\" rel=\"noreferrer noopener\">Charte de d\u00e9ontologie<\/a><\/div>\n\n\n\n<div class=\"wp-block-button\"><a class=\"wp-block-button__link\" href=\"https:\/\/www.ify.fr\/paca\/wp-content\/uploads\/sites\/8\/2022\/09\/statuts-association-ifypaca.pdf\" target=\"_blank\" rel=\"noreferrer noopener\">Statuts de l\u2019association<\/a><\/div>\n\n\n\n<div class=\"wp-block-button\"><a class=\"wp-block-button__link has-couleur-1-background-color has-background\" href=\"https:\/\/www.ify.fr\/paca\/wp-content\/uploads\/sites\/8\/2022\/09\/reglement-interieur-ifypaca-modifie-6-mars-2019.pdf\" target=\"_blank\" rel=\"noreferrer noopener\">R\u00e8glement Int\u00e9rieur IFYPACA<\/a><\/div>\n<\/div>\n<\/div>\n<\/div>\n\n\n\n<p><\/p>\n","protected":false},"excerpt":{"rendered":"<p>Pour participer aux activit\u00e9s organis\u00e9es par l\u2019IFY PACA (conf\u00e9rences, journ\u00e9es th\u00e9matiques, pratiques collectives sur la plage, ateliers, Journ\u00e9e internationale du [&hellip;]<\/p>\n","protected":false},"author":1,"featured_media":71,"parent":0,"menu_order":0,"comment_status":"open","ping_status":"closed","template":"","meta":[],"acf":[],"_links":{"self":[{"href":"https:\/\/www.ify.fr\/paca\/wp-json\/wp\/v2\/pages\/5"}],"collection":[{"href":"https:\/\/www.ify.fr\/paca\/wp-json\/wp\/v2\/pages"}],"about":[{"href":"https:\/\/www.ify.fr\/paca\/wp-json\/wp\/v2\/types\/page"}],"author":[{"embeddable":true,"href":"https:\/\/www.ify.fr\/paca\/wp-json\/wp\/v2\/users\/1"}],"replies":[{"embeddable":true,"href":"https:\/\/www.ify.fr\/paca\/wp-json\/wp\/v2\/comments?post=5"}],"version-history":[{"count":6,"href":"https:\/\/www.ify.fr\/paca\/wp-json\/wp\/v2\/pages\/5\/revisions"}],"predecessor-version":[{"id":744,"href":"https:\/\/www.ify.fr\/paca\/wp-json\/wp\/v2\/pages\/5\/revisions\/744"}],"wp:featuredmedia":[{"embeddable":true,"href":"https:\/\/www.ify.fr\/paca\/wp-json\/wp\/v2\/media\/71"}],"wp:attachment":[{"href":"https:\/\/www.ify.fr\/paca\/wp-json\/wp\/v2\/media?parent=5"}],"curies":[{"name":"wp","href":"https:\/\/api.w.org\/{rel}","templated":true}]}}