{"id":344,"date":"2023-01-09T17:10:30","date_gmt":"2023-01-09T16:10:30","guid":{"rendered":"https:\/\/www.ify.fr\/paca\/?page_id=344"},"modified":"2023-03-15T10:33:50","modified_gmt":"2023-03-15T09:33:50","slug":"trouver-une-formation","status":"publish","type":"page","link":"https:\/\/www.ify.fr\/paca\/trouver-une-formation\/","title":{"rendered":"Trouver une formation"},"content":{"rendered":"\n<div class=\"wp-container-69e490377eae9 wp-block-group has-couleur-1-background-color has-background\"><div class=\"wp-block-group__inner-container\"><div class=\"searchbar\"><h1 class=\"searchbar__titre\">Trouver une formation<\/h1><\/div>\n<\/div><\/div>\n\n\n\n<div id=\"grille-api\" class=\"wp-container-69e490377efb8 wp-block-group columns-3 has-bg-2-background-color has-background\">\n<p class=\"placeholder\"><\/p>\n<\/div>\n\n\n\n<h2 id=\"prochains-cycles-de-formation\">Prochains cycles de formation<\/h2>\n\n\n\n<p>Chacun des formateurs IFY est responsable des modalit\u00e9s de fonctionnement de son cursus de formation.<\/p>\n\n\n\n<p>De ce fait, il est conseill\u00e9 de se renseigner aupr\u00e8s des formateurs pour plus de pr\u00e9cisions sur les modalit\u00e9s particuli\u00e8res d\u2019admission demand\u00e9es.<\/p>\n\n\n\n<div class=\"wp-container-69e490377f419 wp-block-buttons\">\n<div class=\"wp-block-button\"><a class=\"wp-block-button__link has-couleur-1-background-color has-background\" href=\"https:\/\/www.ify.fr\/trouver-une-formation\/\" target=\"_blank\" rel=\"noreferrer noopener\">Acc\u00e9der au tableau des prochains cycles de formation<\/a><\/div>\n<\/div>\n","protected":false},"excerpt":{"rendered":"<p>Prochains cycles de formation Chacun des formateurs IFY est responsable des modalit\u00e9s de fonctionnement de son cursus de formation. De [&hellip;]<\/p>\n","protected":false},"author":1,"featured_media":0,"parent":0,"menu_order":0,"comment_status":"closed","ping_status":"closed","template":"template-recherche.php","meta":[],"acf":[],"_links":{"self":[{"href":"https:\/\/www.ify.fr\/paca\/wp-json\/wp\/v2\/pages\/344"}],"collection":[{"href":"https:\/\/www.ify.fr\/paca\/wp-json\/wp\/v2\/pages"}],"about":[{"href":"https:\/\/www.ify.fr\/paca\/wp-json\/wp\/v2\/types\/page"}],"author":[{"embeddable":true,"href":"https:\/\/www.ify.fr\/paca\/wp-json\/wp\/v2\/users\/1"}],"replies":[{"embeddable":true,"href":"https:\/\/www.ify.fr\/paca\/wp-json\/wp\/v2\/comments?post=344"}],"version-history":[{"count":4,"href":"https:\/\/www.ify.fr\/paca\/wp-json\/wp\/v2\/pages\/344\/revisions"}],"predecessor-version":[{"id":418,"href":"https:\/\/www.ify.fr\/paca\/wp-json\/wp\/v2\/pages\/344\/revisions\/418"}],"wp:attachment":[{"href":"https:\/\/www.ify.fr\/paca\/wp-json\/wp\/v2\/media?parent=344"}],"curies":[{"name":"wp","href":"https:\/\/api.w.org\/{rel}","templated":true}]}}