{"id":10,"date":"2022-06-20T11:20:02","date_gmt":"2022-06-20T09:20:02","guid":{"rendered":"https:\/\/www.ify.fr\/paca\/lassociation-ify-ile-de-france\/"},"modified":"2023-09-18T16:55:59","modified_gmt":"2023-09-18T14:55:59","slug":"lassociation-ify-paca","status":"publish","type":"page","link":"https:\/\/www.ify.fr\/paca\/lassociation-ify-paca\/","title":{"rendered":"L&rsquo;association IFY PACA"},"content":{"rendered":"\n<h2 id=\"l-esprit-de-l-ify-paca\">L&rsquo;esprit de l\u2019IFY PACA<\/h2>\n\n\n\n<p>L\u2019objectif de l\u2019IFY PACA est de rassembler ceux qui sont en recherche sur la voie du yoga et de favoriser la prise de conscience que le Yoga n\u2019est pas seulement une pratique sur le tapis, mais un partage, un chemin de vie vers l\u2019autonomie, la joie d\u2019\u00eatre et la libert\u00e9. C&rsquo;est un art de vivre, en conscience.<br><br>L\u2019association IFY PACA \u00e9dite <strong>une lettre d\u2019information<\/strong> <strong>trimestrielle<\/strong>, organise des conf\u00e9rences et des stages faisant intervenir des formateurs qui apportent leur point de vue sur le yoga, leur savoir faire et leur savoir \u00eatre. Elle prend en charge une partie du financement de ces journ\u00e9es afin de proposer des tarifs abordables au plus grand nombre.<br><br>Pour adh\u00e9rer \u00e0 l&rsquo;IFY PACA : rendez-vous sur <a href=\"https:\/\/www.ify.fr\/paca\/adherer-a-lify-paca\/\" data-type=\"URL\" data-id=\"https:\/\/www.ify.fr\/paca\/adherer-a-lify-paca\/\" target=\"_blank\" rel=\"noreferrer noopener\">la page d&rsquo;adh\u00e9sion<\/a>.<\/p>\n\n\n\n<h2 class=\"has-bg-2-background-color has-background\" id=\"nos-professeur-es\">Nos professeur.es<\/h2>\n\n\n\n<p class=\"has-bg-2-background-color has-background\">L\u2019Institut Fran\u00e7ais de Yoga regroupe des enseignantes et enseignants qui proposent une m\u00e9thode coh\u00e9rente pour progresser, prenant en compte vie sociale, professionnelle, relationnelle, psychique et spirituelle. <br>Le yoga est universel, issu de l\u2019exp\u00e9rience de nombreuses g\u00e9n\u00e9rations de yogis, dont T.\u00a0Krishnamacharya et son fils T.K.V.\u00a0Desikachar (\u00e9cole de Madras &#8211; maintenant Chennai &#8211; en Inde du Sud), qui sont nos sources communes d\u2019inspiration. Le texte de r\u00e9f\u00e9rence est le\u00a0<em>Yoga-S\u016btra<\/em>\u00a0de Panta\u00f1jali. Cet enseignement comporte des pratiques posturales, respiratoires et m\u00e9ditatives qui visent \u00e0 pr\u00e9server ou \u00e0 am\u00e9liorer l\u2019\u00e9quilibre, la sant\u00e9 et les facult\u00e9s d\u2019attention. La pratique est progressive, un effort juste associ\u00e9 \u00e0 la d\u00e9tente conduisent \u00e0 vivre avec davantage de conscience.<br>Tous les professeurs sont <strong>dipl\u00f4m\u00e9s de l&rsquo;IFY<\/strong>, ils ont suivi <strong>une formation de quatre ann\u00e9es<\/strong>, avec <strong>500h <\/strong>de formation, et une <strong>\u00e9valuation<\/strong> sous forme d&rsquo;\u00e9preuves pratiques et th\u00e9oriques, ainsi qu&rsquo;un <strong>m\u00e9moire de fin d&rsquo;\u00e9tudes<\/strong> rendant compte de leurs connaissances et de leur \u00ab transformation \u00bb pendant la dur\u00e9e de l&rsquo;apprentissage. <br><br>Retrouvez tous les professeures et professeurs dans le moteur <em>Trouver un professeur <\/em>en entrant le code postal du d\u00e9partement.<br><br>Pour consulter la liste des associations partenaires de l&rsquo;IFYPACA, rendez-vous sur la page <a rel=\"noreferrer noopener\" href=\"https:\/\/www.ify.fr\/paca\/bibliographie\/\" data-type=\"URL\" data-id=\"https:\/\/www.ify.fr\/paca\/bibliographie\/\" target=\"_blank\">Associations partenaires<\/a>.<\/p>\n","protected":false},"excerpt":{"rendered":"<p>L&rsquo;esprit de l\u2019IFY PACA L\u2019objectif de l\u2019IFY PACA est de rassembler ceux qui sont en recherche sur la voie du [&hellip;]<\/p>\n","protected":false},"author":1,"featured_media":89,"parent":0,"menu_order":0,"comment_status":"open","ping_status":"closed","template":"","meta":[],"acf":[],"_links":{"self":[{"href":"https:\/\/www.ify.fr\/paca\/wp-json\/wp\/v2\/pages\/10"}],"collection":[{"href":"https:\/\/www.ify.fr\/paca\/wp-json\/wp\/v2\/pages"}],"about":[{"href":"https:\/\/www.ify.fr\/paca\/wp-json\/wp\/v2\/types\/page"}],"author":[{"embeddable":true,"href":"https:\/\/www.ify.fr\/paca\/wp-json\/wp\/v2\/users\/1"}],"replies":[{"embeddable":true,"href":"https:\/\/www.ify.fr\/paca\/wp-json\/wp\/v2\/comments?post=10"}],"version-history":[{"count":6,"href":"https:\/\/www.ify.fr\/paca\/wp-json\/wp\/v2\/pages\/10\/revisions"}],"predecessor-version":[{"id":623,"href":"https:\/\/www.ify.fr\/paca\/wp-json\/wp\/v2\/pages\/10\/revisions\/623"}],"wp:featuredmedia":[{"embeddable":true,"href":"https:\/\/www.ify.fr\/paca\/wp-json\/wp\/v2\/media\/89"}],"wp:attachment":[{"href":"https:\/\/www.ify.fr\/paca\/wp-json\/wp\/v2\/media?parent=10"}],"curies":[{"name":"wp","href":"https:\/\/api.w.org\/{rel}","templated":true}]}}