{"id":33,"date":"2022-06-14T12:08:18","date_gmt":"2022-06-14T10:08:18","guid":{"rendered":"https:\/\/www.ify.fr\/lyon-centre-est\/https-ify-francecom-com-lyon-centre-est-bureau-et-ca\/"},"modified":"2025-10-28T13:34:59","modified_gmt":"2025-10-28T12:34:59","slug":"bureau-et-ca","status":"publish","type":"page","link":"https:\/\/www.ify.fr\/lyon-centre-est\/bureau-et-ca\/","title":{"rendered":"Bureau et CA"},"content":{"rendered":"\n<p>L\u2019IFYLCE est une association loi 1901.<\/p>\n\n\n\n<p>Elle respecte donc le fonctionnement propre \u00e0 ces structures.<\/p>\n\n\n\n<p>L\u2019Assembl\u00e9e G\u00e9n\u00e9rale (AG) adopte les grandes orientations de l\u2019association, fixe le co\u00fbt des cotisations et \u00e9lit les membres du CA. Cette rencontre annuelle est l\u2019occasion pour tous les adh\u00e9rents et membres actifs de se retrouver et de discuter des orientations du fonctionnement de l\u2019association.<\/p>\n\n\n\n<p>L\u2019adh\u00e9sion en tant que Membre Actif permet, sans \u00eatre professeur de yoga ni \u00e9l\u00e8ve en formation, de voter lors des AG ainsi que de se pr\u00e9senter aux \u00e9lections au CA et au Bureau d\u2019IFYLCE.<\/p>\n\n\n\n<p>Le Conseil d\u2019Administration (CA) assure la direction et la gestion de l\u2019association. Il est compos\u00e9 de maximum 14 membres, \u00e9lus \u00e0 l\u2019ann\u00e9e.<\/p>\n\n\n\n<h2 id=\"le-conseil-d-administration-2025-2026\"><strong>Le Conseil d\u2019Administration 2025-2026<\/strong><\/h2>\n\n\n\n<div class=\"wp-block-columns\">\n<div class=\"wp-block-column\">\n<p>Le Bureau,&nbsp;\u00e9lu au sein du CA, est plus particuli\u00e8rement charg\u00e9 de veiller \u00e0 l\u2019ex\u00e9cution des d\u00e9cisions prises :<\/p>\n\n\n\n<ul><li>Caroline LAGREVE  &#8211; pr\u00e9sidente<\/li><li>Philippe MERLEY  &#8211; vice pr\u00e9sident<\/li><li>V\u00e9ronique ROZAND ABIVEN &#8211; secr\u00e9taire<\/li><li>Catherine GOUTARD &#8211; secr\u00e9taire adjointe<\/li><li>Isabelle REYNAUD \u2013 tr\u00e9sori\u00e8re<\/li><li>Elisabeth ROUX \u2013 tr\u00e9sori\u00e8re adjointe<\/li><\/ul>\n<\/div>\n\n\n\n<div class=\"wp-block-column\">\n<p>Les administrateurs<\/p>\n\n\n\n<ul><li>Fran\u00e7oise MARTINELLI &#8211; administratrice<\/li><li>Laure EXERTIER &#8211; administratrice<\/li><li>Nathalie ALLOCHON &#8211; administratrice<\/li><li>Pascale SAULNIER &#8211; administratrice<\/li><li>Perrine VIAL &#8211; administratrice<\/li><li>Anne-Sophie LECLAIRE &#8211; administratrice<\/li><li>Caroline LAFON TOCAN &#8211; administratrice<\/li><li>Jacques CHEVREL &#8211; administrateur<\/li><\/ul>\n<\/div>\n<\/div>\n\n\n\n<h2 id=\"les-commissions\">Les commissions<\/h2>\n\n\n\n<ol id=\"block-ba5c2d10-f127-430d-9ebe-e237e72fd4d2\"><li>Commission\u00a0TU : Nathalie Allochon, Laure Exertier, Fran\u00e7oise Martinelli.<br>Relecteurs :\u00a0Claude Escomel, Th\u00e9r\u00e8se Leguen, Chantal Douaud<\/li><li>Ateliers gratuits : Fran\u00e7oise Martinelli, Nathalie Allochon, Pascale Saulnier, Anne-Sophie Leclaire <\/li><li>Commission\u00a0Entre profs\u00a0:\u00a0Catherine Goutard, Philippe Merley, V\u00e9ronique Rozand-Abiven, Nathalie Allochon<\/li><li>Commission informatique et communication : Caroline Lagr\u00e8ve, Caroline Lafon Tocan<\/li><\/ol>\n","protected":false},"excerpt":{"rendered":"<p>L\u2019IFYLCE est une association loi 1901. Elle respecte donc le fonctionnement propre \u00e0 ces structures. L\u2019Assembl\u00e9e G\u00e9n\u00e9rale (AG) adopte les [&hellip;]<\/p>\n","protected":false},"author":1,"featured_media":221,"parent":0,"menu_order":0,"comment_status":"closed","ping_status":"closed","template":"","meta":[],"acf":[],"_links":{"self":[{"href":"https:\/\/www.ify.fr\/lyon-centre-est\/wp-json\/wp\/v2\/pages\/33"}],"collection":[{"href":"https:\/\/www.ify.fr\/lyon-centre-est\/wp-json\/wp\/v2\/pages"}],"about":[{"href":"https:\/\/www.ify.fr\/lyon-centre-est\/wp-json\/wp\/v2\/types\/page"}],"author":[{"embeddable":true,"href":"https:\/\/www.ify.fr\/lyon-centre-est\/wp-json\/wp\/v2\/users\/1"}],"replies":[{"embeddable":true,"href":"https:\/\/www.ify.fr\/lyon-centre-est\/wp-json\/wp\/v2\/comments?post=33"}],"version-history":[{"count":6,"href":"https:\/\/www.ify.fr\/lyon-centre-est\/wp-json\/wp\/v2\/pages\/33\/revisions"}],"predecessor-version":[{"id":716,"href":"https:\/\/www.ify.fr\/lyon-centre-est\/wp-json\/wp\/v2\/pages\/33\/revisions\/716"}],"wp:featuredmedia":[{"embeddable":true,"href":"https:\/\/www.ify.fr\/lyon-centre-est\/wp-json\/wp\/v2\/media\/221"}],"wp:attachment":[{"href":"https:\/\/www.ify.fr\/lyon-centre-est\/wp-json\/wp\/v2\/media?parent=33"}],"curies":[{"name":"wp","href":"https:\/\/api.w.org\/{rel}","templated":true}]}}