{"id":29,"date":"2022-04-28T14:49:25","date_gmt":"2022-04-28T12:49:25","guid":{"rendered":"https:\/\/www.ify.fr\/lyon-centre-est\/https-ify-francecom-com-lyon-centre-est-bibliographie\/"},"modified":"2024-03-03T11:57:28","modified_gmt":"2024-03-03T10:57:28","slug":"bibliographie","status":"publish","type":"page","link":"https:\/\/www.ify.fr\/lyon-centre-est\/bibliographie\/","title":{"rendered":"Bibliographie"},"content":{"rendered":"\n<h2 id=\"trait-d-union-tu\">Trait d&rsquo;union (TU)<\/h2>\n\n\n\n<p><strong>Un journal r\u00e9gional pour approfondir son lien au yoga de l&rsquo;IFY<\/strong><\/p>\n\n\n\n<p>Chaque adh\u00e9rent d\u2019IFYLCE re\u00e7oit deux num\u00e9ros annuels, en automne et au printemps. Il dispose ainsi de l\u2019information sur le contenu des stages, ateliers, conf\u00e9rences organis\u00e9s par l\u2019IFYLCE. Il y trouve aussi des commentaires de sutras de Patanjali, des pratiques, des comptes rendus de lectures et des t\u00e9moignages partag\u00e9s par d\u2019autres pratiquants du yoga.<\/p>\n\n\n\n<p>Les articles sont \u00e9crits par des adh\u00e9rents d\u2019IFYLCE, professeurs et \u00e9l\u00e8ves, et par des formateurs invit\u00e9s par l\u2019association. Une commission compos\u00e9e de b\u00e9n\u00e9voles organise chaque num\u00e9ro autour du th\u00e8me de l\u2019ann\u00e9e, relit les textes, choisit les photos et confie le tout \u00e0 un graphiste professionnel.<\/p>\n\n\n\n<div class=\"wp-block-columns\">\n<div class=\"wp-block-column\">\n<h2 id=\"sur-la-pratique-du-yoga\">Sur la pratique du yoga<\/h2>\n\n\n\n<p><strong>Le yoga, un \u00e9veil spirituel (Les entretiens sur la th\u00e9orie et la pratique)<\/strong>&nbsp;par T.K.V.Desikachar,&nbsp;<a href=\"http:\/\/www.agamat.fr\/\" target=\"_blank\" rel=\"noreferrer noopener\">Editions \u0100gamat<\/a><\/p>\n\n\n\n<p><strong>La Chair vivante, exploration de la physiologie du yoga<\/strong>&nbsp;par Peter Hersnack,&nbsp;<a href=\"https:\/\/www.presencedesprit.org\/-collection-cahiers-presence-esprit-\" target=\"_blank\" rel=\"noreferrer noopener\">Editions les Cahiers de Pr\u00e9sence d\u2019Esprit<\/a><\/p>\n\n\n\n<p><strong>Yoga premiers pas<\/strong>&nbsp;par Bernard Bouanchaud et Ren\u00e9 Racap\u00e9,&nbsp;<a href=\"http:\/\/www.agamat.fr\/\" target=\"_blank\" rel=\"noreferrer noopener\">Editions \u0100gamat<\/a><\/p>\n\n\n\n<p><strong>Le yoga individuel. M\u00e9thode et pratiques<\/strong>&nbsp;par Bernard Bouanchaud,&nbsp;<a href=\"http:\/\/www.agamat.fr\/\" target=\"_blank\" rel=\"noreferrer noopener\">Editions \u0100gamat<\/a><\/p>\n\n\n\n<p><strong>Techniques du yoga<\/strong>&nbsp;par Mircea Eliade, Gallimard<\/p>\n\n\n\n<p><strong>Yoga et 3<sup>e<\/sup>&nbsp;\u00e2ge<\/strong>&nbsp;par Jacques Choque, Albin Michel<\/p>\n\n\n\n<p><strong>Yoga sans d\u00e9g\u00e2ts<\/strong>&nbsp;par Jean-Paul Bouteloup, Guides du vivre bien Robert Jauze<\/p>\n<\/div>\n\n\n\n<div class=\"wp-block-column\">\n<h2 id=\"sur-la-philosophie-du-yoga\">&nbsp;Sur la philosophie du yoga<\/h2>\n\n\n\n<p><strong>Yoga-S\u016btra de Pata\u00f1jali, traduction et commentaire<\/strong>&nbsp;par Frans Moors,&nbsp;<a rel=\"noreferrer noopener\" href=\"http:\/\/www.presencedesprit.org\/\" target=\"_blank\"><\/a><a href=\"https:\/\/www.presencedesprit.org\/-collection-cahiers-presence-esprit-\" target=\"_blank\" rel=\"noreferrer noopener\">Editions les Cahiers de Pr\u00e9sence d\u2019Esprit<\/a><\/p>\n\n\n\n<p><strong>Livre du maintenant<\/strong>&nbsp;par Fran\u00e7ois Lorin, publi\u00e9 sur le site de l\u2019IFYM<\/p>\n\n\n\n<p><strong><strong>Pata\u00f1jali Yogas\u00fbtra<\/strong><\/strong> par B. BOUANCHAUD,\u00a0<a rel=\"noreferrer noopener\" href=\"http:\/\/www.agamat.fr\/\" target=\"_blank\">Editions \u0100gamat<\/a><\/p>\n\n\n\n<p><strong>Le S\u0101mkhya K\u0101rik\u0101 d\u2019 \u012a\u015bvarakri\u1e63\u1e47a<\/strong>&nbsp;par Bernard Bouanchaud,&nbsp;<a href=\"http:\/\/www.agamat.fr\/\" target=\"_blank\" rel=\"noreferrer noopener\">Editions \u0100gamat<\/a><\/p>\n\n\n\n<p><strong>Patanjali. Yoga S\u016btra<\/strong>&nbsp;par Fran\u00e7oise Mazet, Albin Michel \u00ab&nbsp;Spiritualit\u00e9s vivantes&nbsp;\u00bb<\/p>\n\n\n\n<p><strong>Hatha-Yoga-Prad\u00eepik\u00e2<\/strong>, traduction Tara Michael, Fayard<\/p>\n\n\n\n<p><strong>Le Sanscrit souffle et lumi\u00e8re<\/strong>&nbsp;par Colette Poggi, Edition Almora<\/p>\n\n\n\n<p><strong>Yoga &#8211; L&rsquo;encyclop\u00e9die<\/strong> Sous la direction de Ys\u00e9 Tardan-Masquelier, Albin Michel<\/p>\n<\/div>\n<\/div>\n\n\n\n<div class=\"wp-block-columns\">\n<div class=\"wp-block-column\">\n<h2 id=\"sur-la-meditation-en-yoga\">Sur la m\u00e9ditation en yoga<\/h2>\n\n\n\n<p><strong>M\u00e9ditation<\/strong>&nbsp;par T.K.V. Desikachar,&nbsp;<a href=\"http:\/\/www.agamat.fr\/\" target=\"_blank\" rel=\"noreferrer noopener\">Editions \u0100gamat<\/a><\/p>\n\n\n\n<p><strong>M\u00e9ditation, identit\u00e9, langage<\/strong>&nbsp;par M. Alibert, G. Cornillac, D. Gu\u00e9noun, P. Hersnack, F. Lorin, L. Maman, M. Margherita et M.Neal,&nbsp;<a rel=\"noreferrer noopener\" href=\"https:\/\/www.presencedesprit.org\/-collection-cahiers-presence-esprit-\" target=\"_blank\"><\/a><a href=\"https:\/\/www.presencedesprit.org\/-collection-cahiers-presence-esprit-\" target=\"_blank\" rel=\"noreferrer noopener\">Editions les Cahiers de Pr\u00e9sence d\u2019Esprit<\/a><\/p>\n\n\n\n<h2 id=\"sur-le-yoga-et-la-sante\">Sur le yoga et la sant\u00e9&nbsp;<\/h2>\n\n\n\n<p><strong>Yoga et stress<\/strong>&nbsp;par Peter Hersnack, <a rel=\"noreferrer noopener\" href=\"https:\/\/www.presencedesprit.org\/-collection-cahiers-presence-esprit-\" target=\"_blank\"><\/a><a href=\"https:\/\/www.presencedesprit.org\/-collection-cahiers-presence-esprit-\">&nbsp;<\/a><a rel=\"noreferrer noopener\" href=\"https:\/\/www.presencedesprit.org\/-collection-cahiers-presence-esprit-\" target=\"_blank\"><\/a><a rel=\"noreferrer noopener\" href=\"https:\/\/www.presencedesprit.org\/-collection-cahiers-presence-esprit-\" target=\"_blank\">Editions les Cahiers de Pr\u00e9sence d\u2019Esprit<\/a><\/p>\n\n\n\n<p><strong>Yoga et m\u00e9decine<\/strong>&nbsp;par Malek Daouk, Yolande Deduit, Genevi\u00e8ve Gillet et Louis Moline, Editions L\u2019Harmattan<\/p>\n\n\n\n<p><strong>Yoga et sant\u00e9 \u00e9nerg\u00e9tique<\/strong>&nbsp;par Michel Alibert, <a rel=\"noreferrer noopener\" href=\"https:\/\/www.presencedesprit.org\/-collection-cahiers-presence-esprit-\" target=\"_blank\"><\/a><a href=\"https:\/\/www.presencedesprit.org\/-collection-cahiers-presence-esprit-\">&nbsp;<\/a><a rel=\"noreferrer noopener\" href=\"https:\/\/www.presencedesprit.org\/-collection-cahiers-presence-esprit-\" target=\"_blank\"><\/a><a href=\"https:\/\/www.presencedesprit.org\/-collection-cahiers-presence-esprit-\" target=\"_blank\" rel=\"noreferrer noopener\">Editions les Cahiers de Pr\u00e9sence d\u2019Esprit<\/a><\/p>\n<\/div>\n\n\n\n<div class=\"wp-block-column\">\n<h2 id=\"sur-l-anatomie\">Sur l\u2019anatomie<\/h2>\n\n\n\n<p><strong>Yoga, anatomie et mouvements<\/strong>&nbsp;par Leslie Kaminoff, \u00e9dtion Vigot<\/p>\n\n\n\n<p><strong>Anatomie pour le mouvement, introduction \u00e0 l\u2019analyse des techniques corporelles<\/strong>&nbsp;par Blandine Calais Germain, Editions D\u00e9siris<\/p>\n\n\n\n<p><strong>Anatomie pour le mouvement, introduction \u00e0 l\u2019analyse des techniques corporelles, bases d\u2019exercices<\/strong>&nbsp;par Blandine Calais Germain, Editions D\u00e9siris<\/p>\n\n\n\n<p><strong>Les cha\u00eenes musculaires et articulaires<\/strong>&nbsp;par Godelieve Struyf-Denis<\/p>\n\n\n\n<p><strong>Yoga et p\u00e9rin\u00e9e<\/strong>&nbsp;par Bernadette Esneault-Gastineau, \u00e9dition Quintessence<\/p>\n\n\n\n<p><strong>Abdominaux&nbsp;: arr\u00eatez le massacre&nbsp;!<\/strong>&nbsp;par Dr Bernadette de Gasquet, Marabout<\/p>\n<\/div>\n<\/div>\n\n\n\n<div class=\"wp-block-columns\">\n<div class=\"wp-block-column\">\n<h2 id=\"sur-le-yoga-et-la-psychanalyse\">Sur le yoga et la psychanalyse<\/h2>\n\n\n\n<p><strong>La Dimension relationnelle dans la transmission du yoga<\/strong>&nbsp;par Laurence Maman et Helfried Krusche,&nbsp;<a rel=\"noreferrer noopener\" href=\"https:\/\/www.presencedesprit.org\/-collection-cahiers-presence-esprit-\" target=\"_blank\"><\/a><a href=\"https:\/\/www.presencedesprit.org\/-collection-cahiers-presence-esprit-\" target=\"_blank\" rel=\"noreferrer noopener\">Editions les Cahiers de Pr\u00e9sence d\u2019Esprit<\/a><\/p>\n\n\n\n<p><strong>Freud et le Yoga<\/strong>&nbsp;par T.K.V. Desikachar et Helfried Krusche,&nbsp;<a href=\"http:\/\/www.agamat.fr\/\" target=\"_blank\" rel=\"noreferrer noopener\">Editions \u0100gamat<\/a><\/p>\n\n\n\n<p><strong>Les cr\u00e9ations du corps et de l\u2019inconscient<\/strong>&nbsp;par Christiane Berthelet Lorelle<\/p>\n\n\n\n<p><strong>La sagesse du d\u00e9sir<\/strong>&nbsp;par Christiane Berthelet Lorelle, Seuil<\/p>\n\n\n\n<p><strong>De l\u2019un \u00e0 l\u2019autre, spiritualit\u00e9 du yoga et de la psychanalyse<\/strong>&nbsp;par Christiane Berthelet Lorelle, Liber<\/p>\n<\/div>\n\n\n\n<div class=\"wp-block-column\">\n<h2 id=\"sur-le-yoga-et-les-religions\">Sur le yoga et les religions<\/h2>\n\n\n\n<p><strong>Yoga et christianisme, quelles convergences<\/strong>&nbsp;par Michel Alibert, B\u00e9atrice Viard et Henri Bourgeois, \u00e9d. Descl\u00e9e de Brouwers<\/p>\n\n\n\n<p><strong>La M\u00e9moire et le Souffle, Pratique du Yoga, lecture de la Bible. R\u00e9cits d\u2019une rencontre<\/strong>&nbsp;\u00e9dition L\u2019Harmattan<\/p>\n\n\n\n<h2 id=\"sur-le-yoga-et-la-musique\">Sur le yoga et la musique<\/h2>\n\n\n\n<p><strong>Musique et Yoga, la qu\u00eate du juste<\/strong>&nbsp;par&nbsp;Lise Rodriguez Edition Almora<\/p>\n<\/div>\n<\/div>\n\n\n\n<h2 id=\"temoignages\">T\u00e9moignages<\/h2>\n\n\n\n<p><strong>Propos simples sur le yoga<\/strong>&nbsp;par C. Berthelet, S. Tempelhof Moors, F. Mazet, M. Desikachar, M. Neal et B. Viard, &nbsp;<a rel=\"noreferrer noopener\" href=\"https:\/\/www.presencedesprit.org\/-collection-cahiers-presence-esprit-\" target=\"_blank\"><\/a><a href=\"https:\/\/www.presencedesprit.org\/-collection-cahiers-presence-esprit-\" target=\"_blank\" rel=\"noreferrer noopener\">Editions les Cahiers de Pr\u00e9sence d\u2019Esprit<\/a><\/p>\n\n\n\n<p><strong>Silence et solitude<\/strong>&nbsp;par No\u00ebl Dauvel et Marie-Fran\u00e7oise Garcia, &nbsp;<a rel=\"noreferrer noopener\" href=\"https:\/\/www.presencedesprit.org\/-collection-cahiers-presence-esprit-\" target=\"_blank\"><\/a><a href=\"https:\/\/www.presencedesprit.org\/-collection-cahiers-presence-esprit-\" target=\"_blank\" rel=\"noreferrer noopener\">Editions les Cahiers de Pr\u00e9sence d\u2019Esprit<\/a><\/p>\n\n\n\n<p><strong>On ne sait pas ce que peut le corps<\/strong>&nbsp;par B\u00e9atrice Viard, &nbsp;<a rel=\"noreferrer noopener\" href=\"https:\/\/www.presencedesprit.org\/-collection-cahiers-presence-esprit-\" target=\"_blank\"><\/a><a href=\"https:\/\/www.presencedesprit.org\/-collection-cahiers-presence-esprit-\" target=\"_blank\" rel=\"noreferrer noopener\">Editions les Cahiers de Pr\u00e9sence d\u2019Esprit<\/a><\/p>\n\n\n\n<p><strong>Yoga comme art de soi<\/strong>&nbsp;par Philippe Filliot, Actes Sud<\/p>\n","protected":false},"excerpt":{"rendered":"<p>Trait d&rsquo;union (TU) Un journal r\u00e9gional pour approfondir son lien au yoga de l&rsquo;IFY Chaque adh\u00e9rent d\u2019IFYLCE re\u00e7oit deux num\u00e9ros [&hellip;]<\/p>\n","protected":false},"author":1,"featured_media":217,"parent":0,"menu_order":0,"comment_status":"closed","ping_status":"closed","template":"","meta":[],"acf":[],"_links":{"self":[{"href":"https:\/\/www.ify.fr\/lyon-centre-est\/wp-json\/wp\/v2\/pages\/29"}],"collection":[{"href":"https:\/\/www.ify.fr\/lyon-centre-est\/wp-json\/wp\/v2\/pages"}],"about":[{"href":"https:\/\/www.ify.fr\/lyon-centre-est\/wp-json\/wp\/v2\/types\/page"}],"author":[{"embeddable":true,"href":"https:\/\/www.ify.fr\/lyon-centre-est\/wp-json\/wp\/v2\/users\/1"}],"replies":[{"embeddable":true,"href":"https:\/\/www.ify.fr\/lyon-centre-est\/wp-json\/wp\/v2\/comments?post=29"}],"version-history":[{"count":6,"href":"https:\/\/www.ify.fr\/lyon-centre-est\/wp-json\/wp\/v2\/pages\/29\/revisions"}],"predecessor-version":[{"id":484,"href":"https:\/\/www.ify.fr\/lyon-centre-est\/wp-json\/wp\/v2\/pages\/29\/revisions\/484"}],"wp:featuredmedia":[{"embeddable":true,"href":"https:\/\/www.ify.fr\/lyon-centre-est\/wp-json\/wp\/v2\/media\/217"}],"wp:attachment":[{"href":"https:\/\/www.ify.fr\/lyon-centre-est\/wp-json\/wp\/v2\/media?parent=29"}],"curies":[{"name":"wp","href":"https:\/\/api.w.org\/{rel}","templated":true}]}}