{"id":24,"date":"2022-04-28T14:23:33","date_gmt":"2022-04-28T12:23:33","guid":{"rendered":"https:\/\/www.ify.fr\/lyon-centre-est\/https-ify-francecom-com-lyon-centre-est-1272-2\/"},"modified":"2025-08-01T19:44:16","modified_gmt":"2025-08-01T17:44:16","slug":"adherer-a-lify-lce","status":"publish","type":"page","link":"https:\/\/www.ify.fr\/lyon-centre-est\/adherer-a-lify-lce\/","title":{"rendered":"Adh\u00e9rer \u00e0 l&rsquo;IFY LCE"},"content":{"rendered":"\n<p>\u00ab&nbsp;L\u2019association a pour but de d\u00e9velopper et de promouvoir l\u2019\u00e9tude, la compr\u00e9hension et la pratique du yoga en tenant compte du lieu, de l\u2019\u00e9poque, de la culture et des besoins individuels.&nbsp;\u00bb (cf <a href=\"https:\/\/www.ify.fr\/lyon-centre-est\/wp-content\/uploads\/sites\/5\/2022\/06\/Statuts-IFYLCE-octobre-2020.pdf\" target=\"_blank\" rel=\"noreferrer noopener\">Statuts 2021 de IFY LCE<\/a>). Vous pouvez soutenir cette d\u00e9marche en devenant membre de l\u2019IFYLCE.<\/p>\n\n\n\n<h2 id=\"pourquoi-adherer-a-l-ifylce\">Pourquoi adh\u00e9rer \u00e0 l\u2019IFYLCE&nbsp;?<\/h2>\n\n\n\n<p>Votre pratique du yoga vous am\u00e8nera sans doute \u00e0 un moment \u00e0 vouloir aller plus loin que vos s\u00e9ances r\u00e9guli\u00e8res, d\u2019approfondir la connaissance du yoga, de ce qu\u2019il propose comme rapport \u00e0 la vie quotidienne, de vous impr\u00e9gner plus fortement de textes et de r\u00e9flexions sur ce th\u00e8me, voire de participer plus activement \u00e0 la vie de votre association r\u00e9gionale&nbsp;: bienvenue \u00e0 l\u2019IFYLCE&nbsp;! Que vous soyez \u00e9l\u00e8ve d\u00e9butant ou pratiquant de longue date, votre bonne volont\u00e9 nous aidera \u00e0 soutenir et faire conna\u00eetre le yoga que vous pratiquez.<\/p>\n\n\n\n<p>Vous pouvez en discuter avec votre enseignant habituel ou <a href=\"https:\/\/www.ify.fr\/lyon-centre-est\/contact\/\" data-type=\"page\" data-id=\"26\">nous contacter<\/a> directement.<br>Vous pourrez alors participer aux&nbsp;<a href=\"https:\/\/www.ify.fr\/lyon-centre-est\/activites-de-lassociation\/\" data-type=\"page\" data-id=\"27\">activit\u00e9s<\/a> r\u00e9serv\u00e9es aux adh\u00e9rents, tels que des ateliers gratuits, des stages ou conf\u00e9rences et recevoir \u00ab&nbsp;Trait d\u2019Union&nbsp;\u00bb, le&nbsp;journal de l\u2019association.<\/p>\n\n\n\n<p>Pour participer encore plus activement et prendre part aux votes lors de l\u2019assembl\u00e9e g\u00e9n\u00e9rale, vous devez adh\u00e9rer en tant que \u00ab<strong>membre actif<\/strong>\u00bb ou vous orienter vers une formation&nbsp;<a href=\"https:\/\/www.ify.fr\/la-demarche\/\">pour devenir enseignant<\/a>&nbsp;.<\/p>\n\n\n\n<p>Le montant de la cotisation pour la saison 2025\/2026 est de 120 euros pour un professeur, 95 euros pour un nouveau professeur, 60 euros pour un \u00e9l\u00e8ve en formation enseignant, 52 euros pour un \u00e9l\u00e8ve en formation non enseignant, 59 euros pour un membre actif, 17 euros pour un adh\u00e9rent simple.<\/p>\n\n\n\n<div class=\"wp-block-group encart-information\"><div class=\"wp-block-group__inner-container\">\n<p><em>\u00ab\u00a0J&rsquo;ai commenc\u00e9 par ouvrir un Trait d&rsquo;Union pr\u00eat\u00e9 par mon enseignante hebdomadaire et j&rsquo;y ai trouv\u00e9 des aides et conseils pratiques pour ma pratique et pour ma vie quotidienne, alors j&rsquo;ai adh\u00e9r\u00e9 \u00e0 l&rsquo;association.<br>Plus tard, j&rsquo;ai pouss\u00e9 la porte du conseil d&rsquo;administration et j&rsquo;ai trouv\u00e9 des sujets sur lesquels je sentais que je pouvais aider l&rsquo;association, alors je suis rest\u00e9 !\u00a0\u00bb<\/em><\/p>\n<\/div><\/div>\n\n\n\n<p><\/p>\n","protected":false},"excerpt":{"rendered":"<p>\u00ab&nbsp;L\u2019association a pour but de d\u00e9velopper et de promouvoir l\u2019\u00e9tude, la compr\u00e9hension et la pratique du yoga en tenant compte [&hellip;]<\/p>\n","protected":false},"author":1,"featured_media":224,"parent":0,"menu_order":0,"comment_status":"closed","ping_status":"closed","template":"","meta":[],"acf":[],"_links":{"self":[{"href":"https:\/\/www.ify.fr\/lyon-centre-est\/wp-json\/wp\/v2\/pages\/24"}],"collection":[{"href":"https:\/\/www.ify.fr\/lyon-centre-est\/wp-json\/wp\/v2\/pages"}],"about":[{"href":"https:\/\/www.ify.fr\/lyon-centre-est\/wp-json\/wp\/v2\/types\/page"}],"author":[{"embeddable":true,"href":"https:\/\/www.ify.fr\/lyon-centre-est\/wp-json\/wp\/v2\/users\/1"}],"replies":[{"embeddable":true,"href":"https:\/\/www.ify.fr\/lyon-centre-est\/wp-json\/wp\/v2\/comments?post=24"}],"version-history":[{"count":6,"href":"https:\/\/www.ify.fr\/lyon-centre-est\/wp-json\/wp\/v2\/pages\/24\/revisions"}],"predecessor-version":[{"id":711,"href":"https:\/\/www.ify.fr\/lyon-centre-est\/wp-json\/wp\/v2\/pages\/24\/revisions\/711"}],"wp:featuredmedia":[{"embeddable":true,"href":"https:\/\/www.ify.fr\/lyon-centre-est\/wp-json\/wp\/v2\/media\/224"}],"wp:attachment":[{"href":"https:\/\/www.ify.fr\/lyon-centre-est\/wp-json\/wp\/v2\/media?parent=24"}],"curies":[{"name":"wp","href":"https:\/\/api.w.org\/{rel}","templated":true}]}}