{"id":7,"date":"2022-06-20T10:41:53","date_gmt":"2022-06-20T08:41:53","guid":{"rendered":"https:\/\/www.ify.fr\/loire-ocean\/bureau-et-ca\/"},"modified":"2025-05-07T13:21:28","modified_gmt":"2025-05-07T11:21:28","slug":"bureau-et-ca","status":"publish","type":"page","link":"https:\/\/www.ify.fr\/loire-ocean\/bureau-et-ca\/","title":{"rendered":"Bureau et CA"},"content":{"rendered":"\n<p>Pr\u00e9sidente : Ma\u00ebliss Bozon<\/p>\n\n\n\n<p>Vice-pr\u00e9sidente : <\/p>\n\n\n\n<p>Secr\u00e9taire : Evelyne Suaud<\/p>\n\n\n\n<p>Tr\u00e9sori\u00e8re : Corinne Quidu<\/p>\n\n\n\n<p>Membres du CA : Dominique Adda ; M\u00e9lanie Adda ; Christine Alix ; Agathe Faure ; Magali Fleury ; Eve Girardot ; Marie-Christine Gu\u00e9rin ; Ruddy Huc ; Philippe Le Masson <\/p>\n","protected":false},"excerpt":{"rendered":"<p>Pr\u00e9sidente : Ma\u00ebliss Bozon Vice-pr\u00e9sidente : Secr\u00e9taire : Evelyne Suaud Tr\u00e9sori\u00e8re : Corinne Quidu Membres du CA : Dominique Adda [&hellip;]<\/p>\n","protected":false},"author":1,"featured_media":0,"parent":0,"menu_order":0,"comment_status":"open","ping_status":"open","template":"","meta":[],"acf":[],"_links":{"self":[{"href":"https:\/\/www.ify.fr\/loire-ocean\/wp-json\/wp\/v2\/pages\/7"}],"collection":[{"href":"https:\/\/www.ify.fr\/loire-ocean\/wp-json\/wp\/v2\/pages"}],"about":[{"href":"https:\/\/www.ify.fr\/loire-ocean\/wp-json\/wp\/v2\/types\/page"}],"author":[{"embeddable":true,"href":"https:\/\/www.ify.fr\/loire-ocean\/wp-json\/wp\/v2\/users\/1"}],"replies":[{"embeddable":true,"href":"https:\/\/www.ify.fr\/loire-ocean\/wp-json\/wp\/v2\/comments?post=7"}],"version-history":[{"count":6,"href":"https:\/\/www.ify.fr\/loire-ocean\/wp-json\/wp\/v2\/pages\/7\/revisions"}],"predecessor-version":[{"id":192,"href":"https:\/\/www.ify.fr\/loire-ocean\/wp-json\/wp\/v2\/pages\/7\/revisions\/192"}],"wp:attachment":[{"href":"https:\/\/www.ify.fr\/loire-ocean\/wp-json\/wp\/v2\/media?parent=7"}],"curies":[{"name":"wp","href":"https:\/\/api.w.org\/{rel}","templated":true}]}}