{"id":9,"date":"2022-06-20T10:26:11","date_gmt":"2022-06-20T08:26:11","guid":{"rendered":"https:\/\/www.ify.fr\/ile-de-france\/?page_id=9"},"modified":"2025-09-04T17:59:44","modified_gmt":"2025-09-04T15:59:44","slug":"adherer-a-lify-idf","status":"publish","type":"page","link":"https:\/\/www.ify.fr\/ile-de-france\/adherer-a-lify-idf\/","title":{"rendered":"Adh\u00e9rer \u00e0 l&rsquo;IFY IDF"},"content":{"rendered":"\n<div class=\"wp-block-columns\">\n<div class=\"wp-block-column\">\n<p><strong>En tant que PROFESSEUR ou ELEVE EN FORMATION&nbsp;<\/strong>(pour devenir professeur), <strong>MEMBRE ACTIF<\/strong> <strong>ou ELEVE<\/strong>,<strong>&nbsp;<\/strong>votre adh\u00e9sion \u00e0 l&rsquo;IFY-IDF passe par le serveur de l&rsquo;IFY <a rel=\"noreferrer noopener\" href=\"http:\/\/www.ify.fr\" target=\"_blank\">www.ify.fr<\/a> et son syst\u00e8me d&rsquo;adh\u00e9sion en ligne sur votre <strong>Espace Priv\u00e9<\/strong>. <\/p>\n\n\n\n<p><strong>ELEVE , <\/strong>votre <strong>PROFESSEUR <\/strong>vous donnera tous les \u00e9l\u00e9ments pour proc\u00e9der \u00e0 votre adh\u00e9sion.<\/p>\n\n\n\n<p>Le montant de la cotisation pour la <strong>saison 2025\/2026<\/strong> est de :<br>&#8211; 120 euros pour un Professeur<br>&#8211; 95 euros pour un Nouveau professeur<br>&#8211; 50 euros pour un El\u00e8ve en formation non enseignant<br>&#8211; 70 euros pour un El\u00e8ve en formation enseignant<br>&#8211; 60 euros pour un Membre actif<br>&#8211; 18 euros pour un El\u00e8ve <\/p>\n\n\n\n<p><strong>Merci d&rsquo;adh\u00e9rer avant le 30 septembre 2025<\/strong>. Si vous avez la moindre question ou difficult\u00e9, vous pouvez utiliser la nouvelle adresse sp\u00e9cialement cr\u00e9\u00e9e :\u00a0<a href=\"mailto:adhesions.ify@ify.fr\">adhesions.ify@ify.fr<\/a><br>\u00a0<\/p>\n\n\n\n<p><br>Pour les&nbsp;<strong>FORMATEURS,<\/strong>&nbsp;vous pouvez soutenir l&rsquo;association IFY-IDF en renseignant et en nous retournant le&nbsp;<strong>bulletin de SOUTIEN<\/strong>&nbsp;ci-dessous.<\/p>\n<\/div>\n\n\n\n<div class=\"wp-block-column\">\n<p>Les informations compl\u00e9mentaires \u00e0 fournir :<\/p>\n\n\n\n<ol><li><strong>Copie du dipl\u00f4me&nbsp;<\/strong>de PROFESSEUR de yoga&nbsp;<strong>pour la<\/strong>&nbsp;<strong>premi\u00e8re adh\u00e9sion&nbsp;<\/strong>(uniquement).<\/li><li>le <strong>questionnaire d\u2019auto\u00e9valuation de sant\u00e9 \u00ab QS-SPORT \u00bb<\/strong> qui se trouve sur le site&nbsp;<a rel=\"noreferrer noopener\" href=\"https:\/\/www.ify.fr\/\" target=\"_blank\">www.ify.fr<\/a>&nbsp;dans mon espace priv\u00e9.<\/li><li><strong>Certificat m\u00e9dical d\u2019aptitude \u00e0 la pratique du yoga&nbsp;<u>de moins de 3 ans<\/u><\/strong>&nbsp;: concerne les ELEVES si besoin d\u00e9tect\u00e9 lors du remplissage du <strong>questionnaire d\u2019auto\u00e9valuation de sant\u00e9 <\/strong><\/li><li><strong>Les cartes d&rsquo;adh\u00e9rent<\/strong>&nbsp;sont disponibles par t\u00e9l\u00e9chargement depuis la <strong>fiche adh\u00e9rent <\/strong>de votre Espace Priv\u00e9<\/li><li>La&nbsp;<strong>charte de d\u00e9ontologie<\/strong>&nbsp;que vous reconnaissez avoir lue.<\/li><\/ol>\n\n\n\n<div class=\"wp-block-group encart-information\"><div class=\"wp-block-group__inner-container\">\n<p>Rappels :<\/p>\n\n\n\n<ul><li>Tout adh\u00e9rent doit savoir qu\u2019il peut souscrire \u00e0 une <strong>assurance<\/strong> <strong>compl\u00e9mentaire<\/strong> s\u2019il le souhaite. Le <strong>bulletin d&rsquo;adh\u00e9sion aux garanties compl\u00e9mentaires MMA Option 1 et 2<\/strong> est t\u00e9l\u00e9chargeable depuis la fiche adh\u00e9rent sur votre Espace Priv\u00e9.<br><\/li><li>L&rsquo;<strong>attestation d&rsquo;assurance pour les enseignants<\/strong> est disponible par t\u00e9l\u00e9chargement depuis la fiche adh\u00e9rent sur votre Espace Priv\u00e9.<br><\/li><li>Les garanties sont acquises d\u00e8s l&rsquo;enregistrement de la licence. La couverture d&rsquo;assurance reste <strong>acquise jusqu&rsquo;au 30 septembre de l&rsquo;ann\u00e9e suivante<\/strong> afin de permettre le renouvellement des licences.<\/li><\/ul>\n<\/div><\/div>\n<\/div>\n<\/div>\n\n\n\n<p><strong>Pensez \u00e9galement \u00e0 mettre \u00e0 jour les informations de cours (coordonn\u00e9es, lieux et horaires) directement sur votre espace priv\u00e9, sur le site IFY-IDF<\/strong>.<\/p>\n\n\n\n<p>Nous sommes \u00e0 votre disposition pour tout renseignement compl\u00e9mentaire.<\/p>\n\n\n\n<p>Nous vous souhaitons une bonne rentr\u00e9e.<\/p>\n","protected":false},"excerpt":{"rendered":"<p>En tant que PROFESSEUR ou ELEVE EN FORMATION&nbsp;(pour devenir professeur), MEMBRE ACTIF ou ELEVE,&nbsp;votre adh\u00e9sion \u00e0 l&rsquo;IFY-IDF passe par le [&hellip;]<\/p>\n","protected":false},"author":1,"featured_media":161,"parent":0,"menu_order":0,"comment_status":"closed","ping_status":"closed","template":"","meta":[],"acf":[],"_links":{"self":[{"href":"https:\/\/www.ify.fr\/ile-de-france\/wp-json\/wp\/v2\/pages\/9"}],"collection":[{"href":"https:\/\/www.ify.fr\/ile-de-france\/wp-json\/wp\/v2\/pages"}],"about":[{"href":"https:\/\/www.ify.fr\/ile-de-france\/wp-json\/wp\/v2\/types\/page"}],"author":[{"embeddable":true,"href":"https:\/\/www.ify.fr\/ile-de-france\/wp-json\/wp\/v2\/users\/1"}],"replies":[{"embeddable":true,"href":"https:\/\/www.ify.fr\/ile-de-france\/wp-json\/wp\/v2\/comments?post=9"}],"version-history":[{"count":5,"href":"https:\/\/www.ify.fr\/ile-de-france\/wp-json\/wp\/v2\/pages\/9\/revisions"}],"predecessor-version":[{"id":1528,"href":"https:\/\/www.ify.fr\/ile-de-france\/wp-json\/wp\/v2\/pages\/9\/revisions\/1528"}],"wp:featuredmedia":[{"embeddable":true,"href":"https:\/\/www.ify.fr\/ile-de-france\/wp-json\/wp\/v2\/media\/161"}],"wp:attachment":[{"href":"https:\/\/www.ify.fr\/ile-de-france\/wp-json\/wp\/v2\/media?parent=9"}],"curies":[{"name":"wp","href":"https:\/\/api.w.org\/{rel}","templated":true}]}}