{"id":5,"date":"2022-06-20T10:22:49","date_gmt":"2022-06-20T08:22:49","guid":{"rendered":"https:\/\/www.ify.fr\/ile-de-france\/?page_id=5"},"modified":"2025-10-11T16:42:26","modified_gmt":"2025-10-11T14:42:26","slug":"accueil","status":"publish","type":"page","link":"https:\/\/www.ify.fr\/ile-de-france\/","title":{"rendered":"Accueil"},"content":{"rendered":"\n<div class=\"wp-block-cover alignfull is-light\" style=\"min-height:388px\"><span aria-hidden=\"true\" class=\"has-background-dim-0 wp-block-cover__gradient-background has-background-dim\"><\/span><img loading=\"lazy\" width=\"1230\" height=\"320\" class=\"wp-block-cover__image-background wp-image-95\" alt=\"\" src=\"https:\/\/www.ify.fr\/ile-de-france\/wp-content\/uploads\/sites\/3\/2022\/07\/bougies.jpg\" style=\"object-position:56% 14%\" data-object-fit=\"cover\" data-object-position=\"56% 14%\" srcset=\"https:\/\/www.ify.fr\/ile-de-france\/wp-content\/uploads\/sites\/3\/2022\/07\/bougies.jpg 1230w, https:\/\/www.ify.fr\/ile-de-france\/wp-content\/uploads\/sites\/3\/2022\/07\/bougies-300x78.jpg 300w, https:\/\/www.ify.fr\/ile-de-france\/wp-content\/uploads\/sites\/3\/2022\/07\/bougies-1024x266.jpg 1024w, https:\/\/www.ify.fr\/ile-de-france\/wp-content\/uploads\/sites\/3\/2022\/07\/bougies-768x200.jpg 768w\" sizes=\"(max-width: 1230px) 100vw, 1230px\" \/><div class=\"wp-block-cover__inner-container\">\n<p class=\"has-text-align-center has-large-font-size\"><\/p>\n<\/div><\/div>\n\n\n\n<section class=\"wp-container-69fc567343d8a wp-block-group\"><div class=\"wp-block-group__inner-container\">\n<div class=\"wp-block-columns are-vertically-aligned-center\">\n<div class=\"wp-block-column is-vertically-aligned-center\" style=\"flex-basis:38%\">\n<h1 id=\"bienvenue-a-l-ify-ile-de-france\">Bienvenue \u00e0 l\u2019IFY Ile-de-France<\/h1>\n\n\n\n<p>L&rsquo;&nbsp;<strong>IFY-IDF&nbsp;<\/strong>est une des associations r\u00e9gionales de&nbsp;<strong>l&rsquo;Institut Fran\u00e7ais de Yoga<\/strong>. Elle encourage et diffuse, en Ile-De-France, un enseignement du yoga qui s\u2019inspire d\u2019une tradition authentique et qui respecte la personne, ses aspirations, ses besoins et sa culture. Le fonctionnement est assur\u00e9 par des b\u00e9n\u00e9voles, \u00e9l\u00e8ves et professeurs de yoga.<\/p>\n<\/div>\n\n\n\n<div class=\"wp-block-column is-vertically-aligned-center\">\n<div class=\"wp-block-group encart-citation\"><div class=\"wp-block-group__inner-container\">\n<p class=\"has-text-align-center\">Le yoga est un chemin vers l\u2019harmonie et le bien \u00eatre. Il apporte connaissance de soi, sant\u00e9, d\u00e9tente et s\u00e9r\u00e9nit\u00e9.<\/p>\n<\/div><\/div>\n\n\n\n<div class=\"wp-container-69fc567343970 wp-block-buttons btn_cta\">\n<div class=\"wp-block-button\"><a class=\"wp-block-button__link has-couleur-2-background-color has-background\" href=\"https:\/\/www.ify.fr\/ile-de-france\/trouver-un-cours\/\">Trouver un cours<\/a><\/div>\n\n\n\n<div class=\"wp-block-button\"><a class=\"wp-block-button__link has-couleur-1-background-color has-background\" href=\"https:\/\/www.ify.fr\/ile-de-france\/trouver-un-professeur\/\">Trouver un professeur<\/a><\/div>\n\n\n\n<div class=\"wp-block-button\"><a class=\"wp-block-button__link has-couleur-3-background-color has-background\" href=\"https:\/\/www.ify.fr\/ile-de-france\/trouver-un-stage\/\">Trouver un stage<\/a><\/div>\n<\/div>\n<\/div>\n<\/div>\n<\/div><\/section>\n\n\n\n<section class=\"wp-container-69fc56734b5b7 wp-block-group has-bg-2-background-color has-background\"><div class=\"wp-block-group__inner-container\">\n<h2 class=\"has-text-align-center\" id=\"les-dernieres-actualites-de-l-ify-ile-de-france\">Les derni\u00e8res actualit\u00e9s de L\u2019IFY Ile-de-France<\/h2>\n\n\n\n<div class=\"wp-container-69fc56734ad32 wp-block-query\"><ul class=\"wp-container-69fc56734a950 is-flex-container columns-3 diaporama-mob wp-block-post-template\"><li class=\"wp-block-post post-1782 actualite type-actualite status-publish has-post-thumbnail hentry actualite-categorie-vie-de-lassociation\">\n<figure class=\"wp-container-69fc567347e23 alignwide wp-block-post-featured-image\"><a href=\"https:\/\/www.ify.fr\/ile-de-france\/actualite\/instant-experimenter-pour-mieux-percevoir\/\"><img width=\"800\" height=\"800\" src=\"https:\/\/www.ify.fr\/ile-de-france\/wp-content\/uploads\/sites\/3\/2026\/04\/IMG_5691-scaled-e1777380274836.jpeg\" class=\"attachment-post-thumbnail size-post-thumbnail wp-post-image\" alt=\"\" loading=\"lazy\" \/><\/a><\/figure>\n\n<div class=\"taxonomy-actualite-categorie wp-block-post-terms\"><a href=\"https:\/\/www.ify.fr\/ile-de-france\/actualite-categorie\/vie-de-lassociation\/\" rel=\"tag\">Vie de l&rsquo;association<\/a><\/div>\n\n<h2 class=\"wp-block-post-title\"><a href=\"https:\/\/www.ify.fr\/ile-de-france\/actualite\/instant-experimenter-pour-mieux-percevoir\/\" target=\"_self\" rel=\"\">Instant : Exp\u00e9rimenter pour mieux percevoir.<\/a><\/h2>\n\n<div class=\"wp-block-post-excerpt\"><p class=\"wp-block-post-excerpt__excerpt\">Atelier anim\u00e9 par Isabelle Groll Filizzola et Jean-Pierre Dreyfus, professeurs de yoga IFY. le samedi 30\/05\/2026 de 15h00 \u00e0 18h00 [&hellip;]<\/p><p class=\"wp-block-post-excerpt__more-text\"><a class=\"wp-block-post-excerpt__more-link\" href=\"https:\/\/www.ify.fr\/ile-de-france\/actualite\/instant-experimenter-pour-mieux-percevoir\/\">Lire l&rsquo;article<\/a><\/p><\/div>\n<\/li><li class=\"wp-block-post post-1756 actualite type-actualite status-publish has-post-thumbnail hentry actualite-categorie-entretiens-et-temoignages\">\n<figure class=\"wp-container-69fc567349262 alignwide wp-block-post-featured-image\"><a href=\"https:\/\/www.ify.fr\/ile-de-france\/actualite\/instant-v-un-eclairage-sur-pramana\/\"><img width=\"600\" height=\"625\" src=\"https:\/\/www.ify.fr\/ile-de-france\/wp-content\/uploads\/sites\/3\/2026\/03\/IMG_1938-scaled-e1772986831960.jpg\" class=\"attachment-post-thumbnail size-post-thumbnail wp-post-image\" alt=\"\" loading=\"lazy\" \/><\/a><\/figure>\n\n<div class=\"taxonomy-actualite-categorie wp-block-post-terms\"><a href=\"https:\/\/www.ify.fr\/ile-de-france\/actualite-categorie\/entretiens-et-temoignages\/\" rel=\"tag\">Entretiens et T\u00e9moignages<\/a><\/div>\n\n<h2 class=\"wp-block-post-title\"><a href=\"https:\/\/www.ify.fr\/ile-de-france\/actualite\/instant-v-un-eclairage-sur-pramana\/\" target=\"_self\" rel=\"\">Instant V : un \u00e9clairage sur pram\u0101na<\/a><\/h2>\n\n<div class=\"wp-block-post-excerpt\"><p class=\"wp-block-post-excerpt__excerpt\">Instant V anim\u00e9 par Sylvie Prioul, formatrice IFY. le samedi 04\/04\/2026 de 10h \u00e0 12h en zoom Quelques t\u00e9moignages encourageants [&hellip;]<\/p><p class=\"wp-block-post-excerpt__more-text\"><a class=\"wp-block-post-excerpt__more-link\" href=\"https:\/\/www.ify.fr\/ile-de-france\/actualite\/instant-v-un-eclairage-sur-pramana\/\">Lire l&rsquo;article<\/a><\/p><\/div>\n<\/li><li class=\"wp-block-post post-1747 actualite type-actualite status-publish has-post-thumbnail hentry actualite-categorie-entretiens-et-temoignages\">\n<figure class=\"wp-container-69fc56734a4b5 alignwide wp-block-post-featured-image\"><a href=\"https:\/\/www.ify.fr\/ile-de-france\/actualite\/atelier-pramana-la-connaissance-juste\/\"><img width=\"600\" height=\"450\" src=\"https:\/\/www.ify.fr\/ile-de-france\/wp-content\/uploads\/sites\/3\/2026\/03\/699893134a0a430ee300de98.png\" class=\"attachment-post-thumbnail size-post-thumbnail wp-post-image\" alt=\"\" loading=\"lazy\" srcset=\"https:\/\/www.ify.fr\/ile-de-france\/wp-content\/uploads\/sites\/3\/2026\/03\/699893134a0a430ee300de98.png 600w, https:\/\/www.ify.fr\/ile-de-france\/wp-content\/uploads\/sites\/3\/2026\/03\/699893134a0a430ee300de98-300x225.png 300w\" sizes=\"(max-width: 600px) 100vw, 600px\" \/><\/a><\/figure>\n\n<div class=\"taxonomy-actualite-categorie wp-block-post-terms\"><a href=\"https:\/\/www.ify.fr\/ile-de-france\/actualite-categorie\/entretiens-et-temoignages\/\" rel=\"tag\">Entretiens et T\u00e9moignages<\/a><\/div>\n\n<h2 class=\"wp-block-post-title\"><a href=\"https:\/\/www.ify.fr\/ile-de-france\/actualite\/atelier-pramana-la-connaissance-juste\/\" target=\"_self\" rel=\"\">Instant T : pr\u0101mana, la connaissance juste.<\/a><\/h2>\n\n<div class=\"wp-block-post-excerpt\"><p class=\"wp-block-post-excerpt__excerpt\">Atelier anim\u00e9 par Jocelyne et Jean-Pierre MAETZ, professeurs de yoga IFY.&nbsp; le samedi 21\/03\/2026 de 14h \u00e0 17h \u00e0 SEPTEUIL [&hellip;]<\/p><p class=\"wp-block-post-excerpt__more-text\"><a class=\"wp-block-post-excerpt__more-link\" href=\"https:\/\/www.ify.fr\/ile-de-france\/actualite\/atelier-pramana-la-connaissance-juste\/\">Lire l&rsquo;article<\/a><\/p><\/div>\n<\/li><\/ul><\/div>\n\n\n\n<div class=\"wp-container-69fc56734b1ca wp-block-buttons\">\n<div class=\"wp-block-button\"><a class=\"wp-block-button__link has-couleur-2-background-color has-background\" href=\"\/ile-de-france\/actualite\/\">Voir toutes les actus<\/a><\/div>\n<\/div>\n<\/div><\/section>\n\n\n\n<section class=\"wp-container-69fc56734b9ff wp-block-group\"><div class=\"wp-block-group__inner-container\">\n<div class=\"wp-block-media-text is-stacked-on-mobile is-image-fill\"><figure class=\"wp-block-media-text__media\" style=\"background-image:url(https:\/\/www.ify.fr\/ile-de-france\/wp-content\/uploads\/sites\/3\/2022\/07\/conscious-design-893qZckG6I4-unsplash-1024x681-1.jpg);background-position:50% 50%\"><img loading=\"lazy\" width=\"1024\" height=\"681\" src=\"https:\/\/www.ify.fr\/ile-de-france\/wp-content\/uploads\/sites\/3\/2022\/07\/conscious-design-893qZckG6I4-unsplash-1024x681-1.jpg\" alt=\"\" class=\"wp-image-127 size-full\" srcset=\"https:\/\/www.ify.fr\/ile-de-france\/wp-content\/uploads\/sites\/3\/2022\/07\/conscious-design-893qZckG6I4-unsplash-1024x681-1.jpg 1024w, https:\/\/www.ify.fr\/ile-de-france\/wp-content\/uploads\/sites\/3\/2022\/07\/conscious-design-893qZckG6I4-unsplash-1024x681-1-300x200.jpg 300w, https:\/\/www.ify.fr\/ile-de-france\/wp-content\/uploads\/sites\/3\/2022\/07\/conscious-design-893qZckG6I4-unsplash-1024x681-1-768x511.jpg 768w\" sizes=\"(max-width: 1024px) 100vw, 1024px\" \/><\/figure><div class=\"wp-block-media-text__content\">\n<h2 id=\"les-activites-de-l-ify-idf\">Les activit\u00e9s de l&rsquo;IFY-IDF<\/h2>\n\n\n\n<p>Tout au long de l&rsquo;ann\u00e9e, l&rsquo;IFY-IDF organise :<\/p>\n\n\n\n<ul><li>Des&nbsp;<a href=\"https:\/\/www.ify.fr\/cours-de-yoga-a-paris\/\">cours de yoga&nbsp;collectifs et individuels \u00e0 Paris<\/a><\/li><li>Des <strong>ateliers Instant T <\/strong>et <strong>Instant V<\/strong>, anim\u00e9s par des formateurs ou des professeurs de yoga IFY.<\/li><li>Des&nbsp;<strong>forums et stages autour du Yoga&nbsp;<\/strong>: organis\u00e9s sur deux journ\u00e9es, autour d\u2019une th\u00e9matique, anim\u00e9s par les professeurs de l&rsquo; IFY-IDF.<\/li><li>La&nbsp;<strong>matin\u00e9e des professeurs<\/strong>, anim\u00e9e par un formateur ou un professeur, un moment privil\u00e9gi\u00e9 de formation r\u00e9serv\u00e9 aux enseignants, traditionnellement suivie de l&rsquo;<strong>Assembl\u00e9e G\u00e9n\u00e9rale<\/strong> de l&rsquo;IFY-IDF.<\/li><\/ul>\n<\/div><\/div>\n<\/div><\/section>\n\n\n\n<figure class=\"wp-block-image size-large is-resized\"><img loading=\"lazy\" src=\"https:\/\/www.ify.fr\/ile-de-france\/wp-content\/uploads\/sites\/3\/2025\/10\/Capture-decran-2025-10-11-a-16.40.44-1024x608.png\" alt=\"\" class=\"wp-image-1630\" width=\"1450\" height=\"861\" srcset=\"https:\/\/www.ify.fr\/ile-de-france\/wp-content\/uploads\/sites\/3\/2025\/10\/Capture-decran-2025-10-11-a-16.40.44-1024x608.png 1024w, https:\/\/www.ify.fr\/ile-de-france\/wp-content\/uploads\/sites\/3\/2025\/10\/Capture-decran-2025-10-11-a-16.40.44-300x178.png 300w, https:\/\/www.ify.fr\/ile-de-france\/wp-content\/uploads\/sites\/3\/2025\/10\/Capture-decran-2025-10-11-a-16.40.44-768x456.png 768w, https:\/\/www.ify.fr\/ile-de-france\/wp-content\/uploads\/sites\/3\/2025\/10\/Capture-decran-2025-10-11-a-16.40.44-1536x913.png 1536w, https:\/\/www.ify.fr\/ile-de-france\/wp-content\/uploads\/sites\/3\/2025\/10\/Capture-decran-2025-10-11-a-16.40.44-2048x1217.png 2048w\" sizes=\"(max-width: 1450px) 100vw, 1450px\" \/><\/figure>\n\n\n\n<h2 class=\"has-text-align-center\" id=\"les-dernieres-actualites-de-l-ify\">Les derni\u00e8res actualit\u00e9s de L\u2019IFY<\/h2>\n\n\n\n<p class=\"has-text-align-center has-medium-font-size\"><strong>Cliquer<\/strong> <a href=\"https:\/\/www.ify.fr\/blog\/actualite\/\">ici<\/a><\/p>\n","protected":false},"excerpt":{"rendered":"<p>Bienvenue \u00e0 l\u2019IFY Ile-de-France L&rsquo;&nbsp;IFY-IDF&nbsp;est une des associations r\u00e9gionales de&nbsp;l&rsquo;Institut Fran\u00e7ais de Yoga. Elle encourage et diffuse, en Ile-De-France, un [&hellip;]<\/p>\n","protected":false},"author":1,"featured_media":0,"parent":0,"menu_order":0,"comment_status":"closed","ping_status":"closed","template":"","meta":[],"acf":[],"_links":{"self":[{"href":"https:\/\/www.ify.fr\/ile-de-france\/wp-json\/wp\/v2\/pages\/5"}],"collection":[{"href":"https:\/\/www.ify.fr\/ile-de-france\/wp-json\/wp\/v2\/pages"}],"about":[{"href":"https:\/\/www.ify.fr\/ile-de-france\/wp-json\/wp\/v2\/types\/page"}],"author":[{"embeddable":true,"href":"https:\/\/www.ify.fr\/ile-de-france\/wp-json\/wp\/v2\/users\/1"}],"replies":[{"embeddable":true,"href":"https:\/\/www.ify.fr\/ile-de-france\/wp-json\/wp\/v2\/comments?post=5"}],"version-history":[{"count":6,"href":"https:\/\/www.ify.fr\/ile-de-france\/wp-json\/wp\/v2\/pages\/5\/revisions"}],"predecessor-version":[{"id":1555,"href":"https:\/\/www.ify.fr\/ile-de-france\/wp-json\/wp\/v2\/pages\/5\/revisions\/1555"}],"wp:attachment":[{"href":"https:\/\/www.ify.fr\/ile-de-france\/wp-json\/wp\/v2\/media?parent=5"}],"curies":[{"name":"wp","href":"https:\/\/api.w.org\/{rel}","templated":true}]}}