{"id":5,"date":"2022-05-02T06:22:52","date_gmt":"2022-05-02T04:22:52","guid":{"rendered":"https:\/\/www.ify.fr\/espace-nord\/bureau-et-ca\/"},"modified":"2025-01-20T17:54:52","modified_gmt":"2025-01-20T16:54:52","slug":"bureau-et-ca","status":"publish","type":"page","link":"https:\/\/www.ify.fr\/espace-nord\/bureau-et-ca\/","title":{"rendered":"Bureau et CA"},"content":{"rendered":"\n<div class=\"wp-block-columns\">\n<div class=\"wp-block-column\">\n<h2 id=\"ifyen-est-une-association-loi-1901\">IFYEN est une association loi 1901.<\/h2>\n\n\n\n<p><strong>L\u2019Assembl\u00e9e G\u00e9n\u00e9rale&nbsp;<\/strong>(AG) adopte les grandes orientations de l\u2019association, fixe le co\u00fbt des cotisations et \u00e9lit les membres du CA. Cette rencontre annuelle est l\u2019occasion pour tous les adh\u00e9rents de se retrouver et de discuter des orientations du fonctionnement de l\u2019association.<\/p>\n\n\n\n<p>L\u2019adh\u00e9sion en tant que Membre Actif permet, sans \u00eatre professeur de yoga ni \u00e9l\u00e8ve en formation, de voter lors des AG ainsi que de se pr\u00e9senter aux \u00e9lections au CA et au Bureau d\u2019IFYEN<\/p>\n\n\n\n<p><strong>Le Conseil d\u2019Administration<\/strong>&nbsp;(CA) assure la direction et la gestion de l\u2019association. Il est compos\u00e9 de maximum 15 membres.<\/p>\n<\/div>\n\n\n\n<div class=\"wp-block-column\">\n<h2 id=\"le-conseil-d-administration\">Le Conseil d\u2019Administration<\/h2>\n\n\n\n<p><strong>Laurence BUARD, Virginie CAPPOEN, Virginie <strong>CHATENET<\/strong>, C\u00e9cile CROMBEZ, Isabelle HENNING-DOMOGALLA, Agnes JOLY, Pascale SALERNO, Sylvie SAMSOEN, Philippe TIRANT,&nbsp; et Sandrine VANACKERE<\/strong><\/p>\n\n\n\n<p><strong>Le Bureau<\/strong>, \u00e9lu au sein du CA, est plus particuli\u00e8rement charg\u00e9 de veiller \u00e0 l\u2019ex\u00e9cution des d\u00e9cisions prises.<\/p>\n<\/div>\n<\/div>\n\n\n\n<div class=\"wp-block-group encart-information\"><div class=\"wp-block-group__inner-container\">\n<p>Pr\u00e9sidente : Isabelle Henning-Domogalla<br>Vice-Pr\u00e9sidente : Agnes JOLY<br>Tr\u00e9sori\u00e8re : Virginie CAPPOEN  \/ Tr\u00e9sori\u00e8re adjoint : Pascale Salerno<br>Secr\u00e9taire : Sylvie SAMSOEN \/ Secr\u00e9taire adjoint : Philippe TIRANT<\/p>\n<\/div><\/div>\n","protected":false},"excerpt":{"rendered":"<p>IFYEN est une association loi 1901. L\u2019Assembl\u00e9e G\u00e9n\u00e9rale&nbsp;(AG) adopte les grandes orientations de l\u2019association, fixe le co\u00fbt des cotisations et [&hellip;]<\/p>\n","protected":false},"author":1,"featured_media":0,"parent":0,"menu_order":0,"comment_status":"open","ping_status":"open","template":"","meta":[],"acf":[],"_links":{"self":[{"href":"https:\/\/www.ify.fr\/espace-nord\/wp-json\/wp\/v2\/pages\/5"}],"collection":[{"href":"https:\/\/www.ify.fr\/espace-nord\/wp-json\/wp\/v2\/pages"}],"about":[{"href":"https:\/\/www.ify.fr\/espace-nord\/wp-json\/wp\/v2\/types\/page"}],"author":[{"embeddable":true,"href":"https:\/\/www.ify.fr\/espace-nord\/wp-json\/wp\/v2\/users\/1"}],"replies":[{"embeddable":true,"href":"https:\/\/www.ify.fr\/espace-nord\/wp-json\/wp\/v2\/comments?post=5"}],"version-history":[{"count":6,"href":"https:\/\/www.ify.fr\/espace-nord\/wp-json\/wp\/v2\/pages\/5\/revisions"}],"predecessor-version":[{"id":850,"href":"https:\/\/www.ify.fr\/espace-nord\/wp-json\/wp\/v2\/pages\/5\/revisions\/850"}],"wp:attachment":[{"href":"https:\/\/www.ify.fr\/espace-nord\/wp-json\/wp\/v2\/media?parent=5"}],"curies":[{"name":"wp","href":"https:\/\/api.w.org\/{rel}","templated":true}]}}