{"id":4,"date":"2022-05-02T06:21:01","date_gmt":"2022-05-02T04:21:01","guid":{"rendered":"https:\/\/www.ify.fr\/espace-nord\/lassociation-ify-espace-nord\/"},"modified":"2023-09-09T16:08:21","modified_gmt":"2023-09-09T14:08:21","slug":"lassociation-ify-espace-nord","status":"publish","type":"page","link":"https:\/\/www.ify.fr\/espace-nord\/lassociation-ify-espace-nord\/","title":{"rendered":"L\u2019association IFY Espace Nord"},"content":{"rendered":"\n<div class=\"wp-block-columns\">\n<div class=\"wp-block-column\">\n<h2 id=\"petit-retour-sur-le-passe\">Petit retour sur le pass\u00e9<\/h2>\n\n\n\n<p><\/p>\n\n\n\n<p><\/p>\n\n\n\n<p><strong>LES PRESIDENTES d\u2019IFYEN<\/strong><\/p>\n\n\n\n<p>1987 \u00e0 1991&nbsp;: Mich\u00e8le LAMBERT<\/p>\n\n\n\n<p>1991 \u00e0 1994&nbsp;: Isabelle HENNING-DOMOGALLA<\/p>\n\n\n\n<p>1994 \u00e0 1998&nbsp;: Nadine DELPORTE<\/p>\n\n\n\n<p>1998 \u00e0 2003&nbsp;: Ourida TABANI<\/p>\n\n\n\n<p>2003 \u00e0 2008&nbsp;: Isabelle HENNING-DOMOGALLA<\/p>\n\n\n\n<p>2008 \u00e0 2013&nbsp;: C\u00e9line RICHOU<\/p>\n\n\n\n<p>2013 \u00e0 2014&nbsp;: B\u00e9atrice CATTELIN<\/p>\n\n\n\n<p>Depuis 2014&nbsp;: Isabelle HENNING-DOMOGALLA                                                                       <\/p>\n\n\n\n<p><\/p>\n\n\n\n<p><\/p>\n\n\n\n<p><strong>LES FORMATEURS<\/strong><\/p>\n\n\n\n<p>D\u00e8s 1987, Claude MARECHAL et Frans MOORS, ont mis en place une formation dans la r\u00e9gion&nbsp;: ETY (Etude et Transmission du Yoga),<br>Depuis 2007, EDYN (Ecole de Yoga de Normandie) d\u2019Elisabeth REMY forme de futurs professeurs en formation initiale et en formation continue dans les Hauts de France, en Normandie et \u00e0 Paris.<br>Depuis 2016, Agn\u00e8s JOLY forme des futurs professeurs dans la r\u00e9gion Hauts de France.<\/p>\n\n\n\n<p><\/p>\n\n\n\n<p>   <\/p>\n\n\n\n<p><\/p>\n\n\n\n<p><\/p>\n\n\n\n<p> <\/p>\n<\/div>\n\n\n\n<div class=\"wp-block-column\">\n<h2 id=\"les-evenements-marquants-dans-la-vie-de-notre-association\">Les \u00e9v\u00e8nements marquants dans la vie de notre association&nbsp;:<\/h2>\n\n\n\n<p>.<\/p>\n\n\n\n<p><\/p>\n\n\n\n<p><\/p>\n\n\n\n<p><\/p>\n\n\n\n<ul><li>2001&nbsp;: Venue de TKV DESIKACHAR, invit\u00e9 par Frans MOORS \u00e0 Bouvines.<\/li><li>2013&nbsp;: Organisation des Rencontres Nationales d\u2019IFY avec pour th\u00e8me&nbsp;: \u00ab&nbsp;Souffles&nbsp;\u00bb.<\/li><li>2016&nbsp;: Accueil organis\u00e9 par Elisabeth REMY de 2 professeurs indiens du Krishnamacharya Yoga Mandiram (KYM) de Chennai (ex-Madras)<\/li><li>En 2016 et en 2021&nbsp;: IFYEN a organis\u00e9, dans la r\u00e9gion, des s\u00e9minaires IFY \u00e0 destination des professeurs<\/li><li>2023&nbsp;: Organisation des Rencontres Nationales d\u2019IFY (les 40 ans de l\u2019IFY) avec pour th\u00e8me&nbsp;: \u00ab&nbsp;Sv\u00e2dhy\u00e2ya, \u00e0 la rencontre de Soi&nbsp;\u00bb.<\/li><\/ul>\n\n\n\n<p><\/p>\n\n\n\n<p class=\"has-small-font-size\"><\/p>\n<\/div>\n<\/div>\n\n\n\n<div class=\"wp-block-columns\">\n<div class=\"wp-block-column\">\n<figure class=\"wp-block-image size-large is-resized is-style-default\"><img loading=\"lazy\" src=\"https:\/\/www.ify.fr\/espace-nord\/wp-content\/uploads\/sites\/15\/2022\/06\/2018-02-30-ans-IMG_6030-601x1024.jpg\" alt=\"\" class=\"wp-image-81\" width=\"150\" height=\"256\" \/><\/figure>\n<\/div>\n<\/div>\n\n\n\n<p class=\"has-small-font-size\"><\/p>\n","protected":false},"excerpt":{"rendered":"<p>Petit retour sur le pass\u00e9 LES PRESIDENTES d\u2019IFYEN 1987 \u00e0 1991&nbsp;: Mich\u00e8le LAMBERT 1991 \u00e0 1994&nbsp;: Isabelle HENNING-DOMOGALLA 1994 \u00e0 [&hellip;]<\/p>\n","protected":false},"author":1,"featured_media":322,"parent":0,"menu_order":0,"comment_status":"open","ping_status":"open","template":"","meta":[],"acf":[],"_links":{"self":[{"href":"https:\/\/www.ify.fr\/espace-nord\/wp-json\/wp\/v2\/pages\/4"}],"collection":[{"href":"https:\/\/www.ify.fr\/espace-nord\/wp-json\/wp\/v2\/pages"}],"about":[{"href":"https:\/\/www.ify.fr\/espace-nord\/wp-json\/wp\/v2\/types\/page"}],"author":[{"embeddable":true,"href":"https:\/\/www.ify.fr\/espace-nord\/wp-json\/wp\/v2\/users\/1"}],"replies":[{"embeddable":true,"href":"https:\/\/www.ify.fr\/espace-nord\/wp-json\/wp\/v2\/comments?post=4"}],"version-history":[{"count":5,"href":"https:\/\/www.ify.fr\/espace-nord\/wp-json\/wp\/v2\/pages\/4\/revisions"}],"predecessor-version":[{"id":366,"href":"https:\/\/www.ify.fr\/espace-nord\/wp-json\/wp\/v2\/pages\/4\/revisions\/366"}],"wp:featuredmedia":[{"embeddable":true,"href":"https:\/\/www.ify.fr\/espace-nord\/wp-json\/wp\/v2\/media\/322"}],"wp:attachment":[{"href":"https:\/\/www.ify.fr\/espace-nord\/wp-json\/wp\/v2\/media?parent=4"}],"curies":[{"name":"wp","href":"https:\/\/api.w.org\/{rel}","templated":true}]}}