{"id":3,"date":"2022-05-02T06:10:23","date_gmt":"2022-05-02T04:10:23","guid":{"rendered":"https:\/\/www.ify.fr\/espace-nord\/institut-francais-du-yoga-espace-nord\/"},"modified":"2025-01-20T17:46:27","modified_gmt":"2025-01-20T16:46:27","slug":"institut-francais-du-yoga-espace-nord","status":"publish","type":"page","link":"https:\/\/www.ify.fr\/espace-nord\/","title":{"rendered":"L&rsquo;Institut Fran\u00e7ais du Yoga Espace Nord"},"content":{"rendered":"\n<p><\/p>\n\n\n\n<section class=\"wp-container-69d199feaf007 wp-block-group\"><div class=\"wp-block-group__inner-container\">\n<div class=\"wp-block-columns are-vertically-aligned-center\">\n<div class=\"wp-block-column is-vertically-aligned-center\" style=\"flex-basis:38%\">\n<h1 class=\"has-couleur-2-color has-text-color\" id=\"bienvenue-a-l-institut-francais-du-yoga-espace-nord\">Bienvenue \u00e0 l\u2019Institut Fran\u00e7ais du Yoga Espace Nord<\/h1>\n\n\n\n<p>IFY Espace Nord (IFYEN), association loi 1901, est n\u00e9e en 1987. Elle prend diff\u00e9rents noms jusqu\u2019en 2007 et est rattach\u00e9e \u00e0 l\u2019Institut Fran\u00e7ais de Yoga (IFY), f\u00e9d\u00e9ration qui regroupe des enseignants, des \u00e9l\u00e8ves en formation et des pratiquants de yoga.<\/p>\n\n\n\n<p>L\u2019IFY est attach\u00e9e \u00e0 l\u2019enseignement <strong>VINIYOGA<\/strong>&nbsp;: ses professeurs appliquent une m\u00e9thode coh\u00e9rente privil\u00e9giant la singularit\u00e9 et la libert\u00e9 de chaque pratiquant.<\/p>\n\n\n\n<p>Pour plus d\u2019informations sur le nom VINIYOGA et l\u2019histoire de l\u2019Institut, voir&nbsp;le site de l\u2019IFY&nbsp;: <a href=\"https:\/\/www.ify.fr\/presentation-de-ify\/\">https:\/\/www.ify.fr\/presentation-de-ify\/<\/a><\/p>\n\n\n\n<p>IFYEN est implant\u00e9e dans les d\u00e9partements du Nord, du Pas-de-Calais et de la Haute Normandie.<\/p>\n\n\n\n<p>En 2024, elle compte\u00a0:<\/p>\n\n\n\n<ul><li>548<strong> adh\u00e9rents<\/strong>,<\/li><li><strong>Dont 72 professeurs<\/strong> form\u00e9s et\/ou reconnus par IFY,<\/li><li><strong>20 \u00e9l\u00e8ves<\/strong> en formation<\/li><li><strong>2 formatrices <\/strong>Elisabeth REMY et Agn\u00e8s JOLY.<\/li><\/ul>\n\n\n\n<p>IFYEN est administr\u00e9e par un Conseil d\u2019administration de 6 \u00e0 15 membres, qui \u00e9lit un Bureau.<\/p>\n<\/div>\n\n\n\n<div class=\"wp-block-column is-vertically-aligned-center\">\n<div class=\"wp-block-group encart-citation\"><div class=\"wp-block-group__inner-container\">\n<p class=\"has-text-align-center\">Le yoga est un&nbsp;<strong>cheminement vers plus de clart\u00e9, de s\u00e9r\u00e9nit\u00e9.<\/strong><\/p>\n<\/div><\/div>\n\n\n\n<div class=\"wp-container-69d199feaebf8 wp-block-buttons btn_cta\">\n<div class=\"wp-block-button\"><a class=\"wp-block-button__link has-couleur-2-background-color has-background\" href=\"https:\/\/www.ify.fr\/espace-nord\/trouver-un-cours\/\">Trouver un cours<\/a><\/div>\n\n\n\n<div class=\"wp-block-button\"><a class=\"wp-block-button__link has-couleur-1-background-color has-background\" href=\"https:\/\/www.ify.fr\/espace-nord\/trouver-un-professeur\/\">Trouver un professeur<\/a><\/div>\n\n\n\n<div class=\"wp-block-button\"><a class=\"wp-block-button__link has-couleur-3-background-color has-background\" href=\"https:\/\/www.ify.fr\/espace-nord\/trouver-un-stage\/\">Trouver un stage<\/a><\/div>\n<\/div>\n<\/div>\n<\/div>\n<\/div><\/section>\n\n\n\n<section class=\"wp-container-69d199feb3275 wp-block-group has-bg-2-background-color has-background\"><div class=\"wp-block-group__inner-container\">\n<h2 class=\"has-text-align-center has-couleur-1-color has-text-color\" id=\"les-dernieres-actualites-de-l-ify-espace-nord\">Les derni\u00e8res actualit\u00e9s de L\u2019IFY Espace Nord<\/h2>\n\n\n\n<div class=\"wp-container-69d199feb2a39 wp-block-query\"><ul class=\"wp-container-69d199feb2650 is-flex-container columns-3 diaporama-mob wp-block-post-template\"><li class=\"wp-block-post post-944 actualite type-actualite status-publish has-post-thumbnail hentry actualite-categorie-vie-de-lassociation\">\n<figure class=\"wp-container-69d199feb0a9a alignwide wp-block-post-featured-image\"><a href=\"https:\/\/www.ify.fr\/espace-nord\/actualite\/yoga-des-yeux\/\"><img width=\"199\" height=\"186\" src=\"https:\/\/www.ify.fr\/espace-nord\/wp-content\/uploads\/sites\/15\/2026\/01\/YOGA-DES-YEUX.png\" class=\"attachment-post-thumbnail size-post-thumbnail wp-post-image\" alt=\"\" loading=\"lazy\" \/><\/a><\/figure>\n\n<div class=\"taxonomy-actualite-categorie wp-block-post-terms\"><a href=\"https:\/\/www.ify.fr\/espace-nord\/actualite-categorie\/vie-de-lassociation\/\" rel=\"tag\">Vie de l&rsquo;association<\/a><\/div>\n\n<h2 class=\"wp-block-post-title\"><a href=\"https:\/\/www.ify.fr\/espace-nord\/actualite\/yoga-des-yeux\/\" target=\"_self\" rel=\"\">YOGA DES YEUX<\/a><\/h2>\n\n<div class=\"wp-block-post-excerpt\"><p class=\"wp-block-post-excerpt__excerpt\">IFY Espace Nord a le plaisir de vous proposer un stage sur le th\u00e8me du \u00ab\u00a0Yoga des yeux\u00a0\u00bb anim\u00e9 par [&hellip;] <\/p><\/div>\n<\/li><li class=\"wp-block-post post-911 actualite type-actualite status-publish has-post-thumbnail hentry actualite-categorie-le-yoga-au-quotidien\">\n<figure class=\"wp-container-69d199feb1503 alignwide wp-block-post-featured-image\"><a href=\"https:\/\/www.ify.fr\/espace-nord\/actualite\/ify-espace-nord-vous-souhaite-une-belle-annee-2026\/\"><img width=\"319\" height=\"328\" src=\"https:\/\/www.ify.fr\/espace-nord\/wp-content\/uploads\/sites\/15\/2026\/01\/BADEF55.png\" class=\"attachment-post-thumbnail size-post-thumbnail wp-post-image\" alt=\"\" loading=\"lazy\" srcset=\"https:\/\/www.ify.fr\/espace-nord\/wp-content\/uploads\/sites\/15\/2026\/01\/BADEF55.png 319w, https:\/\/www.ify.fr\/espace-nord\/wp-content\/uploads\/sites\/15\/2026\/01\/BADEF55-292x300.png 292w\" sizes=\"(max-width: 319px) 100vw, 319px\" \/><\/a><\/figure>\n\n<div class=\"taxonomy-actualite-categorie wp-block-post-terms\"><a href=\"https:\/\/www.ify.fr\/espace-nord\/actualite-categorie\/le-yoga-au-quotidien\/\" rel=\"tag\">Le yoga au quotidien<\/a><\/div>\n\n<h2 class=\"wp-block-post-title\"><a href=\"https:\/\/www.ify.fr\/espace-nord\/actualite\/ify-espace-nord-vous-souhaite-une-belle-annee-2026\/\" target=\"_self\" rel=\"\">IFY Espace Nord vous souhaite une belle ann\u00e9e 2026 !<\/a><\/h2>\n\n\n<\/li><li class=\"wp-block-post post-905 actualite type-actualite status-publish has-post-thumbnail hentry actualite-categorie-seminaires actualite-categorie-vie-de-lassociation\">\n<figure class=\"wp-container-69d199feb2159 alignwide wp-block-post-featured-image\"><a href=\"https:\/\/www.ify.fr\/espace-nord\/actualite\/yoga-et-ayurveda-post-formation\/\"><img width=\"576\" height=\"380\" src=\"https:\/\/www.ify.fr\/espace-nord\/wp-content\/uploads\/sites\/15\/2024\/03\/ayurveda-class.jpg\" class=\"attachment-post-thumbnail size-post-thumbnail wp-post-image\" alt=\"\" loading=\"lazy\" srcset=\"https:\/\/www.ify.fr\/espace-nord\/wp-content\/uploads\/sites\/15\/2024\/03\/ayurveda-class.jpg 576w, https:\/\/www.ify.fr\/espace-nord\/wp-content\/uploads\/sites\/15\/2024\/03\/ayurveda-class-300x198.jpg 300w\" sizes=\"(max-width: 576px) 100vw, 576px\" \/><\/a><\/figure>\n\n<div class=\"taxonomy-actualite-categorie wp-block-post-terms\"><a href=\"https:\/\/www.ify.fr\/espace-nord\/actualite-categorie\/seminaires\/\" rel=\"tag\">S\u00e9minaires<\/a><span class=\"wp-block-post-terms__separator\">, <\/span><a href=\"https:\/\/www.ify.fr\/espace-nord\/actualite-categorie\/vie-de-lassociation\/\" rel=\"tag\">Vie de l&rsquo;association<\/a><\/div>\n\n<h2 class=\"wp-block-post-title\"><a href=\"https:\/\/www.ify.fr\/espace-nord\/actualite\/yoga-et-ayurveda-post-formation\/\" target=\"_self\" rel=\"\">YOGA et AYURVEDA POST FORMATION<\/a><\/h2>\n\n<div class=\"wp-block-post-excerpt\"><p class=\"wp-block-post-excerpt__excerpt\">Une nouvelle post-formation d\u00e9bute \u00e0 Merville en octobre 2026. Ce cycle s&rsquo;adresse \u00e0 tous professeur(e)s de yoga, ou aux personnes [&hellip;] <\/p><\/div>\n<\/li><\/ul><\/div>\n\n\n\n<div class=\"wp-container-69d199feb2e5f wp-block-buttons\">\n<div class=\"wp-block-button\"><a class=\"wp-block-button__link has-couleur-1-background-color has-background\" href=\"\/espace-nord\/actualite\/\">Voir toutes les actus<\/a><\/div>\n<\/div>\n<\/div><\/section>\n\n\n\n<section class=\"wp-container-69d199feb3712 wp-block-group\"><div class=\"wp-block-group__inner-container\">\n<div class=\"wp-block-media-text is-stacked-on-mobile is-image-fill\"><figure class=\"wp-block-media-text__media\" style=\"background-image:url(https:\/\/www.ify.fr\/espace-nord\/wp-content\/uploads\/sites\/15\/2022\/06\/conscious-design-893qZckG6I4-unsplash-1024x681.jpg);background-position:50% 50%\"><img loading=\"lazy\" width=\"1024\" height=\"681\" src=\"https:\/\/www.ify.fr\/espace-nord\/wp-content\/uploads\/sites\/15\/2022\/06\/conscious-design-893qZckG6I4-unsplash-1024x681.jpg\" alt=\"\" class=\"wp-image-70 size-full\" srcset=\"https:\/\/www.ify.fr\/espace-nord\/wp-content\/uploads\/sites\/15\/2022\/06\/conscious-design-893qZckG6I4-unsplash-1024x681.jpg 1024w, https:\/\/www.ify.fr\/espace-nord\/wp-content\/uploads\/sites\/15\/2022\/06\/conscious-design-893qZckG6I4-unsplash-300x200.jpg 300w, https:\/\/www.ify.fr\/espace-nord\/wp-content\/uploads\/sites\/15\/2022\/06\/conscious-design-893qZckG6I4-unsplash-768x511.jpg 768w, https:\/\/www.ify.fr\/espace-nord\/wp-content\/uploads\/sites\/15\/2022\/06\/conscious-design-893qZckG6I4-unsplash-1536x1022.jpg 1536w, https:\/\/www.ify.fr\/espace-nord\/wp-content\/uploads\/sites\/15\/2022\/06\/conscious-design-893qZckG6I4-unsplash-2048x1363.jpg 2048w\" sizes=\"(max-width: 1024px) 100vw, 1024px\" \/><\/figure><div class=\"wp-block-media-text__content\">\n<h2 class=\"has-couleur-1-color has-text-color\" id=\"les-objectifs-de-ify-en-definis-par-les-statuts\">Les objectifs de IFY EN, d\u00e9finis par les statuts&nbsp;:<\/h2>\n\n\n\n<ol type=\"1\"><li>D\u00e9velopper et promouvoir l\u2019\u00e9tude, la compr\u00e9hension et la pratique du Yoga<\/li><li>Regrouper des pratiquants et des enseignants de yoga d\u00e9sireux de se rencontrer, diffuser de l\u2019information, organiser des actions.<\/li><\/ol>\n\n\n\n<p>Notre association organise pour les&nbsp;adh\u00e9rents&nbsp;:<\/p>\n\n\n\n<ul><li>Des ateliers ouverts \u00e0 tous (th\u00e9matiques propos\u00e9es par les professeurs), des week-ends avec des formateurs de l\u2019IFY, des s\u00e9minaires \u2026.<\/li><li>Des conf\u00e9rences,<\/li><li>Des rencontres entre professeurs, avec la journ\u00e9e des professeurs qui a lieu \u00e0 la rentr\u00e9e de chaque ann\u00e9e.<\/li><li>Une publication de notre journal&nbsp;d\u00e9nomm\u00e9 <strong>Passerelle<\/strong><\/li><\/ul>\n\n\n\n<p>IFY Espace Nord propose, via l\u2019enseignement donn\u00e9 par nos deux formatrices, des formations de futurs professeurs, en formation initiale et en formation continue, pour les personnes int\u00e9ress\u00e9es par l\u2019\u00e9tude du yoga, ainsi que des cycles plus sp\u00e9cifiques. Ces formations donnent lieu \u00e0 la d\u00e9livrance d\u2019un dipl\u00f4me de professeur de yoga certifi\u00e9 par l\u2019IFY.<\/p>\n\n\n\n<h2 class=\"has-couleur-1-color has-text-color\" id=\"nos-formations\">Nos formations :<\/h2>\n\n\n\n<p>IFY Espace Nord propose, via l\u2019enseignement donn\u00e9 par nos deux formatrices, des formations de futurs professeurs, en formation initiale et en formation continue, pour les personnes int\u00e9ress\u00e9es par l\u2019\u00e9tude du yoga, ainsi que des cycles plus sp\u00e9cifiques. Ces formations donnent lieu \u00e0 la d\u00e9livrance d\u2019un dipl\u00f4me de professeur de yoga certifi\u00e9 par l\u2019IFY.<\/p>\n\n\n\n<p>Chaque futur professeur a ses propres motivations pour s\u2019investir dans une formation qualifiante. Son engagement personnel dans le yoga est souvent port\u00e9 par son souhait :<\/p>\n\n\n\n<ul><li>d\u2019aider toute personne int\u00e9ress\u00e9e par le yoga \u00e0 approfondir ses connaissances pratiques et th\u00e9oriques.<\/li><li>de l\u2019accompagner dans son cheminement personnel gr\u00e2ce au yoga.<\/li><li>d\u2019acqu\u00e9rir la confiance, les connaissances et les m\u00e9thodes n\u00e9cessaires pour transmettre cette discipline.<\/li><\/ul>\n\n\n\n<p>S\u2019inscrire \u00e0 une telle formation permet avant tout de prolonger sa pratique en d\u00e9couvrant la richesse de l\u2019enseignement du yoga. La cr\u00e9ativit\u00e9 et le d\u00e9sir de d\u00e9velopper ses propres potentiels en sont naturellement stimul\u00e9s \u00e0 travers cet engagement en profondeur.<\/p>\n\n\n\n<p>Le site internet de l\u2019Institut Fran\u00e7ais de Yoga auquel IFYEN est rattach\u00e9 donne acc\u00e8s \u00e0 de nombreuses informations sur les actualit\u00e9s de l\u2019IFY et de ses associations r\u00e9gionales.<\/p>\n\n\n\n<p><\/p>\n\n\n\n<p><\/p>\n<\/div><\/div>\n<\/div><\/section>\n","protected":false},"excerpt":{"rendered":"<p>Bienvenue \u00e0 l\u2019Institut Fran\u00e7ais du Yoga Espace Nord IFY Espace Nord (IFYEN), association loi 1901, est n\u00e9e en 1987. Elle [&hellip;]<\/p>\n","protected":false},"author":1,"featured_media":324,"parent":0,"menu_order":0,"comment_status":"open","ping_status":"open","template":"","meta":[],"acf":[],"_links":{"self":[{"href":"https:\/\/www.ify.fr\/espace-nord\/wp-json\/wp\/v2\/pages\/3"}],"collection":[{"href":"https:\/\/www.ify.fr\/espace-nord\/wp-json\/wp\/v2\/pages"}],"about":[{"href":"https:\/\/www.ify.fr\/espace-nord\/wp-json\/wp\/v2\/types\/page"}],"author":[{"embeddable":true,"href":"https:\/\/www.ify.fr\/espace-nord\/wp-json\/wp\/v2\/users\/1"}],"replies":[{"embeddable":true,"href":"https:\/\/www.ify.fr\/espace-nord\/wp-json\/wp\/v2\/comments?post=3"}],"version-history":[{"count":5,"href":"https:\/\/www.ify.fr\/espace-nord\/wp-json\/wp\/v2\/pages\/3\/revisions"}],"predecessor-version":[{"id":848,"href":"https:\/\/www.ify.fr\/espace-nord\/wp-json\/wp\/v2\/pages\/3\/revisions\/848"}],"wp:featuredmedia":[{"embeddable":true,"href":"https:\/\/www.ify.fr\/espace-nord\/wp-json\/wp\/v2\/media\/324"}],"wp:attachment":[{"href":"https:\/\/www.ify.fr\/espace-nord\/wp-json\/wp\/v2\/media?parent=3"}],"curies":[{"name":"wp","href":"https:\/\/api.w.org\/{rel}","templated":true}]}}